{"id":1195,"date":"2021-04-04T13:34:36","date_gmt":"2021-04-04T12:34:36","guid":{"rendered":"https:\/\/www.gemeinsam-ammersee.de\/?page_id=1195"},"modified":"2021-10-12T17:45:56","modified_gmt":"2021-10-12T16:45:56","slug":"jahresbericht-2020","status":"publish","type":"page","link":"https:\/\/www.gemeinsam-ammersee.de\/?page_id=1195","title":{"rendered":"Jahresbericht 2020"},"content":{"rendered":"\n<div class=\"wp-block-group\"><div class=\"wp-block-group__inner-container is-layout-flow wp-block-group-is-layout-flow\">\n<div class=\"wp-block-group alignfull\"><div class=\"wp-block-group__inner-container is-layout-flow wp-block-group-is-layout-flow\">\n<p><strong>Jahresbericht 2020 zur Mitgliederversammlung am  21. Juli  2021<\/strong><\/p>\n\n\n\n<p>Der Beginn der Corona-Pandemie im M\u00e4rz hat auch in unserem Verein viele Ver\u00e4nderungen gebracht. Die geplante Jahreshauptversammlung am 18. M\u00e4rz haben wir auf den 29. Juli im Cafe Forster verlegt und da dann auch die Ehrungen von 11 Einzel- und 4 Familien-Gr\u00fcndungsmitgliedern und Neuwahlen durchf\u00fchren k\u00f6nnen. Hauptleidtragende waren vorallem unsere beiden Kinderparks in Utting und Greifenberg. <br><br>Mitte M\u00e4rz haben Gertraud Huber von unserer Nachbarschaftshilfe und ich innerhalb weniger Tage in Zusammenarbeit mit Armin Schmidt (EDEKA-Schondorf) einen t\u00e4glichen Lieferservice f\u00fcr \u00e4ltere Menschen ehrenamtlich auf die Beine gestellt<br> Das <strong>allgemeine Spenden<\/strong>aufkommen betrug 2020 gro\u00dfartige 44.165 \u20ac nach 2019 mit 35.440 \u20ac. Wie bisher spenden viele Menschen bewusst f\u00fcr Einrichtungen in unserer Region. Wir erhielten viele Spendenbetr\u00e4ge im zwei- bis dreistelligen Bereich, \u00fcber die wir uns sehr, sehr freuen. <br>Dazu hatten wir auch wieder einige Gro\u00dfspenden. Diese m\u00f6chte ich nach dem zeitlichen Ablauf vorstellen.<br> Im M\u00e4rz wurde der Frauenbund Schondorf aufgel\u00f6st. Das Restverm\u00f6gen von 518,66 \u20ac wurde uns vermacht. Wie in vielen Vorjahren unterst\u00fctzt die Bert-Fanselau-Stiftung unseren Verein, heuer mit tollen 10.000 \u20ac.<br>Im April hat uns die Sparkasse Landsberg aus dem \u201eReinertrag des PS-Sparens und Gewinnens\u201c 1.000 \u20ac \u00fcberwiesen.<br> Unsere Mitglieder Tanja N\u00e4ther und Diana Warner aus Schondorf haben mich auf die Aktion \u201eEin Herz f\u00fcr Helfer\u201c des Gewinn-Sparvereins der Sparda-Bank M\u00fcnchen e.V. aufmerksam gemacht. Die Teilnahme hat sich gelohnt mit einer Spende von 1.500 \u20ac. <br>Marius Merkle aus Schondorf und Wolfgang Scheitz aus Herrsching, beide Studenten, haben Ammersee-Stoffmasken regional n\u00e4hen lassen. Aus ihrem Erl\u00f6s bekamen wir  1.500 \u20ac. <br>Ende September organisierte dm die Aktion \u201eJetzt Herz zeigen\u201c. Von der Filiale an der Aum\u00fchle in Schondorf bekamen wir 673 \u20ac.<br> Im Laufe des Jahres spendeten 5  Mitmenschen jeweils 1.000 \u20ac.<br> Im Dezember \u00fcberwies uns Armin Schmidt (EDEKA-Schondorf) 1.000 \u20ac als Dank f\u00fcr den ehrenamtlichen Lieferservice von Mitte M\u00e4rz bis Ende September. Seit Oktober fahren wir im Rahmen eines 1 Euro-Jobs jeden Mittwochnachmittag \u00e4lteren B\u00fcrgern ihre Lebensmittelbestellungen nach Haus. <br>Ende des Monats kamen 5.000 \u20ac von der AXIA Bauprojekt GmbH aus Schondorf auf unser Konto. Dem Gesch\u00e4ftsf\u00fchrer, unserem Vereinsmitglied Georg Bechteler, allerbesten Dank.  Allen Spendern herzlichsten Dank f\u00fcr ihre finanzielle Hilfe. Zusammen mit den Mitgliedsbeitr\u00e4gen sind die Spenden die wichtigsten Einnahmen des Vereins und erm\u00f6glichen uns, viel Gutes zu tun. <br><strong>Zweckgebundene Spenden<\/strong> f\u00fchren wir seit 2017 im Kassenbericht separat auf. Sie sind f\u00fcr uns nur ein Durchlaufposten. Von der Gemeinde Schondorf erhielten wir im Dezember 3.500 \u20ac (die H\u00e4lfte vom eingeplanten Betrag f\u00fcr das ausgefallene Feuerwerk) um Schondorfer B\u00fcrgern zu helfen. Bisher bekam eine Person 300 \u20ac als Hilfe zum Lebensunterhalt. Von der Diessener Nachbarschaftshilfe erhielten wir 5.000 \u20ac um Diessener B\u00fcrgern zu helfen. 8 x bekamen Personen Bargeld und 4 x reduzierten oder erlie\u00dfen wir ihr Darlehen. <br><strong>Hilfeleistungen:<\/strong> <br>Mit diesem Schwerpunkt des Vereinszwecks besch\u00e4ftigt sich der Vorstand weiterhin intensiv. Auch hier sind wir auf Ihre Hilfe angewiesen. Wenn Sie in ihrem Umfeld Menschen kennen, die Hilfe brauchen, erz\u00e4hlen Sie ihnen bitte, wie von uns anonym und unb\u00fcrokratisch geholfen werden kann. <br>Insgesamt haben wir nach 2019 mit 37.725 \u20ac f\u00fcr die Hilfe im vergangenen Jahr 34.245 \u20ac aufgewendet. Auch bei uns nimmt die Altersarmut merklich zu, sowie die finanziellen Probleme von alleinerziehenden M\u00fcttern.  <br><strong>Einzelfallhilfe:<\/strong> Auszug von Ma\u00dfnahmen:<br> 6 x Stromnachzahlung geleistet 2.340 \u20ac      1 x Abwendung einer Pf\u00e4ndung 553 \u20ac <br>1 x Altschulden getilgt 586 \u20ac                              2 x R\u00fcckzahlungen an Familienkasse\/Jobcenter 770 \u20ac <br>1 x Zuzahlung f\u00fcr Krankenhausaufenthalt 100 \u20ac <br>2 x Mietkaution und Wohnungsm\u00fcllentsorgung 1.300 \u20ac <br>2 x Mietnebenkostennachzahlungen 1.100 \u20ac                 2 x Telefonrechnungen 899 \u20ac <br>30 x Einzelfallhilfe als Unterst\u00fctzung zum t\u00e4glichen Leben geleistet 9.850 \u20ac <br>4 x Kosten von Autoreparaturen 1.812 \u20ac <br>3 x Autohaftpflichtversicherung\/T\u00dcV\/Steuer 812 \u20ac <br> 3 x div. Arztrechnungen 1.078 \u20ac <br>1 x Medikamentenkostenzuschuss 300 \u20ac             1 x Fahrtkostenzuschuss 200 \u20ac <br><strong>Gekauft bzw. finanziert<\/strong> als Darlehen haben wir 2020: <br>6 Brillen = 1.130 \u20ac         3 Waschmaschinen = 1.200 \u20ac      1 x Heiz\u00f6l = 200 \u20ac <br>1 x Zuschuss f\u00fcr einen Autokauf = 500 \u20ac       1 x Kauf von M\u00f6beln = 174 \u20ac <br>2 K\u00fchlschr\u00e4nke = 400 \u20ac        1 PC + Drucker = 500 \u20ac      1 x Bettzubeh\u00f6r = 220 \u20ac <br>1 Per\u00fccke nach Krebserkrankung = 400 \u20ac           2 Bahncards = 355 \u20ac <br><strong>Wichtig<\/strong> ist uns auch die Hilfe zur Selbsthilfe. Wir haben 12 x Darlehen in H\u00f6he von insgesamt 10.457 \u20ac vergeben. 2019 waren es 21 x mit 23.572 \u20ac.<br> Im gro\u00dfen und ganzen erfolgen die R\u00fcckzahlungen planm\u00e4\u00dfig. Ein Risiko des Ausfalls besteht immer; sicher ist jedoch: Wir haben einem Menschen in seiner Not geholfen. Seit M\u00e4rz 2014 berichten wir immer am Ende des Monats im Ammersee-Kurier \u00fcber unsere Hilfeleistungen. Hier erfahren die Leser von anonym gel\u00f6sten F\u00e4llen inkl. des aufgewendeten Betrags. Der Redaktion herzlichen Dank daf\u00fcr. Seit 2015 berichtet auch der Kreisbote \u00fcber unsere Hilfeleistungen. Vielen Dank an Herrn Schwaiger. Seit l\u00e4ngerer Zeit berichtet auch Leo Ploner in seinem Schondorf.Blog \u00fcber uns.<br> <strong>Auslandsaktivit\u00e4ten:<\/strong><br> Im Rahmen unseres j\u00e4hrlichen Auslandsprojektes haben wir 800 \u20ac f\u00fcr den Kauf eines Naks (weiblicher Yak) f\u00fcr eine alleinerziehende Frau in Nepal ausgegeben<br> <strong>Finanzielle Situation:<\/strong> <br>Vereinsverm\u00f6gen am 01.01.2020: 91.557,51 \u20ac, am 31.12.2020: 103.675,01 \u20ac.<br>Unser Verein liegt wieder bei Einnahmen und Ausgaben \u00fcber 130.000 \u20ac und unsere Buchf\u00fchrung wird immer umfangreicher. Herzlichen Dank an Frau Schubert f\u00fcr ihre professionelle, ehrenamtliche Arbeit. Hier m\u00f6chte ich gleich noch erw\u00e4hnen, dass unsere Verwaltungskosten 2020, wie in vielen Jahren vorher, wieder bei nur rund 2,4 % liegen. Ein weit unter dem Durchschnitt liegender Satz f\u00fcr Vereine. <br><strong>Stiftung Gemeinsam:<\/strong> <br>2020 haben wir 3.470 \u20ac an Spenden bekommen. Darunter eine sehr gro\u00dfz\u00fcgige, anonyme Spende. Au\u00dferdem veranstaltete der TSV Schondorf wieder ein Hallen-Jugend-Fu\u00dfballturnier mit einem Erl\u00f6s von 506 \u20ac. Die Lottobezirksstelle Michael Vivell, Landsberg, hat uns 1.000 \u20ac gespendet. Herzlichsten Dank allen Spendern. <br>Unser Stiftungskapital w\u00e4chst nur sehr langsam weiter und \u00fcbersteigt 100.000 \u20ac. Wegen der aktuellen Zinspolitik fallen jedoch nur geringe Ertr\u00e4ge an. Wir freuen uns \u00fcber Zustiftungen jeder Art.<br>Wir haben in 12 F\u00e4llen mit insgesamt 3.851 \u20ac Menschen in Not geholfen. <br><strong>VR-Bank:<\/strong> Im Juli 2019 verdoppelten wir unsere Anteile auf 16 St\u00fcck = 960 \u20ac. Die aktuelle Verzinsung mit 3 % ist in der heutigen Zeit sehr gut. <br><strong>Gepa:<\/strong> (Fair Handelshaus Bayern) hier besitzen wir 12 Anteile zu je 50 \u20ac. Sie sind ohne Verzinsung, dienen aber einem guten Zweck. <br><strong>Mitgliederentwicklung: <\/strong> <br>2020 hatten wir 24 Neuanmeldungen und 9 K\u00fcndigungen, 5 wegen Wegzug und 4 wegen Todesfall.  Stand 31. 12. 2020 :   312 Mitglieder  <br>Neuen Ideen, wie wir Mitglieder gewinnen k\u00f6nnen (die uns langfristig treu bleiben), stehen wir immer offen gegen\u00fcber.  <br><strong>Aktivit\u00e4ten<\/strong>:<br> Seit 2015 h\u00e4ngt eine gro\u00dfe Werbetafel mit unserem Logo in der Uttinger Stra\u00dfe gegen\u00fcber der Einfahrt Am Eichet. Dem Hausbesitzer Arnold Dick ein herzliches Dankesch\u00f6n. Die symbolische Miete sind 2 Flaschen guter Rotwein. Eingeladen waren wir beim Neujahrsempfang der Gemeinde Die\u00dfen, beim \u00f6kumenischen Jahresempfang in Utting und beim Neub\u00fcrgerempfang in Schondorf. Diese Treffen bringen gute Kontakte und dienen unserer Bekanntheit. <br>Alle weiteren geplanten Veranstaltungen fanden im restlichen Jahr auf Grund der aktuellen Situation nicht mehr statt. In der Weihnachtsausgabe des AK haben wir uns in einem Inserat bei allen Spendern, Helfern und Mitgliedern f\u00fcr ihre Unterst\u00fctzung bedankt. <br><strong>Kontakte<\/strong>  gekn\u00fcpft haben wir seit l\u00e4ngerem mit \u201eB\u00fcrger verm\u00f6gen viel\u201c. Jedesmal wenn Sie im Gesch\u00e4ft die B\u00fcrgerkarte beim Bezahlen vorlegen, bekommen wir 1,8 % vom Umsatz gutgeschrieben. Einige teilnehmende Firmen finden Sie auf dem Flyer, alle teilnehmenden Betriebe auf der Internetseite: www.buerger-vermoegen-viel.de Hier k\u00f6nnen Sie sehr gut GEMEINSAM helfen Einnahmen zu erzielen.    Die sozialen Vereine am Ammersee Westufer tauschen ihre gemeinsamen Interessen und Einladungen zu Vortr\u00e4gen regelm\u00e4\u00dfig aus. <br><strong>Wie<\/strong> in den letzten 10 Jahren wollten wir uns mit unseren Besch\u00e4ftigten und den         Ehrenamtlichen auch im Januar 2021 wieder zum Essen treffen. Es ist Dank und Anerkennung f\u00fcr unsere Mitarbeiter. Coronabedingt  m\u00f6chten wir dies im Sommer nachholen. <br><strong>Sozialmobil:<\/strong> <br>Seit Jahren viele Eins\u00e4tze: 2020 mit 28.782 km   987 Fahrten.              <br>                                                       2019 mit 29.240 km 1094 Fahrten. <br>Sozialcard Inhaber\/innen fahren zum halben Preis. Seit 2011 fahren wir jeden Mittwoch auch Personen aus Eching, Utting und Schondorf zur Diessener Tafel, selbstverst\u00e4ndlich kostenlos. Dazu liefern wir verschiedenen B\u00fcrgern ihre Lebensmittel von der Tafel ins Haus. Das Sozialmobil ist wie bisher von Montag bis Freitag von 8 \u2013 17 Uhr unter der Mobilnummer 0170-8961302 erreichbar. <br> Unfallbedingt mussten wir Anfang Februar einen drei Jahre alten Ford Kuga kaufen. Besten Dank den Firmen: EDEKA Schmidt, Maler Forster, La Delikatezza Krinner, Firma Schubert, Metzgerei Gall und Stiftung GEMEINSAM f\u00fcr ihre Werbung auf unserem Auto.<br><strong>Arbeitsplatz Sozialmobil: <\/strong><br>Seit 1. Oktober 2014 ist Gunnar Hannich aus Diessen unser Fahrer. Nach Ende der halbj\u00e4hrigen Probezeit haben wir ihm einen unbefristeten Arbeitsvertrag gegeben.  Seine Vertretung ist weiterhin Oskar Bradler aus Diessen und Horst-Eberhard Dolle aus Schondorf. Neben den Gemeinden Schondorf, Greifenberg, Eching, Utting, Diessen und Windach beteiligen sich Wilfried Huber (Karwendelwerke Exquisa), die Bert-Fanselau-Stiftung und die Stiftung GEMEINSAM mit insgesamt 20.350 \u20ac an den Personalkosten. Wir bedanken uns f\u00fcr die jahrelange Unterst\u00fctzung bei allen Beteiligten! Die Restsumme von 15.300 \u20ac tr\u00e4gt der Verein GEMEINSAM. <br>Folgende Aussage mache ich schon viele Jahre, wiederhole sie aber immer wieder sehr gerne: Es ist gut, wenn es viele gemeinde\u00fcbergreifende Projekte\/Stellen gibt. Wobei klar ist, dass nicht immer jeder Beteiligte entsprechend seinem finanziellen Anteil die dazugeh\u00f6rige Gegenleistung bekommt. Wichtig ist, dass die gesamte Region von diesen Aktivit\u00e4ten profitiert. <br><strong>Seniorenarbeit:<\/strong> <br>Unsere Seniorenarbeit besteht vor allem aus den Fahrten mit dem Sozialmobil, der finanziellen Unterst\u00fctzung in vielen Einzelf\u00e4llen und der Nachbarschaftshilfe in Schondorf. <br><strong>Jugendarbeit:<\/strong> <br>Auf Anfrage leisten wir projektbezogene Zusch\u00fcsse. Laufende Beteiligung von 1.000 \u20ac besteht beim Jugendleiterprojekt der evangelischen Kirche in Utting. Der auf 5 Jahre geschlossene Vertrag endete 2018. Wir haben beschlossen, das Projekt f\u00fcr weitere 5 Jahre bis 2023 zu unterst\u00fctzen. <br><strong>Fl\u00fcchtlingshilfe: <\/strong><br>F\u00fcr die Betreuung gibt es viele Ehrenamtliche im Netzwerk Asyl. 3 Darlehensantr\u00e4ge  kamen \u00fcber Vermittlung von Anne Pfefferkorn, VG Schondorf. Wir gew\u00e4hrten insgesamt 2.300 \u20ac, die R\u00fcckzahlungen laufen planm\u00e4\u00dfig.<br><strong>Kinderparks: <\/strong><br> betreiben wir zur Zeit in Utting und Greifenberg. Ab 15. M\u00e4rz mussten wir den Betrieb coronabedingt einstellen. In Utting starteten wir im Oktober neu. Ende Oktober war bereits wieder Schluss.<br><strong>Nachbarschaftshilfe Schondorf:  <\/strong><br>Die Nachbarschaftshilfe in Schondorf ist seit Anfang 2014 mit durchschnittlich               10 ehrenamtlichen Mitarbeitern unter Leitung von Gertraud Huber und Peter Raithel im Einsatz, um Menschen im Alltag und in Notlagen zu unterst\u00fctzen. Wir besuchen einige \u00e4ltere Menschen regelm\u00e4\u00dfig zur Unterhaltung, zum gemeinsamen Einkaufen und leisten Gesellschaft bei Ausfl\u00fcgen. Wir unterst\u00fctzen einen \u00e4lteren Herrn im Altersheim bei allen b\u00fcrokratischen Angelegenheiten. Wir sind auch t\u00e4tig bei der Suche nach Hilfeleistungen im Bereich Familienhilfe und vieles mehr. <br><strong>Freiwilligentag:<\/strong> <br>Der n\u00e4chste Freiwilligentag des Landkreises Landsberg findet voraussichtlich 2021 statt.  2019 machten wir ein Ramadama in den Seeanlagen von Schondorf und im Weingarten. 2016 wurde die Friedhofsmauer in Schondorf au\u00dfen komplett gestrichen und 2014 hatten wir den Spielplatz im Griesfeld hergerichtet.  <br><strong>Unsere Webseite www.gemeinsam-ammersee.de<\/strong> <br> ist ein sehr wichtiges Medium. Sie wurde 2020 monatlich rund 4.400 x aufgerufen. Auf Facebook sind wir seit Dezember 2013 mit Stiftung und Verein GEMEINSAM vertreten. <br><strong>Versicherungen:<\/strong> <br> Bei unserem Versicherungspartner Ecclesia haben wir eine Betriebshaftpflichtversicherung f\u00fcr unsere Kinderparks und die Nachbarschaftshilfe.  Der Schl\u00fcsselverlust f\u00fcr die Schlie\u00dfanlagen der Kinderparks \u2013 wir sind in den R\u00e4umen nur Mieter \u2013 ist ebenfalls versichert. Seit 2014 haben wir den Versicherungsschutz f\u00fcr alle vorher genannten T\u00e4tigkeitsfelder um eine Dienstreise-Versicherung mit Mindestumfang von 20.000 km Jahresleistung erweitert. Au\u00dferdem haben wir die Pflichtmitgliedschaft bei der Berufsgenossenschaft f\u00fcr Gesundheitsdienst und Wohlfahrtspflege. Insgesamt machen die Versicherungsbeitr\u00e4ge rund 1\/3 unserer Betriebskosten aus.<br><strong>Haushaltsplan 2021: <\/strong> Ein positives Ergebnis ist wieder zu erwarten, vor allem wenn wir Dank Ihnen weiter ein so gutes Spendenaufkommen haben. 2020 wollten wir unser 25j\u00e4hriges Vereins- und 10j\u00e4hriges Stiftungsjubil\u00e4um mit mehreren Aktionen \u00fcbers ganze Jahr verteilt feiern. Diese sind:   <br>            Konzert Modern Voices aus Schondorf <br>            Konzert Maggie Jane aus Greifenberg <br>             Lesung Michaela May aus M\u00fcnchen,  Thema: offen <br>             Lesung Dr. Inga Persson aus Diessen, Thema: Krimi <br>Hoffentlich kommen wir heuer in die gl\u00fcckliche Lage dies nachzuholen. <br>Seit Oktober 2020 fahren wir im Rahmen eines 1 Euro-Jobs jeden Mittwochnachmittag \u00e4lteren B\u00fcrgern ihre Lebensmittelbestellungen nach Haus und setzen diesen Service weiter fort. Finanziert wird die Anstellung auf ungew\u00f6hnliche Art: Armin Schmidt (EDEKA-Schondorf) hat links neben seinem Leergutautomat einen Briefkasten. Hier k\u00f6nnen die Kunden die Leergutbons einwerfen und wir \u201eernten\u201c den Ertrag! <br><br><strong>Ich danke allen unseren Mitarbeitern\/innen und meinem Vorstandsteam f\u00fcr die ausgezeichnete gemeinsame Arbeit.<\/strong><\/p>\n<\/div><\/div>\n<\/div><\/div>\n\n\n\n<figure class=\"wp-block-image size-large is-resized\"><img loading=\"lazy\" decoding=\"async\" src=\"https:\/\/www.gemeinsam-ammersee.de\/wp-content\/uploads\/2021\/04\/grafik.png\" alt=\"\" class=\"wp-image-1208\" width=\"218\" height=\"74\" srcset=\"https:\/\/www.gemeinsam-ammersee.de\/wp-content\/uploads\/2021\/04\/grafik.png 435w, https:\/\/www.gemeinsam-ammersee.de\/wp-content\/uploads\/2021\/04\/grafik-300x101.png 300w\" sizes=\"auto, (max-width: 218px) 100vw, 218px\" \/><\/figure>\n\n\n\nPeter Raithel    \t\t\t\t\t\t\n1. Vorsitzender\n\n\n\n<div class=\"wp-block-media-text alignwide is-stacked-on-mobile\" style=\"grid-template-columns:35% auto\"><figure class=\"wp-block-media-text__media\"><img loading=\"lazy\" decoding=\"async\" width=\"1024\" height=\"330\" src=\"https:\/\/www.gemeinsam-ammersee.de\/wp-content\/uploads\/2021\/04\/grafik-1-1024x330.png\" alt=\"\" class=\"wp-image-1209 size-full\" srcset=\"https:\/\/www.gemeinsam-ammersee.de\/wp-content\/uploads\/2021\/04\/grafik-1-1024x330.png 1024w, https:\/\/www.gemeinsam-ammersee.de\/wp-content\/uploads\/2021\/04\/grafik-1-300x97.png 300w, https:\/\/www.gemeinsam-ammersee.de\/wp-content\/uploads\/2021\/04\/grafik-1-768x248.png 768w, https:\/\/www.gemeinsam-ammersee.de\/wp-content\/uploads\/2021\/04\/grafik-1-1536x495.png 1536w, https:\/\/www.gemeinsam-ammersee.de\/wp-content\/uploads\/2021\/04\/grafik-1.png 2038w\" sizes=\"auto, (max-width: 1024px) 100vw, 1024px\" \/><\/figure><div class=\"wp-block-media-text__content\">\nSpendenkonto bei der Sparkasse\nDE08 7005 2060 0000 1555\n<\/div><\/div>\n\n\n\n<p><\/p>\n","protected":false},"excerpt":{"rendered":"<p>Jahresbericht 2020 zur Mitgliederversammlung am 21. Juli 2021 Der Beginn der Corona-Pandemie im M\u00e4rz hat auch in unserem Verein viele Ver\u00e4nderungen gebracht. Die geplante Jahreshauptversammlung am 18. M\u00e4rz haben wir auf den 29. Juli im Cafe Forster verlegt und da dann auch die Ehrungen von 11 Einzel- und 4 Familien-Gr\u00fcndungsmitgliedern und Neuwahlen durchf\u00fchren k\u00f6nnen. Hauptleidtragende &hellip; <a href=\"https:\/\/www.gemeinsam-ammersee.de\/?page_id=1195\" class=\"more-link\"><span class=\"screen-reader-text\">Jahresbericht 2020<\/span> weiterlesen <span class=\"meta-nav\">&rarr;<\/span><\/a><\/p>\n","protected":false},"author":3,"featured_media":0,"parent":0,"menu_order":0,"comment_status":"closed","ping_status":"closed","template":"","meta":{"footnotes":""},"class_list":["post-1195","page","type-page","status-publish","hentry"],"_links":{"self":[{"href":"https:\/\/www.gemeinsam-ammersee.de\/index.php?rest_route=\/wp\/v2\/pages\/1195","targetHints":{"allow":["GET"]}}],"collection":[{"href":"https:\/\/www.gemeinsam-ammersee.de\/index.php?rest_route=\/wp\/v2\/pages"}],"about":[{"href":"https:\/\/www.gemeinsam-ammersee.de\/index.php?rest_route=\/wp\/v2\/types\/page"}],"author":[{"embeddable":true,"href":"https:\/\/www.gemeinsam-ammersee.de\/index.php?rest_route=\/wp\/v2\/users\/3"}],"replies":[{"embeddable":true,"href":"https:\/\/www.gemeinsam-ammersee.de\/index.php?rest_route=%2Fwp%2Fv2%2Fcomments&post=1195"}],"version-history":[{"count":19,"href":"https:\/\/www.gemeinsam-ammersee.de\/index.php?rest_route=\/wp\/v2\/pages\/1195\/revisions"}],"predecessor-version":[{"id":1310,"href":"https:\/\/www.gemeinsam-ammersee.de\/index.php?rest_route=\/wp\/v2\/pages\/1195\/revisions\/1310"}],"wp:attachment":[{"href":"https:\/\/www.gemeinsam-ammersee.de\/index.php?rest_route=%2Fwp%2Fv2%2Fmedia&parent=1195"}],"curies":[{"name":"wp","href":"https:\/\/api.w.org\/{rel}","templated":true}]}}