{"id":1417,"date":"2022-07-03T20:13:33","date_gmt":"2022-07-03T19:13:33","guid":{"rendered":"https:\/\/www.gemeinsam-ammersee.de\/?page_id=1417"},"modified":"2022-07-03T21:55:28","modified_gmt":"2022-07-03T20:55:28","slug":"jahresbericht-2021","status":"publish","type":"page","link":"https:\/\/www.gemeinsam-ammersee.de\/?page_id=1417","title":{"rendered":"Jahresbericht 2021"},"content":{"rendered":"\n<p><strong>Jahresbericht 2021 zur Mitgliederversammlung am 6. Juli 2022<\/strong><\/p>\n\n\n\n<p> Der Beginn der Corona-Pandemie im M\u00e4rz 2020 hat auch in unserem Verein viele Ver\u00e4nderungen gebracht. Hauptleidtragende sind vor allem unsere beiden Kinderparks in Utting und Greifenberg.<br>Die Jahreshauptversammlung fand am 21. Juli 2021 im Cafe Forster, Schondorf statt.  <br>Das <strong>allgemeine Spendenaufkommen<\/strong> betrug 2021 gro\u00dfartige 51.689 \u20ac nach 2020 mit 44.165 \u20ac. Wie bisher spenden viele Menschen bewusst f\u00fcr Einrichtungen in unserer Region. Wir erhielten viele Spendenbetr\u00e4ge im zwei- und dreistelligen Bereich, \u00fcber die wir uns sehr, sehr freuen.<br>Dazu hatten wir auch wieder einige Gro\u00dfspenden. Diese m\u00f6chte ich nach dem zeitlichen Ablauf vorstellen.<br>Im Februar wurde bei einer Beerdigung um Spenden f\u00fcr uns gebeten. Insgesamt ergaben viele kleine Spenden 3.200 \u20ac.<br>Im Juni bekamen wir von der Gemeinde Diessen 1.500 \u20ac als einmaligen Zuschuss f\u00fcr die Fahrten zum Impfzentrum Penzing. <br>Im Oktober erhielten wir von der Sparkassenstiftung im Rahmen ihrer 1 \u20ac-Aussch\u00fcttung auf Vorschlag von Bgm   Herrmann 800 \u20ac. <br>Im Laufe des Jahres spendeten 18 Personen Betr\u00e4ge \u00fcber 500 \u20ac, 3 Mitmenschen jeweils 1.000 \u20ac und 1 x erhielten wir 2.000 \u20ac <br>Wie in vielen Vorjahren unterst\u00fctzt die Bert-Fanselau-Stiftung unseren Verein, heuer mit tollen 15.000 \u20ac.<br>Ende Dezember kamen 5.000 \u20ac von der AXIA Bauprojekt GmbH aus Schondorf, Gesch\u00e4ftsf\u00fchrer ist unser Vereinsmitglied Georg Bechteler, auf unser Konto.  <br>Allen Spendern herzlichsten Dank f\u00fcr ihre finanzielle Hilfe. Zusammen mit den Mitgliedsbeitr\u00e4gen sind die Spenden die wichtigsten Einnahmen des Vereins und erm\u00f6glichen uns, viel Gutes zu tun. <br><strong>Zweckgebundene Spenden<\/strong> f\u00fchren wir seit 2017 im Kassenbericht separat auf. Sie sind f\u00fcr uns nur ein Durchlaufposten. Von der Gemeinde Schondorf erhielten wir im Dezember  2020 3.500 \u20ac (die H\u00e4lfte vom eingeplanten Betrag f\u00fcr das ausgefallene Feuerwerk) um Schondorfer B\u00fcrgern zu helfen. Bis Ende 2021 haben wir davon 2.600 \u20ac f\u00fcr 10 Personen ausgegeben. Von der Diessener Nachbarschaftshilfe erhielten wir 4.000 \u20ac um Diessener B\u00fcrgern zu helfen. 10 x bekamen Personen Bargeld und 3 x reduzierten oder erlie\u00dfen wir ihnen ihr Darlehen.<br><strong>Hilfeleistungen:<\/strong> <br>Mit diesem Schwerpunkt des Vereinszwecks besch\u00e4ftigt sich der Vorstand weiterhin intensiv. Auch hier sind wir auf Ihre Hilfe angewiesen. Wenn Sie in ihrem Umfeld Menschen kennen, die Hilfe brauchen, erz\u00e4hlen Sie ihnen bitte, wie von uns anonym und unb\u00fcrokratisch geholfen werden kann.<br>Insgesamt haben wir nach 2020 mit 34.425 \u20ac f\u00fcr die Hilfe im vergangenen Jahr mit 42.000 \u20ac erheblich mehr aufgewendet. Auch bei uns nimmt die Altersarmut merklich zu, sowie die finanziellen Probleme von alleinerziehenden M\u00fcttern.  <br><strong>Einzelfallhilfe:<\/strong> Auszug von Ma\u00dfnahmen:<br>7 x Stromnachzahlung geleistet 2.680 \u20ac                     1 x R\u00fcckzahlung an Jobcenter 204 \u20ac<br> 2 x Mietkaution 914 \u20ac                                                          4 x Mieten 1.710 \u20ac<br>1 x Container f\u00fcr M\u00fcllentsorgung 510 \u20ac                       2 x Mietnebenkostennachzahlungen 1.300 \u20ac<br>6 x Kosten f\u00fcr Autoreparaturen 2.520 \u20ac                        2 x Autohaftpflichtversicherung 560 \u20ac  <br>2 x Zahnarztrechnungen 790 \u20ac                                         1 x Fahrtkostenzuschuss 150 \u20ac<br> 3 x Darlehen f\u00fcr F\u00fchrerscheinausbildung 5.500 \u20ac                    2 x Klassenfahrten 280 \u20ac <br>31 x Einzelfallhilfe als Unterst\u00fctzung zum t\u00e4glichen Leben geleistet 15.600 \u20ac <br>4 x Essen der Mittagsbetreuung f\u00fcr ein Schuljahr 2.200 \u20ac<br><strong>Gekauft bzw. finanziert<\/strong> als Darlehen haben wir 2021: <br>1 Brille  350 \u20ac                 2 Waschmaschinen  630 \u20ac                         2 x Heiz\u00f6l  840 \u20ac <br>1 x Zuschuss f\u00fcr einen Autokauf  900 \u20ac                                            5 x Kauf von M\u00f6beln  1.800 \u20ac<br>1 Laptop  120 \u20ac             1 Matratze  300 \u20ac                                           2 x Bahncard  228 \u20ac<br> 1 x Kleidung  300 \u20ac     1 Inhalationsger\u00e4t  300 \u20ac                           1 Lastenfahrradzuschuss  1.000 \u20ac <\/p>\n\n\n\n<p>    <strong>Wichtig<\/strong> ist uns auch die Hilfe zur Selbsthilfe. Insgesamt haben wir damit 13 Darlehen in H\u00f6he von 13.400 \u20ac vergeben. 2020 waren es 12 mit 10.457 \u20ac. <br>Im gro\u00dfen und ganzen erfolgen die R\u00fcckzahlungen planm\u00e4\u00dfig. Ein Risiko des Ausfalls besteht immer; sicher ist jedoch: Wir haben einem Menschen in seiner Not geholfen.<br>Seit M\u00e4rz 2014 berichten wir immer am Ende des Monats im Ammersee-Kurier \u00fcber unsere Hilfeleistungen. Hier erfahren die Leser von anonym gel\u00f6sten F\u00e4llen inkl. des aufgewendeten Betrags. Der Redaktion herzlichen Dank daf\u00fcr.   <br>Leider wurde dieser Service zum Ende des Jahres eingestellt.<br>Seit 2015 berichtet auch der Kreisbote \u00fcber unsere Hilfeleistungen. Vielen Dank an Herrn Schwaiger. Seit l\u00e4ngerer Zeit berichtet auch Leo Ploner in seinem Schondorf.Blog \u00fcber uns.<br><strong>Auslandsaktivit\u00e4ten:<\/strong><br>Im Rahmen unseres j\u00e4hrlichen Auslandsprojektes haben wir 500 \u20ac f\u00fcr das Projekt                                 \u201eEin Dollar Brille\u201c ausgegeben. <br><strong>Finanzielle Situation:<\/strong><br>Vereinsverm\u00f6gen              am 01.01.2021: 103.675,01 \u20ac,             am 31.12.2021: 120.379,42 \u20ac.<br>Unser Verein liegt bei Einnahmen und Ausgaben \u00fcber 150.000 \u20ac und unsere Buchf\u00fchrung wird immer umfangreicher. Herzlichen Dank an Frau Schubert f\u00fcr ihre professionelle, ehrenamtliche Arbeit. Hier m\u00f6chte ich gleich noch erw\u00e4hnen, dass unsere Verwaltungskosten 2021, wie in vielen Jahren vorher, wieder bei nur rund 2 % liegen. Ein weit unter dem Durchschnitt liegender Satz f\u00fcr Vereine.  <br><strong>Stiftung Gemeinsam:<\/strong><br>2021 haben wir 2.109 \u20ac an Spenden bekommen, u. a. von der Lottobezirksstelle                    Michael Vivell, Landsberg, 1.000 \u20ac. Herzlichsten Dank allen Spendern.<br>Unser Stiftungskapital w\u00e4chst nur sehr langsam weiter und \u00fcbersteigt jetzt 100.000 \u20ac. <br>Wegen der aktuellen Zinspolitik fallen auch nur ganz geringe Ertr\u00e4ge an.  Wir freuen uns \u00fcber <strong>Zustiftungen<\/strong> jeder Art.<br>Wir haben in 4 F\u00e4llen mit 333 \u20ac insgesamt Menschen in Not geholfen.<br><strong>VR-Bank:<\/strong> Im Juli 2019 verdoppelten wir unsere Anteile auf 16 St\u00fcck = 960 \u20ac. <br>Die aktuelle Verzinsung mit 2 % ist in der heutigen Zeit sehr gut. <br><strong>Gepa:<\/strong> (Fair Handelshaus Bayern) hier besitzen wir 12 Anteile zu je 50 \u20ac. Sie sind ohne Verzinsung, dienen aber einem guten Zweck.<br><strong>Mitgliederentwicklung:<\/strong>  <br>2021 hatten wir 16 Neuanmeldungen und 12 K\u00fcndigungen, 1 wegen Wegzug und 8 wegen Todesfall.                                     Stand 31. 12. 2021 :  316 Mitglieder  <br>Neuen Ideen, wie wir Mitglieder gewinnen k\u00f6nnen (die uns langfristig treu bleiben), stehen wir immer offen gegen\u00fcber. <br><strong>Aktivit\u00e4ten:<\/strong> <br>Seit 2015 h\u00e4ngt eine gro\u00dfe Werbetafel mit unserem Logo in der Uttinger Stra\u00dfe gegen\u00fcber der Einfahrt Am Eichet. Dem Hausbesitzer Arnold Dick ein herzliches Dankesch\u00f6n. Die symbolische Miete sind 2 Flaschen guter Rotwein.<br>Am Samstag vor dem Muttertag verteilten wir Rosen, die uns Armin Schmidt vom Schondorfer EDEKA gespendet hat. <br>Im Juli haben wir mit einem Stand beim EDEKA-Schondorf f\u00fcr unsere Aktion \u201eLeergutbons\u201c geworben.<br>Im Oktober waren wir in Utting bei der 20Jahr-Feier der Brodmerkel-Stiftung Utting eingeladen. Diese unterst\u00fctzt uns bei finanziell gr\u00f6\u00dferen Notf\u00e4llen.<br>Alle weiteren geplanten Veranstaltungen fanden auf Grund der Pandemie nicht mehr statt.<br>In der Weihnachtsausgabe des AK haben wir uns in einem Inserat bei allen Spendern, Helfern und Mitgliedern f\u00fcr ihre Unterst\u00fctzung bedankt.<br><strong>Seit<\/strong> Anfang des Jahres haben wir mit der Schondorfer Buchhandlung Timbooktu eine Kooperation. Wir finanzieren den Druck der Lesezeichen, die auf der R\u00fcckseite unser Logo   abbilden. 2.500 St\u00fcck f\u00fcr knapp 100 \u20ac, eine sehr g\u00fcnstige Werbema\u00dfnahme. In jedem verkauften Buch liegt ein Lesezeichen.<br><strong>Ende<\/strong> Dezember erhielten wir unseren neuen Vereins-Flyer. Einen besonderen Dank der Schondorfer Neub\u00fcrgerin Simone Kraus. Ehrenamtlich hat sie uns bei der Erstellung geholfen und die Erstauflage von 1.000 St\u00fcck gespendet.  <br><strong>Kontakte<\/strong>  gekn\u00fcpft haben wir seit l\u00e4ngerem mit \u201eB\u00fcrger verm\u00f6gen viel\u201c. <br>Jedesmal wenn Sie im Gesch\u00e4ft die B\u00fcrgerkarte beim Bezahlen vorlegen, bekommen wir 1,8 % vom Umsatz gutgeschrieben. Einige teilnehmende Firmen finden Sie auf dem Flyer, alle teilnehmenden Betriebe auf der Internetseite: www.buerger-vermoegen-viel.de Hier k\u00f6nnen Sie sehr gut GEMEINSAM helfen Einnahmen zu erzielen. 2021 = 281,49 \u20ac<br>Die sozialen Vereine am Ammersee Westufer tauschen ihre gemeinsamen Interessen und Einladungen zu Vortr\u00e4gen regelm\u00e4\u00dfig aus.<br><strong>Unsere Besch\u00e4ftigten und alle Ehrenamtlichen<\/strong> haben wir wie in den letzten 11 Jahren im Oktober 2021 wieder zum Essen eingeladen. Dieses Mal beim Wangerbauer in Painhofen. Es ist Dank und Anerkennung f\u00fcr unsere Mitarbeiter. Die Kosten des Abends beliefen sich auf 440,&#8211; \u20ac.<br><strong>Sozialmobil:<\/strong> <br>Seit Jahren viele Eins\u00e4tze:  2021 mit 29.100 km  736 Fahrten.          <br>                                                        2020 mit 28.782 km   987 Fahrten. <br>Sozialcard Inhaber\/innen fahren zum halben Preis. Seit 2011 fahren wir jeden Mittwoch auch Personen aus Eching, Utting und Schondorf zur Diessener Tafel, selbstverst\u00e4ndlich kostenlos. Pandemiebedingt liefern wir zur Zeit verschiedenen B\u00fcrgern ihre Lebensmittel ins Haus. Das Sozialmobil ist wie bisher von Montag bis Freitag von 8 \u2013 17 Uhr unter der Mobilnummer 0170-8961302 erreichbar.  <br>Besten Dank den Firmen EDEKA Schmidt, Maler Forster, La Delikatezza Krinner, Firma Schubert, Metzgerei Gall und Stiftung GEMEINSAM f\u00fcr ihre Werbung auf unserem Auto. <br><strong>Arbeitsplatz Sozialmobil:<\/strong> <br>Seit 1. Oktober 2014 ist Gunnar Hannich aus Diessen unser Fahrer. Nach Ende der halbj\u00e4hrigen Probezeit haben wir ihm einen unbefristeten Arbeitsvertrag gegeben.  Erfreulicherweise haben wir eine neue Vertretung mit Linda Erntl aus Schondorf gefunden. Neben den Gemeinden Schondorf, Greifenberg, Eching, Utting, Diessen und Windach beteiligen sich Wilfried Huber (Karwendelwerke Exquisa) und die Bert-Fanselau-Stiftung mit insgesamt 18.550 \u20ac an den Personalkosten. Wir bedanken uns f\u00fcr die jahrelange Unterst\u00fctzung bei allen Beteiligten! Die Restsumme von 17.467 \u20ac tr\u00e4gt der Verein GEMEINSAM. <br>Folgende Aussage mache ich schon viele Jahre, wiederhole sie aber immer wieder sehr gerne: Es ist gut, wenn es viele gemeinde\u00fcbergreifende Projekte\/Stellen gibt. Wobei klar ist, dass nicht immer jeder Beteiligte entsprechend seinem finanziellen Anteil die dazugeh\u00f6rige Gegenleistung bekommt. Wichtig ist, dass die gesamte Region von diesen Aktivit\u00e4ten profitiert. <br>      <strong>Seniorenarbeit:<\/strong> <br>Unsere Seniorenarbeit besteht vor allem aus den Fahrten mit dem Sozialmobil, der finanziellen Unterst\u00fctzung in vielen Einzelf\u00e4llen, der Nachbarschaftshilfe in Schondorf und  dem Aufbau der niederschwelligen Betreuung im Projekt GEMEINSAM F\u00dcREINANDER DA. N\u00e4heres auf Seite 4 unter \u201eneues Projekt\u201c. <br><strong>Jugendarbeit:<\/strong> <br>Auf Anfrage leisten wir projektbezogene Zusch\u00fcsse. <br>Laufende Beteiligung von 1.000 \u20ac besteht beim Jugendleiterprojekt der evangelischen Kirche in Utting. Der auf 5 Jahre geschlossene Vertrag endet 2023.  <br><strong>Fl\u00fcchtlingshilfe:<\/strong> <br>F\u00fcr die Betreuung gibt es viele Ehrenamtliche im Netzwerk Asyl. Drei Darlehensantr\u00e4ge  kamen \u00fcber Vermittlung von Anne Pfefferkorn, VG Schondorf. Wir gew\u00e4hrten insgesamt <br>1.100 \u20ac,  die R\u00fcckzahlungen laufen planm\u00e4\u00dfig. <br><strong>Kinderparks:<\/strong>  <br>betreiben wir in Utting und Greifenberg. Ab 15. M\u00e4rz 2020 mussten wir den Betrieb coronabedingt einstellen. In Greifenberg starteten wir 2021 im Oktober neu. Ende November war bereits wieder Schluss. In Utting war nach dem Gro\u00dfbrand noch kein Neustart m\u00f6glich. <br>Der Kinderpark in Windach er\u00f6ffnete im November wieder. <br><strong>Nachbarschaftshilfe Schondorf:<\/strong>  <br>Die Nachbarschaftshilfe in Schondorf ist seit Anfang 2014 mit durchschnittlich                                        10 ehrenamtlichen Mitarbeitern unter Leitung von Gertraud Huber und Peter Raithel im Einsatz, um Menschen im Alltag und in Notlagen zu unterst\u00fctzen. Wir besuchen einige \u00e4ltere Menschen regelm\u00e4\u00dfig zur Unterhaltung, zum gemeinsamen Einkaufen und leisten Gesellschaft bei Ausfl\u00fcgen. Wir unterst\u00fctzen einen \u00e4lteren Herrn im Altersheim bei allen b\u00fcrokratischen Angelegenheiten. Wir sind auch t\u00e4tig bei der Suche nach Hilfeleistungen im Bereich Familienhilfe und vieles mehr. <br>Seit Oktober 2020 fahren wir im Rahmen eines 1 Euro-Jobs jeden Mittwochnachmittag \u00e4lteren B\u00fcrgern ihre Lebensmittelbestellungen nach Haus und setzen diesen Service weiter fort. Finanziert wird die Anstellung auf ungew\u00f6hnliche Art: Armin Schmidt (EDEKA-Schondorf) hat links neben seinem Leergutautomat einen Briefkasten. Hier k\u00f6nnen die Kunden die Leergutbons einwerfen und wir \u201eernten\u201c den Ertrag, 2021 mit tollen 2.725 \u20ac !!       Bis August 2021 war Tom Rahn aus Schondorf unser Fahrer, bevor er berufsbedingt aufh\u00f6ren musste. Seit September erledigt Herbert Thalhofer aus Schondorf ebenfalls zu unserer vollsten Zufriedenheit diese Aufgabe. <br><strong>Projekt \u201eEssen dahoam\u201c f\u00fcr Schondorf:<\/strong>  <br>Im Januar kauften wir 24 Thermoboxen mit Porzellangeschirr im Wert von 2.300 \u20ac.  Bei der Aktion \u201eUnser Soziales Bayern: Wir helfen zusammen!\u201c bewarben wir uns mit dieser Aktion und bekamen f\u00fcr den Kauf einen Zuschuss von 50 %. Seit Februar liefern wir ehrenamtlich Dienstag und Freitag warmes, reichhaltiges Essen vom Wirt Aleks an mehrere Personen.    <br><strong>Unsere Webseite www.gemeinsam-ammersee.de<\/strong>  <br>ist ein sehr wichtiges Medium. Sie wurde 2021 monatlich rund 4.700 x aufgerufen. Auf Facebook sind wir seit Dezember 2013 mit Stiftung und Verein GEMEINSAM vertreten. <br>Vielen Dank unserem Mitglied Tanja N\u00e4ther, die diese Seite von Anfang an f\u00fcr uns pflegt. <br><strong>Versicherungen:<\/strong>  <br>Bei unserem Versicherungspartner Ecclesia haben wir eine Betriebshaftpflichtversicherung f\u00fcr unsere Kinderparks und die Nachbarschaftshilfe.  <br>Der Schl\u00fcsselverlust f\u00fcr die Schlie\u00dfanlagen der Kinderparks \u2013 wir sind in den R\u00e4umen nur Mieter \u2013 ist ebenfalls versichert. <br>Seit 2014 haben wir den Versicherungsschutz f\u00fcr alle vorher genannten T\u00e4tigkeitsfelder um eine Dienstreise-Versicherung mit dem Mindestumfang von 20.000 km Jahresleistung erweitert. Au\u00dferdem besteht die Pflichtmitgliedschaft bei der Berufsgenossenschaft f\u00fcr Gesundheitsdienst und Wohlfahrtspflege. Insgesamt machen die Versicherungsbeitr\u00e4ge rund 1\/3 unserer Betriebskosten aus. <br><strong>Haushaltsplan 2022:<\/strong>  Ein positives Ergebnis ist wieder zu erwarten, vor allem wenn wir dank allen Unterst\u00fctzern weiter ein so gutes Spendenaufkommen haben. <br>2020 wollten wir unser 25j\u00e4hriges Vereins- und 10j\u00e4hriges Stiftungsjubil\u00e4um mit mehreren Aktionen \u00fcbers ganze Jahr verteilt feiern (wegen Corons leider ausgefallen). <br>                              Konzert Modern Voices aus Schondorf <br>                              Konzert Maggie Jane aus Greifenberg <br>                              Lesung Michaela May aus M\u00fcnchen,  Thema: offen <br>                             Lesung Dr. Inga Persson aus Diessen, Thema: Krimi <br>Auch 2021 waren wir pandemiebedingt nicht in der Lage diese durchzuf\u00fchren. <br><strong>Neues Projekt:<\/strong>  <br>2019 starteten wir mit Hilfe des Vereins F\u00dcREINANDER, Utting, das Projekt GFD   (GEMEINSAM F\u00dcREINANDER DA). Damit wird die niederschwellige Betreuung in Schondorf aufgebaut. Die Gemeinde Schondorf finanziert eine halbe Stelle, die ab Januar 2022 von  Astrid Klimt besetzt ist. Unter der F\u00fchrung von Bina Pittroff und Jo-Ann Meding wollen wir den Menschen erm\u00f6glichen, solange wie m\u00f6glich gut versorgt zu Hause leben zu k\u00f6nnen.<\/p>\n\n\n\n<p><strong>Ich danke allen unseren Mitarbeitern\/innen und meinem Vorstandsteam f\u00fcr die ausgezeichnete<\/strong> <strong>gemeinsame Arbeit.<\/strong> <\/p>\n\n\n\n<figure class=\"wp-block-image is-resized\"><img loading=\"lazy\" decoding=\"async\" src=\"https:\/\/www.gemeinsam-ammersee.de\/wp-content\/uploads\/2021\/04\/grafik.png\" alt=\"Dieses Bild hat ein leeres Alt-Attribut. Der Dateiname ist grafik.png\" width=\"190\" height=\"64\"\/><\/figure>\n\n\n\n<p>Peter Raithel      1. Vorsitzender <\/p>\n","protected":false},"excerpt":{"rendered":"<p>Jahresbericht 2021 zur Mitgliederversammlung am 6. Juli 2022 Der Beginn der Corona-Pandemie im M\u00e4rz 2020 hat auch in unserem Verein viele Ver\u00e4nderungen gebracht. Hauptleidtragende sind vor allem unsere beiden Kinderparks in Utting und Greifenberg.Die Jahreshauptversammlung fand am 21. Juli 2021 im Cafe Forster, Schondorf statt. Das allgemeine Spendenaufkommen betrug 2021 gro\u00dfartige 51.689 \u20ac nach 2020 &hellip; <a href=\"https:\/\/www.gemeinsam-ammersee.de\/?page_id=1417\" class=\"more-link\"><span class=\"screen-reader-text\">Jahresbericht 2021<\/span> weiterlesen <span class=\"meta-nav\">&rarr;<\/span><\/a><\/p>\n","protected":false},"author":3,"featured_media":0,"parent":0,"menu_order":0,"comment_status":"closed","ping_status":"closed","template":"","meta":{"footnotes":""},"class_list":["post-1417","page","type-page","status-publish","hentry"],"_links":{"self":[{"href":"https:\/\/www.gemeinsam-ammersee.de\/index.php?rest_route=\/wp\/v2\/pages\/1417","targetHints":{"allow":["GET"]}}],"collection":[{"href":"https:\/\/www.gemeinsam-ammersee.de\/index.php?rest_route=\/wp\/v2\/pages"}],"about":[{"href":"https:\/\/www.gemeinsam-ammersee.de\/index.php?rest_route=\/wp\/v2\/types\/page"}],"author":[{"embeddable":true,"href":"https:\/\/www.gemeinsam-ammersee.de\/index.php?rest_route=\/wp\/v2\/users\/3"}],"replies":[{"embeddable":true,"href":"https:\/\/www.gemeinsam-ammersee.de\/index.php?rest_route=%2Fwp%2Fv2%2Fcomments&post=1417"}],"version-history":[{"count":18,"href":"https:\/\/www.gemeinsam-ammersee.de\/index.php?rest_route=\/wp\/v2\/pages\/1417\/revisions"}],"predecessor-version":[{"id":1452,"href":"https:\/\/www.gemeinsam-ammersee.de\/index.php?rest_route=\/wp\/v2\/pages\/1417\/revisions\/1452"}],"wp:attachment":[{"href":"https:\/\/www.gemeinsam-ammersee.de\/index.php?rest_route=%2Fwp%2Fv2%2Fmedia&parent=1417"}],"curies":[{"name":"wp","href":"https:\/\/api.w.org\/{rel}","templated":true}]}}