{"id":1681,"date":"2024-07-07T19:44:22","date_gmt":"2024-07-07T18:44:22","guid":{"rendered":"https:\/\/www.gemeinsam-ammersee.de\/?page_id=1681"},"modified":"2024-07-08T21:17:16","modified_gmt":"2024-07-08T20:17:16","slug":"jahresbericht-2023-3","status":"publish","type":"page","link":"https:\/\/www.gemeinsam-ammersee.de\/?page_id=1681","title":{"rendered":"Jahresbericht 2023"},"content":{"rendered":"\n<p><strong>Jahresbericht 2023 zur Mitgliederversammlung am 10. Juli 2024<\/strong><\/p>\n\n\n\n<p>Die Jahreshauptversammlung fand am 10. Mai 2023 im Cafe Forster, Schondorf, statt.<br>F\u00fcr Schondorf war es ein spannendes Jahr. Ab Januar erfogte die Anstellung der Fachkraft als halbe Stelle. B\u00fcrgermeister Alexander Herrmann und dem Gemeinderat ein riesiges Dankesch\u00f6n f\u00fcr die Kosten\u00fcbernahme.<br><strong>Hilfeleistungen:<\/strong><br>Mit diesem Schwerpunkt des Vereinszwecks besch\u00e4ftigt sich der Vorstand weiterhin intensiv. Auch hier sind wir auf Ihre Hilfe angewiesen. Wenn Sie in ihrem Umfeld Menschen kennen die Hilfe brauchen, erz\u00e4hlen Sie ihnen bitte, wie von uns anonym und unb\u00fcrokratisch geholfen werden kann.<br>Insgesamt haben wir nach 2022 mit 44.835 \u20ac f\u00fcr die Hilfe im vergangenen Jahr 56.520 \u20ac aufgewendet. Auch bei uns nimmt die Altersarmut merklich zu, ebenso die finanziellen Probleme von alleinerziehenden M\u00fcttern.<br><strong>Einzelfallhilfen:<\/strong> Auszug von Ma\u00dfnahmen:<br>5 x Stromnachzahlungen 3.071 \u20ac<br> 4 x Mieten 2.373 \u20ac<br>7 x Klassenfahrten 2.445 \u20ac<br> 4 x Schul- und Kursgeb\u00fchren 920 \u20ac<br>10 x Mietnebenkosten-Nachzahlungen 4.804 \u20ac <br>1 x Bahncard 122 \u20ac<br>5 x Apotheken und Krankenkassenzusch\u00fcsse 1.014 \u20ac<br>43 x Einzelfallhilfe als Unterst\u00fctzung zum t\u00e4glichen Leben geleistet 11.160 \u20ac<br>6 x Kosten von Autoreparaturen 2.428 \u20ac <br>4 x Arztrechnungen 777 \u20ac<br>3 x Medikamente 634 \u20ac <br>2 x Anwaltskosten 1.256 \u20ac<br>2 x Jobcenter-R\u00fcckzahlungen 953 \u20ac <br>5 x verschiedene Reparaturen 1.788 \u20ac<br><strong>Gekauft bzw. finanziert<\/strong> als Darlehen haben wir 2023:<br>2 x Brillen = 700 \u20ac <br>6 x Waschmaschinen = 2.280 \u20ac<br>1 x K\u00fchlschrank = 200 \u20ac <br>4 x Heiz\u00f6l = 3.870 \u20ac<br>1 x Zuschuss f\u00fcr iPad = 300 \u20ac<br>1 x Kauf von einer K\u00fcche = 4.900 \u20ac<br>3 x M\u00f6belkauf = 1.500 \u20ac <br>2 x Matratze = 630 \u20ac<br>1 x Material f\u00fcr Spielplatz 500 \u20ac<br>Wichtig ist uns auch die Hilfe zur Selbsthilfe. Insgesamt haben wir daf\u00fcr 13 Darlehen in H\u00f6he von 14.465 \u20ac vergeben. 2022 waren es 15 mit 18.878 \u20ac.<br>Im gro\u00dfen und ganzen erfolgen die R\u00fcckzahlungen planm\u00e4\u00dfig. Ein Risiko des Ausfalls besteht immer; sicher ist jedoch: Wir haben einem Menschen in seiner Not geholfen.<br>Seit langer Zeit berichtet auch Leo Ploner in seinem Schondorf.Blog \u00fcber uns.<br><strong>Das allgemeine Spendenaufkommen betrug 2023<\/strong> gro\u00dfartige 60.782 \u20ac nach 2022 mit 48.402 \u20ac. Wie bisher spenden viele Menschen bewusst f\u00fcr Einrichtungen in unserer Region. Wir erhielten viele Spendenbetr\u00e4ge im zwei- und dreistelligen Bereich, \u00fcber die wir uns sehr freuen. Dazu hatten wir auch wieder einige Gro\u00dfspenden. Diese m\u00f6chte ich nach dem zeitlichen Ablauf vorstellen.<br>Januar Adventsfeier 2022 der Realschule Schondorf = 1.078 \u20ac<br>Gr\u00e4felfinger Leasing 50 Jahre Firmenfeier = 1.350 \u20ac<br>M\u00e4rz Rotary Nachhaltigkeitspreis Lech-Ammersee 1. Platz = 4.000 \u20ac<br>M\u00e4rz Kunstauktion Schondorf, Dorfhaus = 3.000 \u20ac<br>Runder Geburtstag in Greifenberg = 3.826 \u20ac<br>Beisetzung in Diessen statt Blumen = 1.927 \u20ac<br>Mai: 50 Jahre DM \u201eZukunft gestalten, Freude teilen\u201c = 1.000 \u20ac<br>21. Juni Lions Club Diessen: Benefizkonzert im Landheim Schondorf = 3.000 \u20ac<br>Beisetzung in Schondorf statt Blumen = 3.560 \u20ac<br>Im Oktober erhielten wir von der Sparkassenstiftung im Rahmen ihrer 1 \u20ac-Aussch\u00fcttung auf Vorschlag von Bgm. Herrmann 1.000 \u20ac.<br>Adventsschau G\u00e4rtnerei Dumbsky Loseverkauf = 1.355 \u20ac<br>Im Laufe des Jahres spendeten 14 Personen Betr\u00e4ge \u00fcber 500 \u20ac, 5 Mitmenschen jeweils 1.000 \u20ac, sowie 1 x 2.000 \u20ac und 1 x 5.000 \u20ac.<br>Wie in den Vorjahren unterst\u00fctzt die Bert-Fanselau-Stiftung den Verein; dieses Mal mit 2.500 \u20ac.<br>Ende Dezember kamen 5.000 \u20ac von der AXIA Bauprojekt GmbH aus Schondorf auf unser Konto. Gesch\u00e4ftsf\u00fchrer ist unser Vereinsmitglied Georg Bechteler.<br>Allen Spendern herzlichsten Dank f\u00fcr ihre finanzielle Hilfe. Zusammen mit den Mitgliedsbeitr\u00e4gen sind die Spenden die wichtigsten Einnahmen des Vereins und erm\u00f6glichen uns viel Gutes zu tun.<br><strong>Zweckgebundene Spenden<\/strong> f\u00fchren wir im Kassenbericht separat auf. Sie sind f\u00fcr uns nur ein Durchlaufposten. Von der Gemeinde Schondorf erhielten wir im Dezember 2020 3.500 \u20ac (die H\u00e4lfte vom eingeplanten Betrag f\u00fcr das ausgefallene Feuerwerk) um Schondorfer B\u00fcrgern zu helfen. Bis Ende 2023 haben wir damit 14 Personen geholfen und die Summe komplett aufgebraucht.<br>Von der Diessener Nachbarschaftshilfe erhielten wir 2.500 \u20ac um Diessener B\u00fcrgern zu helfen. 11 x bekamen Personen Bargeld und 1 x reduzierten wir ein Darlehen.<br><strong>Auslandsaktivit\u00e4ten:<\/strong><br>Im diesem Jahr haben wir \u201eLebenslinien e.V.\u201c des Schondorfer Ehepaares Curry mit<br>1.000 \u20ac bedacht.<br><strong>Finanzielle Situation:<\/strong><br>Vereinsverm\u00f6gen am 01.01.2023: 165.783,96 \u20ac, am 31.12.2023: 168.387,99 \u20ac.<br>Unser Verein liegt bei Einnahmen und Ausgaben \u00fcber 150.000 \u20ac und unsere Buchf\u00fchrung wird immer umfangreicher. Herzlichen Dank an unsere Schatzmeisterin Frau Schubert f\u00fcr ihre professionelle, ehrenamtliche Arbeit. Hier m\u00f6chte ich gleich noch erw\u00e4hnen, dass unsere Verwaltungskosten 2023, wie in vielen Jahren vorher, wieder bei nur rund 2,4 % liegen. Ein weit unter dem Durchschnitt liegender Satz f\u00fcr Vereine, der nur durch den Einsatz vieler Ehrenamtlicher m\u00f6glich ist.<br><strong>Stiftung Gemeinsam:<\/strong><br>2023 haben wir 3.810 \u20ac an Spenden bekommen, u. a. von der Lottobezirksstelle Michael Vivell, Landsberg, 1.000 \u20ac und von einer Beisetzung in Schondorf statt Blumen 865 \u20ac. Herzlichen Dank allen Spendern.<br>Unser Stiftungskapital w\u00e4chst nur sehr langsam weiter und \u00fcbersteigt jetzt 100.000 \u20ac. Wegen der aktuellen Zinspolitik fallen auch nur geringere Ertr\u00e4ge an.<br>In 19 F\u00e4llen haben wir insgesamt mit 5.465 \u20ac Menschen in Not geholfen.<br><strong>Wir freuen uns \u00fcber Zustiftungen jeder Art.<\/strong><br><strong>VR-Bank:<\/strong> Im Februar 2022 erh\u00f6hten wir unsere Anteile auf 80 St\u00fcck = 4.800 \u20ac.<br>Die aktuelle Verzinsung mit 3 % ist in der heutigen Zeit sehr gut.<br>Bei der VR-B\u00fcrgerEnergie zeichneten wir einen 1.000 \u20ac Anteil f\u00fcr die Schondorfer PV-Anlage auf der Sporthalle.<br><strong>Gepa:<\/strong> (Fair Handelshaus Bayern) hier besitzen wir 12 Anteile zu je 50 \u20ac. Sie sind ohne Verzinsung, dienen aber einem guten Zweck.<br><strong>Mitgliederentwicklung:<\/strong><br>2023 hatten wir 20 Neuanmeldungen und 10 K\u00fcndigungen, davon 5 wegen Todesfall. Zum 31. 12. 2023 ist der Stand 335 Mitglieder.<br>Neuen Ideen, wie wir Mitglieder gewinnen k\u00f6nnen (die uns langfristig treu bleiben), stehen wir immer offen gegen\u00fcber.<br><strong>Aktivit\u00e4ten:<\/strong><br>Am Valentinstag und am Samstag vor dem Muttertag verteilten wir Rosen, die uns Armin Schmidt vom Schondorfer EDEKA gespendet hat. <br>24. September: Tag er offenen T\u00fcr im Dorfhaus, Bahnhofstra\u00dfe 28, Schondorf.<br>Au\u00dferdem waren wir im Laufe des Jahres bei verschiedenen Veranstaltungen eingeladen.<br>In der Weihnachtsausgabe des AK haben wir uns in einem Inserat bei allen Spendern, Helfern und Mitgliedern f\u00fcr ihre Unterst\u00fctzung bedankt.<br><strong>Seit 2021<\/strong> haben wir mit der Schondorfer Buchhandlung Timbooktu eine Kooperation. Wir finanzieren den Druck der Lesezeichen, die auf der R\u00fcckseite unser Logo zeigen. 2.500 St\u00fcck f\u00fcr knapp 100 \u20ac sind eine sehr g\u00fcnstige Werbema\u00dfnahme, die wir regelm\u00e4\u00dfig fortsetzen. In jedem verkauften Buch liegt ein Lesezeichen.<br><strong>Kontakte gekn\u00fcpft <\/strong>haben wir seit l\u00e4ngerem mit \u201eB\u00fcrger verm\u00f6gen viel\u201c.<br>Jedesmal wenn Sie in einem teilnehmenden Gesch\u00e4ft die B\u00fcrgerkarte beim Bezahlen vorlegen, bekommen wir 1,8 % vom Umsatz gutgeschrieben. 2023 waren es 216,50 \u20ac. Einige Firmen finden Sie auf dem Flyer, alle teilnehmenden Betriebe auf der Internetseite: www.buerger-vermoegen-viel.de.<br>Hier k\u00f6nnen Sie sehr gut GEMEINSAM helfen Einnahmen zu erzielen.<br>Die sozialen Vereine am Ammersee Westufer tauschen ihre gemeinsamen Interessen und Einladungen zu Vortr\u00e4gen aus.<br><strong>Unsere Besch\u00e4ftigten und Ehrenamtlichen<\/strong> haben wir wie in den letzten 13 Jahren wieder zum Essen eingeladen. Dieses Mal im Shiro Sushi, Schondorf. Es ist Dank und Anerkennung f\u00fcr unsere Mitarbeiter. Die Kosten des Abends beliefen sich auf 660 \u20ac.<br><strong>Sozialmobil:<\/strong><br>Seit Jahren viele Eins\u00e4tze: 2023 mit 32.750 km 706 Fahrten.<br>2022 mit 31.750 km 786 Fahrten.<br>Sozialcard Inhaber\/innen fahren zum halben Preis. Seit 2011 fahren wir jeden Mittwoch auch Personen aus Eching, Utting und Schondorf zur Diessener Tafel, selbstverst\u00e4ndlich kostenlos. Seit Corona liefern wir diesen B\u00fcrgern ihre Lebensmittel ins Haus. Das Sozialmobil ist wie bisher von Montag bis Freitag von 8 \u2013 17 Uhr unter der Mobilnummer 0170-8961302 erreichbar.<br>Besten Dank den Firmen EDEKA Schmidt, Maler Forster, La Delikatezza Krinner, Firma Schubert, Metzgerei Gall und Stiftung GEMEINSAM f\u00fcr ihre Werbung auf unserem Auto.<br><strong>Arbeitsplatz Sozialmobil:<\/strong><br>Seit 1. Oktober 2014 ist Gunnar Hannich aus Diessen unser Fahrer.<br>Neben den Gemeinden Schondorf, Greifenberg, Eching, Utting, Diessen und Windach beteiligen sich Wilfried Huber (Karwendelwerke Exquisa) und die Bert-Fanselau-Stiftung mit insgesamt 17.450 \u20ac an den Personalkosten. Wir bedanken uns f\u00fcr die jahrelange Unterst\u00fctzung bei allen Beteiligten! Die Restsumme von 21.000 \u20ac tr\u00e4gt unser Verein.<br>Folgende Aussage mache ich schon viele Jahre, wiederhole sie aber immer wieder sehr gerne: Es ist gut, wenn es viele gemeinde\u00fcbergreifende Projekte\/Stellen gibt. Wobei klar ist, dass nicht immer jeder Beteiligte entsprechend seinem finanziellen Anteil die dazugeh\u00f6rige Gegenleistung bekommt. Wichtig ist, dass die gesamte Region von diesen Aktivit\u00e4ten profitiert.<br><strong>Seniorenarbeit:<\/strong><br>Unsere Seniorenarbeit besteht vor allem aus den Fahrten mit dem Sozialmobil, der finanziellen Unterst\u00fctzung in vielen Einzelf\u00e4llen, der Nachbarschaftshilfe und der niederschwelligen Betreuung in Schondorf.<br><strong>Projekt GEMEINSAM F\u00dcREINANDER DA:<\/strong><br>2019 starteten wir mit Hilfe des Vereins F\u00dcREINANDER in Utting das Projekt. Damit wird die niederschwellige Betreuung in Schondorf aufgebaut. Die Gemeinde Schondorf finanziert eine halbe Stelle, die ab Januar 2022 von Astrid Klimt besetzt war. Damit wollen wir den Menschen erm\u00f6glichen, solange wie m\u00f6glich gut versorgt zu Hause leben zu k\u00f6nnen.<br>Seit September 2022 besch\u00e4ftigten wir Gertraud Huber als K\u00fcmmerin des Dorfhauses und Leiterin der Nachbarschaftshilfe auf Stundenbasis. Dank einer ungew\u00f6hnlich hohen, zweckgebundenen Spende war die Finanzierung m\u00f6glich.<br>2022 haben wir beim Landesamt f\u00fcr Pflege die Anerkennung auf Unterst\u00fctzung beantragt und erhalten. So konnten wir ab Januar 2023 die neue Fachkraft Monika M\u00f6lch bei uns anstellen.<br>Die Umsetzung dieses Projekts ist hervorragend gelungen, nochmals vielen Dank allen Beteiligten.<br><strong>Jugendarbeit:<\/strong><br>Auf Anfrage leisten wir projektbezogene Zusch\u00fcsse.<br>Laufende Beteiligung von 1.000 \u20ac besteht beim Jugendleiterprojekt der evangelischen Kirche in Utting. Der auf 5 Jahre geschlossene Vertrag endet 2023.<br><strong>Fl\u00fcchtlingshilfe:<\/strong><br>F\u00fcr die Betreuung gibt es viele Ehrenamtliche im Schondorfer Netzwerk Asyl unter Leitung von Helga Gall. 6 Darlehensantr\u00e4ge kamen zum Teil auch \u00fcber Vermittlung von Anne Pfefferkorn, VG Schondorf. Wir gew\u00e4hrten insgesamt 6.000 \u20ac, die R\u00fcckzahlungen laufen planm\u00e4\u00dfig.<br><strong>Kinderparks:<\/strong><br>betreiben wir in Utting und Greifenberg. In Windach starteten wir im November 2021.<br><strong>Nachbarschaftshilfe Schondorf:<\/strong><br>Die Nachbarschaftshilfe in Schondorf ist seit Anfang 2014 mit durchschnittlich 10 ehrenamtlichen Mitarbeitern unter Leitung von Gertraud Huber und Peter Raithel im Einsatz, um Menschen im Alltag und in Notlagen zu unterst\u00fctzen. Wir besuchen einige \u00e4ltere Menschen regelm\u00e4\u00dfig zur Unterhaltung, zum gemeinsamen Einkaufen und leisten Gesellschaft bei Ausfl\u00fcgen. Wir sind t\u00e4tig bei der Suche nach Hilfeleistungen im Bereich Familienhilfe und vieles mehr.<br>Bedanken wollen wir uns bei den Fahrern, die viele Fahrten kurzfristig in Schondorf und Umgebung \u00fcbernehmen.<br>Seit Oktober 2020 fahren wir in Schondorf im Rahmen eines Mini-Jobs jeden Mittwochnachmittag \u00e4lteren B\u00fcrgern ihre Lebensmittelbestellungen nach Hause und setzen diesen Service weiter fort. Seit September 2021 erledigt Herbert Thalhofer aus Schondorf diese Aufgabe zu unserer vollsten Zufriedenheit. Oliver Moser hilft bei Bedarf aus.<br>Finanziert wird die Anstellung auf ungew\u00f6hnliche Art: Armin Schmidt (EDEKA-Schondorf) hat links neben seinem Leergutautomat einen Briefkasten. Hier k\u00f6nnen die Kunden die Leergutbons einwerfen und wir \u201eernten\u201c den Ertrag, 2023 mit tollen 4.153 \u20ac !! <br><strong>Projekt \u201eEssen dahoam\u201c f\u00fcr Schondorf:<\/strong><br>Wir liefern Dienstag und Freitag warmes Essen vom Wirt Aleks an mehrere Personen ehrenamtlich aus. Aktuell haben wir Kapazit\u00e4ten frei.<br><strong>Unsere Webseite www.gemeinsam-ammersee.de<\/strong><br>ist ein sehr wichtiges Medium. Auf Facebook sind wir seit Dezember 2013 mit Stiftung und Verein GEMEINSAM vertreten. Vielen Dank unserem Mitglied Tanja N\u00e4ther, die diese Seite von Anfang an f\u00fcr uns pflegt.<br><strong>Versicherungen:<\/strong><br>Bei unserem Versicherungspartner Ecclesia haben wir eine Betriebshaftpflichtversicherung f\u00fcr unsere Kinderparks und die Nachbarschaftshilfe.<br>Der Schl\u00fcsselverlust f\u00fcr die Schlie\u00dfanlagen der Kinderparks \u2013 wir sind in den R\u00e4umen nur Mieter \u2013 ist ebenfalls versichert.<br>Seit 2014 haben wir den Versicherungsschutz f\u00fcr alle vorher genannten T\u00e4tigkeitsfelder um eine Dienstreise-Versicherung mit dem Mindestumfang von 20.000 km Jahresleistung erweitert.<br>Au\u00dferdem besteht die Pflichtmitgliedschaft bei der Berufsgenossenschaft f\u00fcr Gesundheitsdienst und Wohlfahrtspflege. Insgesamt machen die Versicherungsbeitr\u00e4ge rund 1\/4 unserer Betriebskosten aus.<br><strong>Haushaltsplan 2024:<\/strong> Ein positives Ergebnis ist wieder zu erwarten, vor allem wenn wir dank allen Unterst\u00fctzern weiter ein so gutes Spendenaufkommen haben.<br>Ich danke allen unseren Mitarbeitern\/innen und meinem Vorstandsteam f\u00fcr die ausgezeichnete gemeinsame Arbeit.<\/p>\n\n\n\n<div class=\"wp-block-group\"><div class=\"wp-block-group__inner-container is-layout-constrained wp-block-group-is-layout-constrained\"><\/div><\/div>\n\n\n\n<p>Peter Raithel<\/p>\n\n\n\n<ol class=\"wp-block-list\">\n<li>Vorsitzender                   <code>Spendenkonto bei der Sparkasse DE08 7005 2060 0000 1555 98<\/code><\/li>\n<\/ol>\n","protected":false},"excerpt":{"rendered":"<p>Jahresbericht 2023 zur Mitgliederversammlung am 10. Juli 2024 Die Jahreshauptversammlung fand am 10. Mai 2023 im Cafe Forster, Schondorf, statt.F\u00fcr Schondorf war es ein spannendes Jahr. Ab Januar erfogte die Anstellung der Fachkraft als halbe Stelle. B\u00fcrgermeister Alexander Herrmann und dem Gemeinderat ein riesiges Dankesch\u00f6n f\u00fcr die Kosten\u00fcbernahme.Hilfeleistungen:Mit diesem Schwerpunkt des Vereinszwecks besch\u00e4ftigt sich der &hellip; <a href=\"https:\/\/www.gemeinsam-ammersee.de\/?page_id=1681\" class=\"more-link\"><span class=\"screen-reader-text\">Jahresbericht 2023<\/span> weiterlesen <span class=\"meta-nav\">&rarr;<\/span><\/a><\/p>\n","protected":false},"author":1,"featured_media":0,"parent":0,"menu_order":0,"comment_status":"closed","ping_status":"closed","template":"","meta":{"footnotes":""},"class_list":["post-1681","page","type-page","status-publish","hentry"],"_links":{"self":[{"href":"https:\/\/www.gemeinsam-ammersee.de\/index.php?rest_route=\/wp\/v2\/pages\/1681","targetHints":{"allow":["GET"]}}],"collection":[{"href":"https:\/\/www.gemeinsam-ammersee.de\/index.php?rest_route=\/wp\/v2\/pages"}],"about":[{"href":"https:\/\/www.gemeinsam-ammersee.de\/index.php?rest_route=\/wp\/v2\/types\/page"}],"author":[{"embeddable":true,"href":"https:\/\/www.gemeinsam-ammersee.de\/index.php?rest_route=\/wp\/v2\/users\/1"}],"replies":[{"embeddable":true,"href":"https:\/\/www.gemeinsam-ammersee.de\/index.php?rest_route=%2Fwp%2Fv2%2Fcomments&post=1681"}],"version-history":[{"count":19,"href":"https:\/\/www.gemeinsam-ammersee.de\/index.php?rest_route=\/wp\/v2\/pages\/1681\/revisions"}],"predecessor-version":[{"id":1717,"href":"https:\/\/www.gemeinsam-ammersee.de\/index.php?rest_route=\/wp\/v2\/pages\/1681\/revisions\/1717"}],"wp:attachment":[{"href":"https:\/\/www.gemeinsam-ammersee.de\/index.php?rest_route=%2Fwp%2Fv2%2Fmedia&parent=1681"}],"curies":[{"name":"wp","href":"https:\/\/api.w.org\/{rel}","templated":true}]}}