{"id":169,"date":"2015-01-27T10:14:49","date_gmt":"2015-01-27T10:14:49","guid":{"rendered":"http:\/\/test.gemeinsam-ammersee.de\/?page_id=169"},"modified":"2015-02-01T16:59:49","modified_gmt":"2015-02-01T15:59:49","slug":"presseberichte-2","status":"publish","type":"page","link":"https:\/\/www.gemeinsam-ammersee.de\/?page_id=169","title":{"rendered":"Presseberichte &#8211; Archiv"},"content":{"rendered":"<p style=\"text-align: justify;\"><b>Sammersee-Festival Schondorf 2013<\/b><\/p>\n<p style=\"text-align: justify;\">Bei idealem Wetter fand im Juli in Schondorf am Ammersee das Sammersee-Festival statt. Wie jedes Jahr geht der gesamte Erl\u00f6s an gemeinn\u00fctzige Organisationen.<br \/>\nDieses Jahr erhalten der Bayerische Fl\u00fcchtlingsrat und GemEinsam gemeinn\u00fctziger Verein Ammersee-West e.V. den \u00dcberschuss.<br \/>\nDer Verein GemEinsam freut sich riesig \u00fcber den Betrag von 1.500,&#8211; \u20ac. Neben dem Schwerpunkt Sozialmobil kann vor allem Menschen in finanziellen Notlagen geholfen und das Projekt Nachbarschaftshilfe in Schondorf gestartet werden.<\/p>\n<p style=\"text-align: justify;\"><img decoding=\"async\" src=\"https:\/\/www.gemeinsam-ammersee.de\/upload\/Sammersee%202013%20klein_1385497814.jpg\" alt=\"\" border=\"0\" \/><\/p>\n<p style=\"text-align: justify;\">Strahlende Mienen von links nach rechts:<br \/>\nMarkus Schulz und Luise Renner vom Sammersee-Festival-Team und Peter Raithel von GemEinsam.<br \/>\nWeiter Informationen finden Sie auf www.sammersee-festival.de und www.gemeinsam-ammersee.de<\/p>\n<p style=\"text-align: justify;\"><b> 1. Freiwilligenmesse am 20. Oktober 2013 in Landsberg<\/b><\/p>\n<p style=\"text-align: justify;\"><img decoding=\"async\" src=\"https:\/\/www.gemeinsam-ammersee.de\/upload\/P1040618%20klein_1382903346.jpg\" alt=\"\" border=\"0\" \/><\/p>\n<p style=\"text-align: justify;\">Dagmar N\u00e4ther und Peter Raithel pr\u00e4sentieren den Verein.<\/p>\n<p style=\"text-align: justify;\"><b>Markttag am 13. September 2013 beim Edeka Schmidt in Schondorf.<\/b><\/p>\n<p style=\"text-align: justify;\"><img decoding=\"async\" src=\"https:\/\/www.gemeinsam-ammersee.de\/upload\/P1040606%20klein%20_1380477704.jpg\" alt=\"\" border=\"0\" \/><\/p>\n<p style=\"text-align: justify;\"><b>Peter Raithel stellte das Sozialmobil und den Verein Gemeinsam am Marktsamstag, 6. Juli 2013, in Utting am Ammersee vor.<\/b><\/p>\n<p style=\"text-align: justify;\"><img decoding=\"async\" src=\"https:\/\/www.gemeinsam-ammersee.de\/upload\/P1040598_klein%202013%20Utting_1374782034.jpg\" alt=\"\" border=\"0\" \/><\/p>\n<p style=\"text-align: justify;\"><b>Peter Raithel stellte das Sozialmobil und den Verein Gemeinsam am Pfingstsamstag 2013 bei der Markthalle in Diessen vor.<\/b><\/p>\n<p style=\"text-align: justify;\"><img decoding=\"async\" src=\"https:\/\/www.gemeinsam-ammersee.de\/upload\/Markthalle_klein%202013_P1040461_1369330284.jpg\" alt=\"\" border=\"0\" \/><\/p>\n<p style=\"text-align: justify;\"><img decoding=\"async\" src=\"https:\/\/www.gemeinsam-ammersee.de\/upload\/Diessen%20Markthalle%20%2018.05.2013%20P1040459%20klein_1369330323.jpg\" alt=\"\" border=\"0\" \/><\/p>\n<p style=\"text-align: justify;\"><b>Verein Gemeinsam hilft &#8211; Pressemitteilung im Dezember 2012<\/b><\/p>\n<p style=\"text-align: justify;\"><b>Abwendung einer R\u00e4umungsklage<\/b><\/p>\n<p style=\"text-align: justify;\">Wegen r\u00fcckst\u00e4ndiger Mietzahlungen (2.100,&#8211; \u20ac) droht einem \u00e4lteren Paar die Zwangsr\u00e4umung am 31. Januar 2013. Nur mit Hilfe von vielen Spendern k\u00f6nnen wir diese Ma\u00dfnahme abwenden.<\/p>\n<p style=\"text-align: justify;\">Helfen Sie uns, um anderen zu helfen. www.gemeinsam-ammersee.de<br \/>\nSpendenquittungen erhalten sie umgehend.<\/p>\n<p style=\"text-align: justify;\">Sparkasse Schondorf BLZ 700 520 60<br \/>\nKonto 155 598<br \/>\nLandsberg-Ammersee-Bank BLZ 700 916 00<br \/>\nKonto 2914 689<\/p>\n<p style=\"text-align: justify;\">Einige Beispiele unserer Hilfeleistungen:<br \/>\nIn letzter Zeit haben wir f\u00fcr ein Rentnerehepaar eine hohe Stromnachzahlung \u00fcbernommen.<br \/>\nF\u00fcr eine alleinstehende Frau besorgten wir eine gr\u00f6\u00dfere Menge Brennholz.<br \/>\nEine alte Dame unterst\u00fctzten wir mit Bargeld zum Kauf von medizinisch notwendiger Astronauten-Nahrung.<br \/>\nEiner alleinstehenden Mutter mit Kindern ersetzten wir viele Fahrtkosten zur Augenklinik nach M\u00fcnchen.<br \/>\nWir besorgten Gas f\u00fcr eine Heizperiode, um einer Familie ein warmes Zuhause zu erm\u00f6glichen.<\/p>\n","protected":false},"excerpt":{"rendered":"<p>Sammersee-Festival Schondorf 2013 Bei idealem Wetter fand im Juli in Schondorf am Ammersee das Sammersee-Festival statt. Wie jedes Jahr geht der gesamte Erl\u00f6s an gemeinn\u00fctzige Organisationen. Dieses Jahr erhalten der Bayerische Fl\u00fcchtlingsrat und GemEinsam gemeinn\u00fctziger Verein Ammersee-West e.V. den \u00dcberschuss. Der Verein GemEinsam freut sich riesig \u00fcber den Betrag von 1.500,&#8211; \u20ac. Neben dem Schwerpunkt &hellip; <a href=\"https:\/\/www.gemeinsam-ammersee.de\/?page_id=169\" class=\"more-link\"><span class=\"screen-reader-text\">Presseberichte &#8211; Archiv<\/span> weiterlesen <span class=\"meta-nav\">&rarr;<\/span><\/a><\/p>\n","protected":false},"author":1,"featured_media":0,"parent":0,"menu_order":0,"comment_status":"closed","ping_status":"closed","template":"","meta":{"footnotes":""},"class_list":["post-169","page","type-page","status-publish","hentry"],"_links":{"self":[{"href":"https:\/\/www.gemeinsam-ammersee.de\/index.php?rest_route=\/wp\/v2\/pages\/169","targetHints":{"allow":["GET"]}}],"collection":[{"href":"https:\/\/www.gemeinsam-ammersee.de\/index.php?rest_route=\/wp\/v2\/pages"}],"about":[{"href":"https:\/\/www.gemeinsam-ammersee.de\/index.php?rest_route=\/wp\/v2\/types\/page"}],"author":[{"embeddable":true,"href":"https:\/\/www.gemeinsam-ammersee.de\/index.php?rest_route=\/wp\/v2\/users\/1"}],"replies":[{"embeddable":true,"href":"https:\/\/www.gemeinsam-ammersee.de\/index.php?rest_route=%2Fwp%2Fv2%2Fcomments&post=169"}],"version-history":[{"count":3,"href":"https:\/\/www.gemeinsam-ammersee.de\/index.php?rest_route=\/wp\/v2\/pages\/169\/revisions"}],"predecessor-version":[{"id":298,"href":"https:\/\/www.gemeinsam-ammersee.de\/index.php?rest_route=\/wp\/v2\/pages\/169\/revisions\/298"}],"wp:attachment":[{"href":"https:\/\/www.gemeinsam-ammersee.de\/index.php?rest_route=%2Fwp%2Fv2%2Fmedia&parent=169"}],"curies":[{"name":"wp","href":"https:\/\/api.w.org\/{rel}","templated":true}]}}