{"id":17,"date":"2015-01-26T09:57:55","date_gmt":"2015-01-26T09:57:55","guid":{"rendered":"http:\/\/test.gemeinsam-ammersee.de\/?page_id=17"},"modified":"2019-04-02T21:07:09","modified_gmt":"2019-04-02T20:07:09","slug":"kultur-konzerte","status":"publish","type":"page","link":"https:\/\/www.gemeinsam-ammersee.de\/?page_id=17","title":{"rendered":"Kultur \/ Konzerte"},"content":{"rendered":"<p style=\"text-align: justify;\"><b>Ukrainischer Staatschor \u201eTrembita\u201c gab am 16. M\u00e4rz 2009 Benefizkonzert in Schondorf.<\/b><\/p>\n<p><img decoding=\"async\" class=\"details-image\" draggable=\"false\" src=\"https:\/\/www.gemeinsam-ammersee.de\/wp-content\/uploads\/2019\/04\/Foto-S.Gerum-LT-16.03.2009-klein.jpg\" alt=\"\" \/><br \/>\nFoto: Stefan Gerum<\/p>\n<p style=\"text-align: justify;\">Bereits zum achten Mal erf\u00fcllten Montagabend die 35 Mitglieder des ukrainischen Staatschores \u201eTrembita\u201c das Kirchenschiff der Schondorfer Hl. Kreuz Kirche mit spirituellen Kl\u00e4ngen. Etwa 50 Besucher waren gekommen, um knapp eineinhalb Stunden lang den geistlich-liturgischen Liedern und den frohen Folkloreliedern zuzuh\u00f6ren. Dirigiert wurden die 35 S\u00e4ngerinnen und S\u00e4nger aus Lviv (Lemberg) von Mykola Kulyk, der Sch\u00fcler von Prof. V. Minin, dem Dirigenten des Moskauer Kammerchors ist.<\/p>\n<p style=\"text-align: justify;\">Der Name der Capella leitet sich ab von einem Instrument, \u00e4hnlich einem Alpenhorn, das fr\u00fcher zur Informations\u00fcbermittlung in den Gegenden der Karpaten genutzt wurde.<br \/>\n1939 wurde der bekannte Dnjestr-Chor aus Lviv von der Capella \u201eTrembita\u201c abgel\u00f6st.<br \/>\nSeitdem hat sich der Chor in vielen L\u00e4ndern Europas ein hohes Ansehen geschaffen. In M\u00fcnchen trat er letztes Jahr im ZDF und im Kulturzentrum Gasteig auf.<\/p>\n<p style=\"text-align: justify;\">Der Chor unternimmt alle eineinhalb bis zwei Jahre Konzertreisen im bayerischen Raum, derzeit ist er wieder in M\u00fcnchen auf Tournee.<br \/>\nUnterkunft finden die Mitglieder in einer Kaserne auf dem Fliegerhorst Erding.<br \/>\nDer Konzerterl\u00f6s kommt dem M\u00fcnchner Verein \u201eHilfe f\u00fcr die Ukraine\u201c zugute.<br \/>\nDieser setzt sich seit 1991 f\u00fcr hilfsbed\u00fcrftige Kinder und Familien aus der Ukraine ein und organisiert die Chorreisen nach Deutschland.<br \/>\nGemeinsam mit dem Schondorfer Verein GEMEINSAM wolle man versuchen auch k\u00fcnftig ukrainische Konzerte in Schondorf abhalten zu k\u00f6nnen.<\/p>\n","protected":false},"excerpt":{"rendered":"<p>Ukrainischer Staatschor \u201eTrembita\u201c gab am 16. M\u00e4rz 2009 Benefizkonzert in Schondorf. Foto: Stefan Gerum Bereits zum achten Mal erf\u00fcllten Montagabend die 35 Mitglieder des ukrainischen Staatschores \u201eTrembita\u201c das Kirchenschiff der Schondorfer Hl. Kreuz Kirche mit spirituellen Kl\u00e4ngen. Etwa 50 Besucher waren gekommen, um knapp eineinhalb Stunden lang den geistlich-liturgischen Liedern und den frohen Folkloreliedern zuzuh\u00f6ren. &hellip; <a href=\"https:\/\/www.gemeinsam-ammersee.de\/?page_id=17\" class=\"more-link\"><span class=\"screen-reader-text\">Kultur \/ Konzerte<\/span> weiterlesen <span class=\"meta-nav\">&rarr;<\/span><\/a><\/p>\n","protected":false},"author":1,"featured_media":0,"parent":0,"menu_order":0,"comment_status":"closed","ping_status":"closed","template":"","meta":{"footnotes":""},"class_list":["post-17","page","type-page","status-publish","hentry"],"_links":{"self":[{"href":"https:\/\/www.gemeinsam-ammersee.de\/index.php?rest_route=\/wp\/v2\/pages\/17","targetHints":{"allow":["GET"]}}],"collection":[{"href":"https:\/\/www.gemeinsam-ammersee.de\/index.php?rest_route=\/wp\/v2\/pages"}],"about":[{"href":"https:\/\/www.gemeinsam-ammersee.de\/index.php?rest_route=\/wp\/v2\/types\/page"}],"author":[{"embeddable":true,"href":"https:\/\/www.gemeinsam-ammersee.de\/index.php?rest_route=\/wp\/v2\/users\/1"}],"replies":[{"embeddable":true,"href":"https:\/\/www.gemeinsam-ammersee.de\/index.php?rest_route=%2Fwp%2Fv2%2Fcomments&post=17"}],"version-history":[{"count":8,"href":"https:\/\/www.gemeinsam-ammersee.de\/index.php?rest_route=\/wp\/v2\/pages\/17\/revisions"}],"predecessor-version":[{"id":972,"href":"https:\/\/www.gemeinsam-ammersee.de\/index.php?rest_route=\/wp\/v2\/pages\/17\/revisions\/972"}],"wp:attachment":[{"href":"https:\/\/www.gemeinsam-ammersee.de\/index.php?rest_route=%2Fwp%2Fv2%2Fmedia&parent=17"}],"curies":[{"name":"wp","href":"https:\/\/api.w.org\/{rel}","templated":true}]}}