{"id":1788,"date":"2025-06-10T19:54:15","date_gmt":"2025-06-10T18:54:15","guid":{"rendered":"https:\/\/www.gemeinsam-ammersee.de\/?page_id=1788"},"modified":"2025-06-10T21:02:08","modified_gmt":"2025-06-10T20:02:08","slug":"jahresbericht-2024","status":"publish","type":"page","link":"https:\/\/www.gemeinsam-ammersee.de\/?page_id=1788","title":{"rendered":"Jahresbericht 2024"},"content":{"rendered":"\n<p><strong>Jahresbericht 2024 zur Mitgliederversammlung am 28. Mai 2025<\/strong><br>Die ordentliche Jahreshauptversammlung fand am 10. Juli 2024 im Cafe Forster, Schondorf, statt. F\u00fcr Schondorf war es ein spannendes Jahr. Nach der K\u00fcndigung von Monika M\u00f6lch zum 31. M\u00e4rz, erfolgte die Neueinstellung der Gerontofachkraft Angelika Benz ab 1.Juni als halbe Stelle. B\u00fcrgermeister Alexander Herrmann und dem Gemeinderat nochmals ein riesiges Dankesch\u00f6n f\u00fcr die Kosten\u00fcbernahme.<br><strong>Hilfeleistungen:<\/strong><br>Mit diesem Schwerpunkt des Vereinszwecks besch\u00e4ftigt sich der Vorstand weiterhin intensiv. Auch hier sind wir auf Ihre Hilfe angewiesen. Wenn Sie in ihrem Umfeld Menschen kennen die Hilfe brauchen, erz\u00e4hlen Sie ihnen bitte, wie von uns anonym und<br>unb\u00fcrokratisch geholfen werden kann.<br>Insgesamt haben wir nach 2023 mit 56.520 \u20ac, f\u00fcr die Hilfe im vergangenen Jahr 57.605 \u20ac aufgewendet. Auch bei uns nimmt die Altersarmut merklich zu, ebenso die finanziellen Probleme von alleinerziehenden M\u00fcttern. Anne Pfefferkorn (Referentin f\u00fcr Soziales und Integration der VG Schondorf) unterst\u00fctzt uns mit ihrem Fachwissen.<br><strong>Einzelfallhilfen:<\/strong><br>Beispiele \u00fcber den Umfang unserer Hilfe, teilweise als zinsloses Darlehen gew\u00e4hrt:<br>27 x Einzelfallhilfe als Unterst\u00fctzung zum t\u00e4glichen Leben geleistet 9.875 \u20ac<br>5 x Stromnachzahlungen 2.472 \u20ac <br>8 x Mieten 5.353 \u20ac<br>4 x Mietkautionen 4.840 \u20ac<br>7 x Mietnebenkosten-Nachzahlungen 5.509 \u20ac<br>6 x Umzugshilfen\/kosten 4.564 \u20ac <br>2 x Entsorgungskosten bei Umzug 753 \u20ac<br>3 x Kfz Steuer und Versicherung 865 \u20ac <br>6 x Arztrechnungen 2.524 \u20ac<br>2 x Bahncard 247 \u20ac <br>2 x Anwaltskosten 996 \u20ac<br>1 x Kindergartengeb\u00fchren 562 \u20ac <br>3 x Klassenfahrten 1.360 \u20ac<br>2 x Fahrtkosten 550 \u20ac <br>1 x Telefongeb\u00fchren 194 \u20ac<br>1 x ARD Rundfunkgeb\u00fchren 503 \u20ac <br>1 x Beerdigungskosten 1.800 \u20ac<br>10 x Kosten f\u00fcr Autoreparaturen 4.452 \u20ac<br>3 x Apotheken und Krankenkassenzusch\u00fcsse 1.445 \u20ac<br><strong>Gekauft bzw. finanziert als Darlehen haben wir 2024:<\/strong><br>1 x Brille 200 \u20ac <br>2 x Waschmaschinen 1.130 \u20ac<br>6 x K\u00fchlschrank 3.897 \u20ac <br>1 x Heiz\u00f6l 1.000 \u20ac<br>1 x iPad 400 \u20ac <br>1 x Sp\u00fclmaschine 369 \u20ac<br>1 x M\u00f6belkauf 800 \u20ac <br>1 x Matratze 200 \u20ac<br>1 x Satz Sommerreifen 336 \u20ac <br>1 x Brennholz 700 \u20ac<br>4 x Autos 4.800 \u20ac <br>1 x E-Scooter 670 \u20ac<br>1 x Jugendb\u00fccherkauf f\u00fcr B\u00fccherei 500 \u20ac<br><strong>Wichtig<\/strong> ist uns auch die Hilfe zur Selbsthilfe. Insgesamt haben wir daf\u00fcr 18 Darlehen in H\u00f6he von 16.870 \u20ac vergeben. 2023 waren es 13 mit 14.465 \u20ac.<br>Im gro\u00dfen und ganzen erfolgen die R\u00fcckzahlungen planm\u00e4\u00dfig. Ein Risiko des Ausfalls besteht immer; sicher ist jedoch: Wir haben einem Menschen in seiner Not geholfen.<br>Seit langer Zeit berichtet auch Leo Ploner in seinem Schondorf.Blog \u00fcber uns.<br>Das <strong>allgemeine Spendenaufkommen<\/strong> war 2024 mit 53.195 \u20ac nach 2023 mit 60.782 \u20ac leider etwas weniger. Wie bisher spenden viele Menschen bewusst f\u00fcr Einrichtungen in unserer Region. Wir erhielten viele Spendenbetr\u00e4ge im zwei- und dreistelligen Bereich, \u00fcber die wir uns sehr freuen. Dazu hatten wir auch wieder einige Gro\u00dfspenden. Diese m\u00f6chte ich nach dem zeitlichen Ablauf vorstellen.<br>Juni: Studio Rose, Schondorf \u201eLeo guckt\u201c mit Bilderverkauf = 2.400 \u20ac<br>Runder Geburtstag in Schondorf = 1.550 \u20ac<br>Im Oktober erhielten wir von der Sparkassenstiftung im Rahmen ihrer 1 \u20ac-Aussch\u00fcttung auf Vorschlag von Bgm. Herrmann 1.000 \u20ac.<br>Im November hat uns die Ruth u. Russel-Doering-Stiftung 7.000 \u20ac f\u00fcr \u00e4ltere Menschen in Notlagen \u00fcberwiesen.<br>Im Laufe des Jahres spendeten 11 Personen je 500 \u20ac, 6 Mitmenschen jeweils 1.000 \u20ac, sowie 1 x 1.500 \u20ac, 1 x 2.000 \u20ac und 1 x 3.000 \u20ac.<br>Wie in den Vorjahren unterst\u00fctzt die Bert-Fanselau-Stiftung den Verein; dieses Mal mit 4.000 \u20ac.<br>Ende Dezember kamen 5.000 \u20ac von der AXIA Bauprojekt GmbH aus Schondorf auf unser Konto. Gesch\u00e4ftsf\u00fchrer ist unser Vereinsmitglied Georg Bechteler.<br><strong>Allen Spendern herzlichsten Dank f\u00fcr ihre finanzielle Hilfe.<\/strong> Zusammen mit den Mitgliedsbeitr\u00e4gen sind die Spenden die wichtigsten Einnahmen des Vereins und erm\u00f6glichen uns viel Gutes zu tun.<br><strong>Zweckgebundene Spenden<\/strong> f\u00fchren wir im Kassenbericht separat auf. Sie sind f\u00fcr uns nur ein Durchlaufposten und wir verwenden sie im Sinne der Spender.<br>Von der Diessener Nachbarschaftshilfe erhalten wir seit mehreren Jahren eine Spende um Diessener B\u00fcrgern zu helfen. 2024 gab es 2.000 \u20ac: 9 x bekamen Personen Bargeld und 1 x reduzierten wir ein Darlehen.<br><strong>Finanzielle Situation:<\/strong><br>Vereinsverm\u00f6gen am 01.01.2024: 168.387,99 \u20ac, am 31.12.2024: 156.433,01 \u20ac.<br>Unser Verein liegt bei Einnahmen und Ausgaben \u00fcber 150.000 \u20ac und unsere Buchf\u00fchrung wird immer umfangreicher. Herzlichen Dank an unsere Schatzmeisterin Barbara Schubert f\u00fcr ihre professionelle, ehrenamtliche Arbeit, die sie bis Mitte April gemacht hat. Dann erfolgte die \u00dcbergabe an die neu gew\u00e4hlte Marianne Zobeley. Hier m\u00f6chte ich gleich noch erw\u00e4hnen, dass unsere Verwaltungskosten 2024, wie in vielen Jahren vorher, wieder bei nur rund 2,4 % liegen. Ein weit unter dem Durchschnitt liegender Satz f\u00fcr Vereine, der nur durch den Einsatz vieler Ehrenamtlicher m\u00f6glich ist.<br><strong>Stiftung Gemeinsam:<\/strong><br>2024 haben wir 7.800 \u20ac an Spenden bekommen, u. a. von der Lottobezirksstelle Michael Vivell Landsberg, 1.000 \u20ac, von der Gr\u00e4felfinger Leasing ihrer 50 Jahre Firmenfeier 1.900 \u20ac, 1 x Landespflegegeld 1.000 \u20ac und von einem 70. Geburtstag in Schondorf 1.830 \u20ac.<br><strong>Herzlichen Dank allen Spendern.<\/strong><br>Unser Stiftungskapital w\u00e4chst nur sehr langsam weiter und liegt \u00fcber 100.000 \u20ac. Wegen der aktuellen Zinspolitik fallen auch nur geringere Ertr\u00e4ge an.<br>In 26 F\u00e4llen haben wir insgesamt mit 8.400 \u20ac Menschen in Not geholfen.<br><strong>Wir freuen uns \u00fcber Zustiftungen jeder Art.<\/strong><br><strong>VR-Bank:<\/strong> Im Februar 2022 erh\u00f6hten wir unsere Anteile auf 80 St\u00fcck = 4.800 \u20ac.<br>Die aktuelle Verzinsung mit 3 % ist in der heutigen Zeit sehr gut.<br>Bei der VR-B\u00fcrgerEnergie besitzen wir seit 2022 einen 1.000 \u20ac Anteil an der Schondorfer PV-Anlage auf der Sporthalle, ebenfalls mit 3 % verzinst.<br><strong>Gepa:<\/strong> (Fair Handelshaus Bayern) hier besitzen wir 12 Anteile zu je 50 \u20ac. Sie sind ohne Verzinsung, dienen aber einem guten Zweck.<br><strong>Mitgliederentwicklung:<\/strong><br>2024 hatten wir 27 Neuanmeldungen und 12 K\u00fcndigungen, davon 7 wegen Todesfall. <br>Zum 31. 12. 2024 ist der Stand 349 Mitglieder.<br><strong>Aktivit\u00e4ten:<\/strong><br>Am Valentinstag und am Samstag vor dem Muttertag verteilten wir Rosen, die uns Armin Schmidt vom Schondorfer EDEKA gespendet hat.<br>Im Mai waren wir zum IHK Empfang im Landsberger Rathaus eingeladen.<br>In der Weihnachtsausgabe des Ammersee-Kuriers haben wir uns in einem Inserat bei allen Spendern, Helfern und Mitgliedern f\u00fcr ihre Unterst\u00fctzung bedankt.<br><strong>Seit<\/strong> 2021 haben wir mit der Schondorfer Buchhandlung Timbooktu eine Kooperation. Wir finanzieren den Druck der Lesezeichen, die auf der R\u00fcckseite unser Logo zeigen. 2.500 St\u00fcck f\u00fcr knapp 100 \u20ac sind eine sehr g\u00fcnstige Werbema\u00dfnahme, die wir regelm\u00e4\u00dfig fortsetzen. In jedem verkauften Buch liegt ein Lesezeichen.<br><strong>Kontakte<\/strong> gekn\u00fcpft haben wir seit l\u00e4ngerem mit \u201eB\u00fcrger verm\u00f6gen viel\u201c.<br>Jedesmal wenn Sie in einem teilnehmenden Gesch\u00e4ft die B\u00fcrgerkarte beim Bezahlen vorlegen, bekommen wir 1,8 % vom Umsatz gutgeschrieben. Bis Ende 2024 waren es rund 1.000 \u20ac. Einige Firmen finden Sie auf dem Flyer, alle teilnehmenden Betriebe auf der webseite: www.buerger-vermoegen-viel.de.<br>Hier k\u00f6nnen Sie sehr gut GEMEINSAM helfen Einnahmen zu erzielen.<br>Die sozialen Vereine am Ammersee Westufer tauschen ihre gemeinsamen Interessen und Einladungen zu Vortr\u00e4gen aus.<br><strong>Unsere Besch\u00e4ftigten und Ehrenamtlichen<\/strong> haben wir wie in den letzten 14 Jahren wieder zum Essen eingeladen. Dieses Mal im Schondorfer in Schondorf. Es ist Dank und Anerkennung f\u00fcr unsere Mitarbeiter. Die Kosten des Abends beliefen sich auf 960 \u20ac.<br><strong>Sozialmobil:<\/strong><br>Seit Jahren viele Eins\u00e4tze: 2024 mit 28.566 km 829 Fahrten.<br>2023 mit 32.750 km 706 Fahrten.<br>Sozialcard Inhaber\/innen fahren zum halben Preis. Seit 2011 fuhren wir jeden Mittwoch auch Personen aus Eching, Utting und Schondorf zur Diessener Tafel, selbstverst\u00e4ndlich kostenlos. Seit Corona liefern wir diesen B\u00fcrgern ihre Lebensmittel ins Haus. Das Sozialmobil ist wie bisher von Montag bis Freitag von 8 \u2013 17 Uhr unter der Mobilnummer 0170-8961302 erreichbar.<br>Besten Dank den Firmen EDEKA Schmidt, Maler Forster, La Delikatezza Krinner, Firma Schubert, Metzgerei Gall und Stiftung GEMEINSAM f\u00fcr ihre Werbung auf unserem Auto.<br><strong>Arbeitsplatz Sozialmobil:<\/strong><br>Seit 1. Oktober 2014 ist Gunnar Hannich aus Diessen unser Fahrer.<br>Neben den Gemeinden Schondorf, Greifenberg, Eching, Utting, Diessen und Windach beteiligen sich Wilfried Huber (Karwendelwerke Exquisa) und die Bert-Fanselau-Stiftung mit insgesamt 20.000 \u20ac an den Personalkosten. Wir bedanken uns f\u00fcr die jahrelange Unterst\u00fctzung bei allen Beteiligten! Die Restsumme von 22.885 \u20ac tr\u00e4gt unser Verein.<br>Folgende Aussage mache ich schon viele Jahre, wiederhole sie aber immer wieder sehr gerne: Es ist gut, wenn es viele gemeinde\u00fcbergreifende Projekte\/Stellen gibt. Wobei klar ist, dass nicht immer jeder Beteiligte entsprechend seinem finanziellen Anteil die dazugeh\u00f6rige Gegenleistung bekommt. Wichtig ist, dass die gesamte Region von diesen Aktivit\u00e4ten profitiert.<br><strong>Schondorfer Rikscha-Team:<\/strong><br>f\u00e4hrt ehrenamtlich ihre G\u00e4ste zu deren Wunschzielen im Ort und in der Umgebung. Die Spendengelder kommen uns zugute und dienen als Reserve f\u00fcr Reparturen und Wartung. F\u00fcr 2023 und 2024 erhielten wir 1.700 \u20ac aus dem Alltagseinsatz. F\u00fcr besondere Fahrten spendeten uns die Auftraggeber insgesamt 850 \u20ac.<br>Sie erreichen das Rikscha-Team unter 0176-47056703.<br><strong>Seniorenarbeit:<\/strong><br>Unsere Seniorenarbeit besteht vor allem aus den Fahrten mit dem Sozialmobil, der finanziellen Unterst\u00fctzung in vielen Einzelf\u00e4llen, der Nachbarschaftshilfe und der niederschwelligen Betreuung in Schondorf.<br><strong>Projekt gerontopsychatrische Fachkraft Schondorf:<\/strong><br>2019 starteten wir mit Hilfe des Vereins F\u00dcREINANDER in Utting das Projekt. Damit wird die niederschwellige Betreuung in Schondorf aufgebaut.<br>2022 haben wir beim Landesamt f\u00fcr Pflege die Anerkennung auf Unterst\u00fctzung beantragt und erhalten. So konnten wir ab Januar 2023 die Fachkraft bei uns anstellen.<br>Zum Ende M\u00e4rz k\u00fcndigte Monika M\u00f6lch ihre Arbeit bei uns. Ab 1. Juni \u00fcbernahm Angelika Benz diese Stelle. Sie hat jeden Mittwoch von 10 \u2013 12 Uhr offene Sprechstunde im Dorfhaus und ist unter 01522-5414395 erreichbar.<br>Donnerstags gibt es im 14-t\u00e4gigen Rhythmus von 14 \u2013 16 Uhr Kaffee und Kuchen f\u00fcr alleinstehende Menschen, f\u00fcr die wir auch einen Fahrdienst anbieten.<br>Das Projekt ist hervorragend gelungen, nochmals vielen Dank allen Beteiligten.<br><strong>Jugendarbeit:<\/strong><br>Auf Anfrage leisten wir projektbezogene Zusch\u00fcsse.<br>Laufende Beteiligung von 1.000 \u20ac besteht beim Jugendleiterprojekt der evangelischen Kirche in Utting. Der auf 5 Jahre geschlossene Vertrag endet 2028.<br><strong>Fl\u00fcchtlingshilfe:<\/strong><br>F\u00fcr die Betreuung gibt es viele Ehrenamtliche im Schondorfer Netzwerk Asyl unter Leitung von Helga Gall. 3 Darlehensantr\u00e4ge kamen zum Teil auch \u00fcber Vermittlung von Anne Pfefferkorn, VG Schondorf. Wir gew\u00e4hrten insgesamt 6.600 \u20ac, die R\u00fcckzahlungen laufen planm\u00e4\u00dfig.<br><strong>Kinderparks:<\/strong><br>betreiben wir in Utting und Greifenberg. Die Nachfrage ist erstaunlicherweise immer noch sehr gut.<br><strong>Nachbarschaftshilfe Schondorf:<\/strong><br>Die Nachbarschaftshilfe in Schondorf ist seit Anfang 2014 mit durchschnittlich 10 ehrenamtlichen Mitarbeitern unter Leitung von Dagmar N\u00e4ther und Peter Raithel im Einsatz, um Menschen im Alltag und in Notlagen zu unterst\u00fctzen. Wir besuchen einige \u00e4ltere Menschen regelm\u00e4\u00dfig zur Unterhaltung, zum gemeinsamen Einkaufen und sind t\u00e4tig bei der Suche nach Hilfeleistungen im Bereich Familienhilfe und vieles mehr.<br>Bedanken wollen wir uns bei den Fahrern, die viele Fahrten kurzfristig in Schondorf und Umgebung \u00fcbernehmen. Damit kommen nochmals einige hundert Fahrten dazu.<br>Seit Oktober 2020 fahren wir in Schondorf im Rahmen eines Mini-Jobs jeden Mittwochnachmittag \u00e4lteren B\u00fcrgern ihre Lebensmittelbestellungen nach Hause und setzen diesen Service weiter fort. Seit September 2021 erledigt Herbert Thalhofer aus Schondorf diese Aufgabe zu unserer vollsten Zufriedenheit. Oliver Moser hilft bei Bedarf aus.<br>Finanziert wird die Anstellung auf ungew\u00f6hnliche Art: Armin Schmidt (EDEKA-Schondorf) hat links neben seinem Leergutautomat einen Briefkasten. Hier k\u00f6nnen die Kunden die Leergutbons einwerfen und wir \u201eernten\u201c den Ertrag, 2024 mit tollen 4.355 \u20ac !!<br><strong>Projekt \u201eEssen dahoam\u201c f\u00fcr Schondorf:<\/strong><br>Wir liefern Dienstag und Freitag warmes Essen vom Wirt Aleks an mehrere Personen ehrenamtlich aus. Wir haben immer wieder Kapazit\u00e4ten frei.<br><strong>Unsere Webseite www.gemeinsam-ammersee.de<\/strong><br>ist ein sehr wichtiges Medium. Auf Facebook sind wir seit Dezember 2013 mit Stiftung und Verein GEMEINSAM vertreten. Vielen Dank unserem Mitglied Tanja N\u00e4ther, die diese Seite von Anfang an f\u00fcr uns pflegt.<br><strong>Versicherungen:<\/strong><br>Bei unserem Versicherungspartner Ecclesia haben wir eine Betriebshaftpflichtversicherung f\u00fcr unsere Kinderparks, die Nachbarschaftshilfe und Seniorenarbeit\/Alltagshelfer.<br>Der Schl\u00fcsselverlust f\u00fcr die Schlie\u00dfanlagen der Kinderparks in Utting und Greifenberg\u2013 wir sind in den R\u00e4umen nur Mieter \u2013 ist ebenfalls versichert.<br>Seit 2014 haben wir den Versicherungsschutz f\u00fcr alle vorher genannten T\u00e4tigkeitsfelder um eine Dienstreise-Versicherung mit dem Mindestumfang von 20.000 km Jahresleistung erweitert.<br>Au\u00dferdem besteht die Pflichtmitgliedschaft bei der Berufsgenossenschaft f\u00fcr Gesundheitsdienst und Wohlfahrtspflege. Insgesamt machen die Versicherungsbeitr\u00e4ge rund 1\/4 unserer Betriebskosten aus.<br><strong>Haushaltsplan 2025:<\/strong> Ein positives Ergebnis ist wieder m\u00f6glich, vor allem wenn wir dank allen Unterst\u00fctzern ein so gutes Spendenaufkommen wie 2023 erreichen. Anschaffungen sind keine geplant.<br><strong>Ich danke allen unseren Mitarbeitern\/innen und meinem Vorstandsteam f\u00fcr die ausgezeichnete gemeinsame Arbeit.<\/strong><br>Peter Raithel<br>1. Vorsitzender<\/p>\n\n\n\n<p>Spendenkonto bei der Sparkasse DE08 7005 2060 0000 1555 98<br><\/p>\n\n\n\n<p><\/p>\n","protected":false},"excerpt":{"rendered":"<p>Jahresbericht 2024 zur Mitgliederversammlung am 28. Mai 2025Die ordentliche Jahreshauptversammlung fand am 10. Juli 2024 im Cafe Forster, Schondorf, statt. F\u00fcr Schondorf war es ein spannendes Jahr. Nach der K\u00fcndigung von Monika M\u00f6lch zum 31. M\u00e4rz, erfolgte die Neueinstellung der Gerontofachkraft Angelika Benz ab 1.Juni als halbe Stelle. B\u00fcrgermeister Alexander Herrmann und dem Gemeinderat nochmals &hellip; <a href=\"https:\/\/www.gemeinsam-ammersee.de\/?page_id=1788\" class=\"more-link\"><span class=\"screen-reader-text\">Jahresbericht 2024<\/span> weiterlesen <span class=\"meta-nav\">&rarr;<\/span><\/a><\/p>\n","protected":false},"author":1,"featured_media":0,"parent":0,"menu_order":0,"comment_status":"closed","ping_status":"closed","template":"","meta":{"footnotes":""},"class_list":["post-1788","page","type-page","status-publish","hentry"],"_links":{"self":[{"href":"https:\/\/www.gemeinsam-ammersee.de\/index.php?rest_route=\/wp\/v2\/pages\/1788","targetHints":{"allow":["GET"]}}],"collection":[{"href":"https:\/\/www.gemeinsam-ammersee.de\/index.php?rest_route=\/wp\/v2\/pages"}],"about":[{"href":"https:\/\/www.gemeinsam-ammersee.de\/index.php?rest_route=\/wp\/v2\/types\/page"}],"author":[{"embeddable":true,"href":"https:\/\/www.gemeinsam-ammersee.de\/index.php?rest_route=\/wp\/v2\/users\/1"}],"replies":[{"embeddable":true,"href":"https:\/\/www.gemeinsam-ammersee.de\/index.php?rest_route=%2Fwp%2Fv2%2Fcomments&post=1788"}],"version-history":[{"count":8,"href":"https:\/\/www.gemeinsam-ammersee.de\/index.php?rest_route=\/wp\/v2\/pages\/1788\/revisions"}],"predecessor-version":[{"id":1806,"href":"https:\/\/www.gemeinsam-ammersee.de\/index.php?rest_route=\/wp\/v2\/pages\/1788\/revisions\/1806"}],"wp:attachment":[{"href":"https:\/\/www.gemeinsam-ammersee.de\/index.php?rest_route=%2Fwp%2Fv2%2Fmedia&parent=1788"}],"curies":[{"name":"wp","href":"https:\/\/api.w.org\/{rel}","templated":true}]}}