{"id":180,"date":"2015-01-27T18:07:08","date_gmt":"2015-01-27T17:07:08","guid":{"rendered":"http:\/\/test.gemeinsam-ammersee.de\/?page_id=180"},"modified":"2015-02-01T16:55:22","modified_gmt":"2015-02-01T15:55:22","slug":"jahresbericht-2011","status":"publish","type":"page","link":"https:\/\/www.gemeinsam-ammersee.de\/?page_id=180","title":{"rendered":"Jahresbericht 2011"},"content":{"rendered":"<p style=\"text-align: justify;\"><b>Jahresbericht 2011 zur Mitgliederversammlung am 28.03.2012<\/b><\/p>\n<p style=\"text-align: justify;\">Damit sich alle 12 Besch\u00e4ftigten und 7 Ehrenamtlichen einmal j\u00e4hrlich zusammen austauschen k\u00f6nnen, haben wir uns am 12. 01. beim Sailerwirt in Schondorf zum Essen getroffen. Das st\u00e4rkt das Gemeinschaftsgef\u00fchl und ist eine Anerkennung f\u00fcr unsere Mitarbeiter. Die Kosten des Abends beliefen sich auf 260,&#8211; \u20ac.<\/p>\n<p style=\"text-align: justify;\"><b>Mitgliederentwicklung:<\/b><br \/>\n2011 hatten wir 13 Neuanmeldungen und 10 K\u00fcndigungen.<br \/>\nStand 01. 01. 2011 : 225<br \/>\nStand 31. 12. 2011 : 228 aktuell : 231<\/p>\n<p style=\"text-align: justify;\">Ideen, wie wir Mitglieder gewinnen k\u00f6nnen, die uns langfristig unterst\u00fctzen, stehen wir immer offen gegen\u00fcber.<br \/>\nDieses Jahr wollen wir verschiedene Aktionen durchf\u00fchren. Am Valentinstag verteilte ich im Schondorfer Edeka den ganzen Tag Rosen \u2013 gespendet von Herrn Schmidt \u2013 um uns bekannter zu machen. Am Samstag vor Muttertag wiederholten wir dieses vor dem Nahkauf Melzer.<br \/>\nGeplant ist weiterhin ein Stand am Kunsthandwerkermarkt, Sonntag 1. Juli, in den Seeanlagen und im September beim Edeka Schmidt.<\/p>\n<p style=\"text-align: justify;\"><b>Sozialmobil:<\/b><br \/>\nSeit mehreren Jahren viele Eins\u00e4tze: 2011 61.000 km, nach 68.000 km im Jahr 2010<br \/>\nBei den Werbefl\u00e4chen am Auto gibt es 2 \u00c4nderungen. Die Fl\u00e4che von Dillinger-Moden \u2013 sie gab im M\u00e4rz 2012 ihr Gesch\u00e4ft auf \u2013 \u00fcbernimmt die Forster-Maler GmbH, Vereinsmitglied aus Schondorf und aus meiner Lottoseite wird unsere Stiftung Gemeinsam.<br \/>\nSeit 2011 fahren wir jeden Mittwoch auch mehrere Personen aus Eching und Schondorf zur Diessener Tafel, selbstverst\u00e4ndlich kostenlos.<br \/>\nF\u00fcr unsere Fahrg\u00e4ste haben wir einen Rollator angeschafft. Er ist zusammenklappbar und hat im Kofferraum Platz.<br \/>\nDas Sozialmobil ist wie bisher von Montag bis Freitag von 8 \u2013 17 Uhr unter der Mobilnummer 0170-8961302 erreichbar.<\/p>\n<p style=\"text-align: justify;\"><b>Arbeitsplatz Herr Rohloff:<\/b><br \/>\nAb 1. Juli 2009 haben wir statt dem 1,&#8211; \u20ac Job f\u00fcr unseren Sozialmobil-Fahrer einen Vollzeitarbeitsplatz geschaffen.<br \/>\nEnde Oktober 2011 wurde Herr Rohloff auf Grund von Wirbels\u00e4ulenproblemen l\u00e4ngere Zeit krank.<br \/>\nSeit 1. Februar haben wir befristet bis Ende 2012 Herrn Peter Trikojat aus Schondorf angestellt. Er hat bereits 2011 die Urlaubs- und Krankheitsvertretung von Herrn Rohloff \u00fcbernommen.<br \/>\nNach 75 % Zuschuss im 1. Jahr f\u00fcr Herrn Rohloff , k\u00fcrzt das Arbeitsamt im 2. Jahr auf 50 % und im 3. und somit letztem Jahr, das im Juni 2012 endet, gibt es noch 30 %. Au\u00dferdem besteht die Verpflichtung seitens des Arbeitsamtes die Stelle mindestens noch 1 Jahr weiterzuf\u00fchren. Durch die Erkrankung von Herrn Rohloff entf\u00e4llt dieser 30% Anteil von November 2011 bis Juni 2012. Das bedeutet f\u00fcr uns einen Einnahmeverlust von ca. 5.000,&#8211; \u20ac.<br \/>\nWenn Herr Rohloff 2013 seine Arbeit wieder aufnehmen kann, wird der Zuschuss noch gew\u00e4hrt.<br \/>\nNeben den Gemeinden Schondorf, Greifenberg, Eching, Diessen und jetzt auch Windach beteiligen sich Horst Biallo (Biallo &amp; Team), Wilfried Huber (Karwendelwerke Exquisa), Barbara Schubert (Schubert International), Peter Raithel, die Bert-Fanselau-Stiftung, die evangelische Kirchengemeinde Utting-Diessen und die Stiftung Gemeinsam mit insgesamt 19.000,&#8211; \u20ac j\u00e4hrlich bereits an dieser Ma\u00dfnahme. Die Restkosten von 12.000,&#8211; \u20ac \u00fcbernimmt bis jetzt unser Verein Gemeinsam. Wir sind weiterhin intensiv auf der Suche nach Sponsoren und Spendern und ich bin zuversichtlich, dass sich noch weitere finden werden.<br \/>\nBeim Sozialpreis 2011 der VR-Bank haben wir die 4 Siegerpl\u00e4tze nur knapp verfehlt. Vor der Preisverleihung konnten alle Teilnehmer ihr Projekt kurz vorstellen.<br \/>\nIch finde es sehr gut, wenn es viele gemeinde\u00fcbergreifende Projekte\/Stellen gibt. Wobei klar ist, dass nicht immer jeder Beteiligte entsprechend seinem finanziellen Anteil die dazugeh\u00f6rige Gegenleistung bekommt. Wichtig ist, dass die gesamte Region von den einzelnen Aktivit\u00e4ten profitiert.<\/p>\n<p style=\"text-align: justify;\"><b>Seniorenarbeit:<\/b><br \/>\nUnsere Seniorenarbeit besteht aus der Bereitstellung des Sozialmobils und finanzieller Unterst\u00fctzung in Einzelf\u00e4llen. Besonders hier gibt es ein gro\u00dfes Problem. Diese Personengruppe ist es nicht gewohnt bzw. tut sich sehr schwer Hilfe anzunehmen.<br \/>\nEingeladen waren wir im Mai beim runden Tisch Seniorenarbeit in Utting zum Thema: Aufbau eines Fahrdienstes. Wir konnten unsere Erfahrungen einbringen. Inzwischen werden f\u00fcr Uttinger B\u00fcrger Einkaufsfahrten angeboten, was unser Sozialmobil entlastet.<\/p>\n<p style=\"text-align: justify;\"><b>Jugendarbeit:<\/b><br \/>\nIn Schondorf wurde das neue Jugendhaus neben dem Rathaus im Februar er\u00f6ffnet. Auf deren Anfrage werden wir dazu projektbezogene Zusch\u00fcsse leisten.<\/p>\n<p style=\"text-align: justify;\"><b>Tagesm\u00fctter- und Babysittervermittlung<\/b><br \/>\nFrau Leiber besten Dank f\u00fcr ihre erfolgreiche Arbeit.<\/p>\n<p style=\"text-align: justify;\"><b>Kinderpark:<\/b><br \/>\nBetreiben wir wie bisher in Utting, Windach und Greifenberg.<\/p>\n<p style=\"text-align: justify;\"><b>Einzelfallhilfe:<\/b><br \/>\nleisteten wir in H\u00f6he von 7.100,&#8211; \u20ac f\u00fcr Erwachsene und Kinder wie zum Beispiel:<br \/>\nDie Kindergartengeb\u00fchren von M\u00e4rz bis August \u00fcbernahmen wir f\u00fcr eine alleinerziehende Mutter.<br \/>\nF\u00fcr ein Schulkind bezuschussten wir das Skilager. Einer Uttinger Witwe mit sehr geringer Rente kauften wir Brennholz im Wert von 300,&#8211; \u20ac.<br \/>\nAu\u00dferdem unterst\u00fctzten wir die Tenne St. Martin in Utting, ein Tanzprojekt der Schondorfer Grundschule , eine Schulbibliothek der Afrikahilfe Schondorf und f\u00fcr einen in Landsberg lebenden jungen Iraner zahlten wir eine Monatsmiete. Ab Januar 2012 hat er eine Festanstellung gefunden, sodass er zuk\u00fcnftig auf eigenen F\u00fc\u00dfen steht.<br \/>\nBeim Auftritt des ukrainischen Staatschores \u201eTrembita\u201c am 23. Mai in Schondorf spendeten ca. 70 Zuh\u00f6rer 810,&#8211; \u20ac. Wir stockten diesen Betrag um 500,&#8211; \u20ac auf.<\/p>\n<p style=\"text-align: justify;\"><b>Spenden:<\/b><br \/>\nDas Spendenaufkommen betrug 2011 insgesamt 8.100,&#8211; \u20ac.<br \/>\nAnscheinend spenden viele Menschen bewusst f\u00fcr Einrichtungen in unserer Region. Wir erhielten viele Spendenbetr\u00e4ge zwischen 50,&#8211; und 500,&#8211; \u20ac.<br \/>\nAu\u00dferdem hat ein Uttinger Ehepaar anl\u00e4sslich ihres doppelten 50. Geburtstags statt Geschenke ein Sparschwein f\u00fcr uns aufgestellt. Das stolze Ergebnis 2.000,&#8211; \u20ac.<br \/>\nDer Flohmarkt \u201eFeldhamster\u201c aus Kaufering \u00fcberwies uns 500,&#8211; \u20ac. Das Sammerseefestival in Schondorf stiftete aus seinem \u00dcberschuss 420,&#8211; \u20ac. Der Angelverein Schondorf wurde aufgel\u00f6st, was uns mit 730,&#8211; \u20ac zu Gute kam.<br \/>\nSeit Herbst 2010 arbeiten wir mit der Brodmerkel-Stiftung Utting \u2013 der Lions Club Landsberg ist der Verwalter \u2013 zusammen. Diese unterst\u00fctzt wirtschaftlich bed\u00fcrftige \u00e4ltere Menschen im Landkreis Landsberg am Lech. Mit ihrer Hilfe haben wir einem Ehepaar in einer Sozialwohnung einen neuen Holzofen im Wert von 970,&#8211; \u20ac incl. Aufstellen und Entsorgen des alten zukommen lassen k\u00f6nnen.<br \/>\nAllen Spendern herzlichen Dank f\u00fcr Ihre Hilfe.<\/p>\n<p style=\"text-align: justify;\"><b>Internetseite: www.gemeinsam-ammersee.de<\/b><br \/>\nAnregungen und Verbesserungsvorschl\u00e4ge nehmen wir sehr gerne an.<br \/>\nNach 2010 mit rund 23.000 x wurde die Seite in 2011 bereits 29.000 x angeklickt.<\/p>\n<p style=\"text-align: justify;\"><b>Stiftung Gemeinsam: www.stiftung-gemeinsam.de<\/b><br \/>\nIst am Ziel. Sie wurde am 22.06.2010 von der Regierung von Oberbayern anerkannt. Das Stiftungskapital betr\u00e4gt 74.000,&#8211; \u20ac.<br \/>\nF\u00fcr dieses Jahr planen wir einen Stiftungstag mit verschiedenen Aktionen, um bekannter zu werden und m\u00f6glichst viele Stifter zu gewinnen. Gerade f\u00fcr Menschen ohne Kinder ist es eine gute Sache eine Stiftung als Erben \u2013 noch dazu steuerfrei \u2013 einzusetzen.<\/p>\n<p style=\"text-align: justify;\"><b>Herr Hogeweg<\/b> stellt Strohhalm e.V. Diessen \u201eHilfe zur Selbsthilfe aus der Abh\u00e4ngigkeit\u201c vor.<br \/>\nMit diesem Punkt wollten wir Ihnen nach der Diessener Tafel 2010 und den 3 Tennen St. Martin von Diakon Streicher 2011 wieder ein soziales Projekt aus unserer Region vorstellen.<br \/>\nF\u00fcr die Unterst\u00fctzung der Einrichtung \u00fcberreichten wir Herrn Hogeweg 500,&#8211; \u20ac.<\/p>\n<p style=\"text-align: justify;\"><b>Finanzielle Situation<\/b><br \/>\nVereinsverm\u00f6gen am 1. Januar 2011: 15.244,24<br \/>\nVereinsverm\u00f6gen am 31. Dezember 2011: 33.944,29<\/p>\n<p style=\"text-align: justify;\">Unser Verein liegt inzwischen bei Einnahmen und Ausgaben jeweils in der N\u00e4he von 100.000,&#8211; \u20ac und dem zu Folge wird die Buchf\u00fchrung immer umfangreicher. Besten Dank Frau Schubert f\u00fcr ihre professionelle Arbeit.<\/p>\n<p style=\"text-align: justify;\"><b>Beitragserh\u00f6hung ab 2012<\/b><br \/>\nSeit Gr\u00fcndung des Vereins 1995 ist der Beitrag mit 120,&#8211; DM\/60,&#8211; \u20ac f\u00fcr die Einzelmitgliedschaft und 180,&#8211; DM\/90,&#8211; \u20ac f\u00fcr die Familienmitgliedschaft unver\u00e4ndert. Das ist gemessen an der allgemeinen Teuerungsrate in diesen 16 Jahren ziemlich einmalig. Wir haben auf 75,&#8211; \u20ac bzw. 105,&#8211; \u20ac erh\u00f6ht, was zu rund 2.800,&#8211; \u20ac Mehreinnahmen f\u00fchrt und den einzelnen mit 1,25 \u20ac monatlich belastet. Ich denke, dass wir damit weiterhin f\u00fcr viele Jahre eine stabile Finanzierung unseres Vereins erhalten und die Sicherung des \u201eUnternehmens Sozialmobil\u201c gew\u00e4hrleistet ist.<br \/>\nDie Mitgliederversammlung am 30.M\u00e4rz 2011 genehmigte die Erh\u00f6hung einstimmig.<\/p>\n<p style=\"text-align: justify;\"><b>Vorstandswahlen:<\/b><br \/>\nDer gesamte Vorstand wurde in seinen \u00c4mtern best\u00e4tigt und f\u00fcr seine bisherige T\u00e4tigkeit von der Mitgliederversammlung entlastet.<\/p>\n<p style=\"text-align: justify;\">Ich danke meinem Vorstandsteam f\u00fcr die ausgezeichnete gemeinsame Arbeit.<\/p>\n<p style=\"text-align: justify;\">Peter Raithel<br \/>\n1. Vorsitzender<\/p>\n","protected":false},"excerpt":{"rendered":"<p>Jahresbericht 2011 zur Mitgliederversammlung am 28.03.2012 Damit sich alle 12 Besch\u00e4ftigten und 7 Ehrenamtlichen einmal j\u00e4hrlich zusammen austauschen k\u00f6nnen, haben wir uns am 12. 01. beim Sailerwirt in Schondorf zum Essen getroffen. Das st\u00e4rkt das Gemeinschaftsgef\u00fchl und ist eine Anerkennung f\u00fcr unsere Mitarbeiter. Die Kosten des Abends beliefen sich auf 260,&#8211; \u20ac. Mitgliederentwicklung: 2011 hatten &hellip; <a href=\"https:\/\/www.gemeinsam-ammersee.de\/?page_id=180\" class=\"more-link\"><span class=\"screen-reader-text\">Jahresbericht 2011<\/span> weiterlesen <span class=\"meta-nav\">&rarr;<\/span><\/a><\/p>\n","protected":false},"author":1,"featured_media":0,"parent":0,"menu_order":0,"comment_status":"closed","ping_status":"closed","template":"","meta":{"footnotes":""},"class_list":["post-180","page","type-page","status-publish","hentry"],"_links":{"self":[{"href":"https:\/\/www.gemeinsam-ammersee.de\/index.php?rest_route=\/wp\/v2\/pages\/180","targetHints":{"allow":["GET"]}}],"collection":[{"href":"https:\/\/www.gemeinsam-ammersee.de\/index.php?rest_route=\/wp\/v2\/pages"}],"about":[{"href":"https:\/\/www.gemeinsam-ammersee.de\/index.php?rest_route=\/wp\/v2\/types\/page"}],"author":[{"embeddable":true,"href":"https:\/\/www.gemeinsam-ammersee.de\/index.php?rest_route=\/wp\/v2\/users\/1"}],"replies":[{"embeddable":true,"href":"https:\/\/www.gemeinsam-ammersee.de\/index.php?rest_route=%2Fwp%2Fv2%2Fcomments&post=180"}],"version-history":[{"count":2,"href":"https:\/\/www.gemeinsam-ammersee.de\/index.php?rest_route=\/wp\/v2\/pages\/180\/revisions"}],"predecessor-version":[{"id":287,"href":"https:\/\/www.gemeinsam-ammersee.de\/index.php?rest_route=\/wp\/v2\/pages\/180\/revisions\/287"}],"wp:attachment":[{"href":"https:\/\/www.gemeinsam-ammersee.de\/index.php?rest_route=%2Fwp%2Fv2%2Fmedia&parent=180"}],"curies":[{"name":"wp","href":"https:\/\/api.w.org\/{rel}","templated":true}]}}