{"id":186,"date":"2015-01-27T18:10:46","date_gmt":"2015-01-27T17:10:46","guid":{"rendered":"http:\/\/test.gemeinsam-ammersee.de\/?page_id=186"},"modified":"2015-02-01T17:01:37","modified_gmt":"2015-02-01T16:01:37","slug":"sozialmobil-2007-2010","status":"publish","type":"page","link":"https:\/\/www.gemeinsam-ammersee.de\/?page_id=186","title":{"rendered":"Sozialmobil 2007 &#8211; 2010"},"content":{"rendered":"<p style=\"text-align: justify;\">Informationen zum Sozialmobil &#8211; Ford Fusion Diesel &#8211; unseres Vereins<\/p>\n<p style=\"text-align: justify;\">Anschaffung im Dezember 2007 bei Fa. Ludwig Schweiger in Utting, die f\u00fcr die Werbefl\u00e4che auf der Motorhaube das Auto zu einem Sonderpreis abgibt.<\/p>\n<p style=\"text-align: justify;\">5 Firmen aus Schondorf und Utting erhalten jeweils 1 Wagent\u00fcre als Werbefl\u00e4che und finanzieren damit f\u00fcr 3 Jahre die monatlichen Kreditraten. Es sind aus Schondorf<br \/>\nModehaus Dillinger, Greifenbergerstra\u00dfe 14<br \/>\nMetzgerei Gall, Landsbergerstra\u00dfe 17<br \/>\nCaf\u00e9 Huber, Bahnhofstra\u00dfe 24<br \/>\nLotto Schumann Inh. Raithel, Wilhelm-Leibl-Platz 4<br \/>\nOpteamo Siebdruck, Greifenberger Stra\u00dfe 14<br \/>\naus Utting Schubert International, Industriestra\u00dfe 5<\/p>\n<p style=\"text-align: justify;\">Das Sozialmobil ist Montag bis Freitag von 8 &#8211; 17 Uhr unter 0170-8961302 erreichbar.<\/p>\n<p style=\"text-align: justify;\">Es ist abrufbar f\u00fcr hilfsbed\u00fcrftige Menschen, die Fahrten zum Arzt, Einkaufen usw. ben\u00f6tigen.<\/p>\n<p style=\"text-align: justify;\">F\u00fcr die Inanspruchnahme des Sozialmobiles bitten wir nach den jeweiligen finanziellen M\u00f6glichkeiten um eine Spende f\u00fcr die laufenden Kosten.<\/p>\n<p style=\"text-align: justify;\">Wer das Projekt insgesamt f\u00f6rdern will, kann dies mit einer Spende auf das Konto 155 598 bei der Sparkasse Schondorf BLZ 700 520 60 gerne tun. Eine Spendenquittung wird ausgestellt.<\/p>\n<p style=\"text-align: justify;\"><b>Sponsoren<\/b><\/p>\n<p style=\"text-align: justify;\"><img decoding=\"async\" src=\"https:\/\/www.gemeinsam-ammersee.de\/upload\/opteamo_1219732137.jpg\" alt=\"Opteamo\" border=\"0\" \/><\/p>\n<p style=\"text-align: justify;\">Martin Gleixner &#8211; Opteamo drucken und veredeln (<a href=\"http:\/\/www.opteamo.de\">www.opteamo.de<\/a>)<\/p>\n<p style=\"text-align: justify;\"><img decoding=\"async\" src=\"https:\/\/www.gemeinsam-ammersee.de\/upload\/huber_1219732240.jpg\" alt=\"Cafe Huber\" border=\"0\" \/><\/p>\n<p style=\"text-align: justify;\">Christiane Huber &#8211; Caf\u00e9 Huber<\/p>\n<p style=\"text-align: justify;\"><img decoding=\"async\" src=\"https:\/\/www.gemeinsam-ammersee.de\/upload\/gall_1219732435.jpg\" alt=\"Metzgerei Gall\" border=\"0\" \/><\/p>\n<p style=\"text-align: justify;\">Josef Gall &#8211; Metzgerei Gall (<a href=\"http:\/\/www.metzgerei-gall.de\">www.metzgerei-gall.de<\/a>)<\/p>\n<p style=\"text-align: justify;\"><img decoding=\"async\" src=\"https:\/\/www.gemeinsam-ammersee.de\/upload\/dillinger_1219732535.jpg\" alt=\"Modehaus Dillinger\" border=\"0\" \/><\/p>\n<p style=\"text-align: justify;\">Theresia Dillinger &#8211; Modehaus Dillinger<\/p>\n<p style=\"text-align: justify;\"><img decoding=\"async\" src=\"https:\/\/www.gemeinsam-ammersee.de\/upload\/scentific_1219732630.jpg\" alt=\"Scentific\" border=\"0\" \/><\/p>\n<p style=\"text-align: justify;\">Lothar Schubert &#8211; Scentific Duftlacke (<a href=\"http:\/\/www.schubert-international.com\">www.www.schubert-international.com<\/a>)<\/p>\n<p style=\"text-align: justify;\"><img decoding=\"async\" src=\"https:\/\/www.gemeinsam-ammersee.de\/upload\/schumann_1219732775.jpg\" alt=\"Der Schumann\" border=\"0\" \/><\/p>\n<p style=\"text-align: justify;\">Peter Raithel &#8211; Der Schumann<\/p>\n","protected":false},"excerpt":{"rendered":"<p>Informationen zum Sozialmobil &#8211; Ford Fusion Diesel &#8211; unseres Vereins Anschaffung im Dezember 2007 bei Fa. Ludwig Schweiger in Utting, die f\u00fcr die Werbefl\u00e4che auf der Motorhaube das Auto zu einem Sonderpreis abgibt. 5 Firmen aus Schondorf und Utting erhalten jeweils 1 Wagent\u00fcre als Werbefl\u00e4che und finanzieren damit f\u00fcr 3 Jahre die monatlichen Kreditraten. Es &hellip; <a href=\"https:\/\/www.gemeinsam-ammersee.de\/?page_id=186\" class=\"more-link\"><span class=\"screen-reader-text\">Sozialmobil 2007 &#8211; 2010<\/span> weiterlesen <span class=\"meta-nav\">&rarr;<\/span><\/a><\/p>\n","protected":false},"author":1,"featured_media":0,"parent":0,"menu_order":0,"comment_status":"closed","ping_status":"closed","template":"","meta":{"footnotes":""},"class_list":["post-186","page","type-page","status-publish","hentry"],"_links":{"self":[{"href":"https:\/\/www.gemeinsam-ammersee.de\/index.php?rest_route=\/wp\/v2\/pages\/186","targetHints":{"allow":["GET"]}}],"collection":[{"href":"https:\/\/www.gemeinsam-ammersee.de\/index.php?rest_route=\/wp\/v2\/pages"}],"about":[{"href":"https:\/\/www.gemeinsam-ammersee.de\/index.php?rest_route=\/wp\/v2\/types\/page"}],"author":[{"embeddable":true,"href":"https:\/\/www.gemeinsam-ammersee.de\/index.php?rest_route=\/wp\/v2\/users\/1"}],"replies":[{"embeddable":true,"href":"https:\/\/www.gemeinsam-ammersee.de\/index.php?rest_route=%2Fwp%2Fv2%2Fcomments&post=186"}],"version-history":[{"count":2,"href":"https:\/\/www.gemeinsam-ammersee.de\/index.php?rest_route=\/wp\/v2\/pages\/186\/revisions"}],"predecessor-version":[{"id":302,"href":"https:\/\/www.gemeinsam-ammersee.de\/index.php?rest_route=\/wp\/v2\/pages\/186\/revisions\/302"}],"wp:attachment":[{"href":"https:\/\/www.gemeinsam-ammersee.de\/index.php?rest_route=%2Fwp%2Fv2%2Fmedia&parent=186"}],"curies":[{"name":"wp","href":"https:\/\/api.w.org\/{rel}","templated":true}]}}