{"id":25,"date":"2015-01-26T09:58:50","date_gmt":"2015-01-26T09:58:50","guid":{"rendered":"http:\/\/test.gemeinsam-ammersee.de\/?page_id=25"},"modified":"2023-03-02T16:34:41","modified_gmt":"2023-03-02T15:34:41","slug":"presseberichte","status":"publish","type":"page","link":"https:\/\/www.gemeinsam-ammersee.de\/?page_id=25","title":{"rendered":"Presseberichte"},"content":{"rendered":"<p><span style=\"font-family: Arial, sans-serif;\"><b>Verein GEMEINSAM dankt der Nachbarschaftshilfe Die\u00dfen<br \/>\n<\/b><\/span><span style=\"font-family: Arial, sans-serif;\">Im Dezember 2022 bekamen wir von der Nachbarschaftshilfe Die\u00dfen eine zweckgebundene Spende in H\u00f6he von 5.000 \u20ac f\u00fcr \u201eDie\u00dfener B\u00fcrger&#8220;<br \/>\n<\/span><span style=\"font-family: Arial, sans-serif;\">Damit konnten wir in der Weihnachtszeit vielen Menschen eine gro\u00dfe Freude machen.<br \/>\n<\/span><span style=\"font-family: Arial, sans-serif;\">9 Personen erhielten insgesamt 2.900 \u20ac. Weitere 4 Personen konnten damit ihr Darlehen um 1.150 \u20ac tilgen.<br \/>\n<\/span><span style=\"font-family: Arial, sans-serif;\">Die Restsumme verteilen wir im Laufe der n\u00e4chsten Zeit.<br \/>\n<\/span><span style=\"font-family: Arial, sans-serif;\">Wir bedanken uns vielmals f\u00fcr die Spende und f\u00fcr die gute Zusammenarbeit mit der Die\u00dfener Nachbarschaftshilfe.<\/span><\/p>\n<p style=\"text-align: justify;\"><strong>Pressebericht vom 26. April 2017 des Kreisboten Landsberg<\/strong><\/p>\n<p style=\"text-align: justify;\"><a href=\"https:\/\/www.gemeinsam-ammersee.de\/wp-content\/uploads\/2015\/01\/Gemeinsam-Kreisbote-26.4.20171.png\"><img loading=\"lazy\" decoding=\"async\" class=\"alignnone size-full wp-image-761\" src=\"https:\/\/www.gemeinsam-ammersee.de\/wp-content\/uploads\/2015\/01\/Gemeinsam-Kreisbote-26.4.20171.png\" alt=\"Gemeinsam - Kreisbote 26.4.2017(1)\" width=\"1686\" height=\"1263\" srcset=\"https:\/\/www.gemeinsam-ammersee.de\/wp-content\/uploads\/2015\/01\/Gemeinsam-Kreisbote-26.4.20171.png 1686w, https:\/\/www.gemeinsam-ammersee.de\/wp-content\/uploads\/2015\/01\/Gemeinsam-Kreisbote-26.4.20171-300x225.png 300w, https:\/\/www.gemeinsam-ammersee.de\/wp-content\/uploads\/2015\/01\/Gemeinsam-Kreisbote-26.4.20171-768x575.png 768w, https:\/\/www.gemeinsam-ammersee.de\/wp-content\/uploads\/2015\/01\/Gemeinsam-Kreisbote-26.4.20171-1024x767.png 1024w\" sizes=\"auto, (max-width: 1686px) 100vw, 1686px\" \/><\/a><b>Sammersee-Festival Schondorf 2012<\/b><\/p>\n<p style=\"text-align: justify;\">Bereits zum 6. Mal fand in Schondorf am Ammersee das Sammersee-Festival statt. Wie jedes Jahr geht der gesamte Erl\u00f6s an gemeinn\u00fctzige Organisationen.<br \/>\nDieses Jahr erhalten Spielratz e.V. M\u00fcnchen \u2013 sie veranstalten integrative Kinder- und Jugendfreizeiten f\u00fcr sozialschwache, sowie behinderte und emigrante Menschen \u2013 und GemEinsam gemeinn\u00fctziger Verein Ammersee-West e.V. den \u00dcberschuss.<br \/>\nDer Verein GemEinsam freut sich sehr \u00fcber den Betrag von 500,&#8211; \u20ac. Neben dem Projekt Sozialmobil kann vor allem Menschen in finanziellen Notlagen geholfen werden.<\/p>\n<p style=\"text-align: justify;\"><a href=\"https:\/\/www.gemeinsam-ammersee.de\/wp-content\/uploads\/2015\/04\/Scheck\u00fcbergabe-e1428571343420.jpg\"><img loading=\"lazy\" decoding=\"async\" class=\"alignnone wp-image-392 size-full\" src=\"https:\/\/www.gemeinsam-ammersee.de\/wp-content\/uploads\/2015\/04\/Scheck\u00fcbergabe-e1428571343420.jpg\" alt=\"Scheck\u00fcbergabe\" width=\"440\" height=\"330\" \/><\/a><\/p>\n<p style=\"text-align: justify;\">Von links nach rechts:<br \/>\nMarkus Schulz und Luise Renner vom Sammersee-Festival-Team und Peter Raithel von GemEinsam.<br \/>\nWeiter Informationen finden Sie auf: <a href=\"http:\/\/www.sammersee-festival.de\/\" target=\"_blank\" rel=\"noopener\"><span style=\"text-decoration: underline;\">www.sammersee-festival.de<\/span><\/a> und <a href=\"https:\/\/www.gemeinsam-ammersee.de\/\" target=\"_blank\" rel=\"noopener\"><span style=\"text-decoration: underline;\">www.gemeinsam-ammersee.de<\/span><\/a><\/p>\n<p style=\"text-align: justify;\"><b>Schondorfer sind Nutznie\u00dfer des Sozialmobils<br \/>\nGemeinderat unterst\u00fctzt Verein Gemeinsam mit 3.000 Euro im Jahr 2011.<\/b><\/p>\n<p style=\"text-align: justify;\">Schondorf \u2013 Kurt Bergmaier (FW) \u00fcbernahm in seiner Funktion als stellvertretenderB\u00fcrgermeister die Leitung der j\u00fcngsten Gemeinderatssitzung in Schondorf. B\u00fcrgermeister Peter Wittmaack befinde sich vorsorglich in einer Rehabilitationsma\u00dfnahme, es gehe ihm gut, hie\u00df es von offizieller Seite.<br \/>\nDie Gemeinde Schondorf wird k\u00fcnftig das Sozialmobil des Vereins \u201eGemeinsam\u201c mit 3.000 Euro im Jahr weiter unterst\u00fctzen. Dies hat der Gemeinderat einstimmig beschlossen. Wie aus dem Antrag hervorging, werden 41 Prozent der Fahrten von Schondorfer B\u00fcrgerinnen und B\u00fcrgern in Anspruch genommen. Schondorf ist somit der gr\u00f6\u00dfte Nutznie\u00dfer des Fahrdienstes, den der Verein im Juli 2009 ins Leben gerufen und damit seinerzeit auch einen Vollzeit- Arbeitsplatz geschaffen hat. Der 57- j\u00e4hrige fr\u00fchere Langzeitarbeitslose Reinhard Rohloff \u00fcbt seither diese T\u00e4tigkeit aus. Bislang wurde der Arbeitsplatz von der Arbeitsagentur bezuschusst,doch diese F\u00f6rderung l\u00e4uft im Juli 2012 aus. Anfangs belief sich die F\u00f6rderung auf 75 Prozent. Inzwischen werden nur noch 30 Prozent der j\u00e4hrlichen Personalkosten in H\u00f6he von rund 30.000 Euro \u00fcbernommen. \u201eWir m\u00fcssen froh sein, dass es den Verein gibt\u201c, erkl\u00e4rte Marlene Orban (SPD). Rudi Hoffmann (Gr\u00fcne) wollte einen Schritt weiter gehen und den Betrag erh\u00f6hen: \u201eWir als gr\u00f6\u00dfter Nutznie\u00dfer k\u00f6nnen noch mehr dazu beitragen. Wir geben anderen Vereinen so viel Geld, da sind 3.000 Euro \u00fcberschaubar\u201c. \u201eEs sind konkret 3.000 Euro beantragt, entsprechende k\u00fcnftige Antr\u00e4ge k\u00f6nnen wir ja wohlwollend pr\u00fcfen\u201c, entgegnete Andreas Dhom (FW) dem Vorschlag. Sollte es nicht gelingen, den Arbeitsplatz \u00fcber die F\u00f6rderzeit hinaus zu sichern, m\u00fcssen die bis dahin gezahlten F\u00f6rdergelder zur\u00fcckgezahlt werden. F\u00f6rderbeitrag durch Sponsoren Der F\u00f6rderbetrag ist k\u00fcnftig nur durch Sponsoren aufzubringen. Einige wie etwa die Firmen Biallo &amp; Team, die Karwendelwerke Exquisa, Lotto Schumann und Schubert International, die<br \/>\nStiftung \u201eGemeinsam\u201c sowie die Gemeinden Greifenberg, Eching und Die\u00dfen haben sich bereits gefunden. Der Verein freut sich \u00fcber weitere Sponsoren und Spender, die sich an den Kosten zur Erhaltung des Fahrdienstes beteiligen. Tische und St\u00fchle f\u00fcr Garten des Jugendhauses Das Jugendhaus hat im Fr\u00fchjahr seinen Betrieb unter der Leitung von Kristina Krone aufgenommen und erfreut sich seither zunehmender Beliebtheit. Wie in der Planung bereits vorgesehen soll ein Holzsteg, der im Osten und Norden um das Geb\u00e4ude heruml\u00e4uft, Platz f\u00fcr ein paar Tische und St\u00fchle unter freiem Himmel bieten. Die Firma Fichtl aus Hechenwang erhielt f\u00fcr rund 5.200 Euro den Zuschlag. \u201eIch f\u00e4nde es gut, wenn das ganze noch \u00fcberdacht werden w\u00fcrde\u201c, lautete die Anregung von Helga Gall (Gr\u00fcne). Das Gremium entschied in diesem Punkt aber zun\u00e4chst das Nutzerverhalten abzuwarten und eine m\u00f6gliche \u00dcberdachung zu einem sp\u00e4teren Zeitpunkt ins Auge zu fassen. Geld der Sparkassenstiftung f\u00fcr Vereine Die Stiftung der Sparkasse unterst\u00fctzt die Gemeinde mit einem Euro pro Einwohner, also rund 4.000 Euro j\u00e4hrlich, wobei die Gemeinde \u00fcber die Vergabe der Gelder zum Wohle der Gemeinschaft entscheiden kann. Einstimmig folgte der Gemeinderat dem Vorschlag<br \/>\nvon B\u00fcrgermeister Peter Wittmaack (SPD), das Geld in diesem Jahr dem Sch\u00fctzenverein, Ruderclub und Jugendhaus zukommen zu lassen. dyb<\/p>\n<p style=\"text-align: justify;\"><b>GEMEINSAM zeigt soziale St\u00e4rke<\/b><\/p>\n<p style=\"text-align: justify;\">Ab 1. Juli 2009 wird aus einem 1-Euro-Job eine Festanstellung<\/p>\n<p style=\"text-align: justify;\">Mit Hilfe des Arbeitsamtes und den Gemeinden Schondorf, Greifenberg und Eching ist es dem Verein Gemeinsam \u2013 Gemeinn\u00fctziger Verein Ammersee West e.V. gelungen, aus einem 1-Euro-Job eine Festanstellung zu schaffen. Herr Reinhard Rohloff &#8211; der Fahrer des Sozialmobils \u2013 wurde fest \u00fcbernommen.<\/p>\n<p style=\"text-align: justify;\">Das Sozialmobil ist abrufbar f\u00fcr hilfsbed\u00fcrftige Menschen, die Fahrten zum Arzt, Krankenhaus, Einkaufen, usw. ben\u00f6tigen. Abh\u00e4ngig von den jeweiligen finanziellen M\u00f6glichkeiten, wird die Inanspruchnahme des Sozialmobils teilweise durch Beitr\u00e4ge der Fahrg\u00e4ste finanziert. Das Sozialmobil ist Montag bis Freitag von 8 \u2013 17 Uhr unter der Telefon-Nummer 0170 \u2013 896 13 02 erreichbar.<\/p>\n<p style=\"text-align: justify;\">Durch die Werbung auf dem Auto von verschiedenen Firmen in Utting, wie das Auto-Schweiger und Schubert-International, sowie in Schondorf seitens der Metzgerei Gall, dem Modehaus Dillinger, dem Cafe Huber und der Lottoannahmestelle Schumann, wird ein weiterer Teil der laufenden Unkosten finanziert.<\/p>\n<p style=\"text-align: justify;\">Wer das Projekt insgesamt f\u00f6rdern m\u00f6chte, kann dies mit einer Spende auf das Konto 155 598 bei der Sparkasse Schondorf, Bankleitzahl 700 520 60 gerne tun. Eine Spendenquittung wird unverz\u00fcglich ausgestellt.<\/p>\n<p style=\"text-align: justify;\"><a href=\"https:\/\/www.gemeinsam-ammersee.de\/wp-content\/uploads\/2015\/04\/Bild_klein_1255797067.jpg\"><img loading=\"lazy\" decoding=\"async\" class=\"alignnone wp-image-412 size-full\" src=\"https:\/\/www.gemeinsam-ammersee.de\/wp-content\/uploads\/2015\/04\/Bild_klein_1255797067.jpg\" alt=\"Bild_klein_1255797067\" width=\"440\" height=\"330\" srcset=\"https:\/\/www.gemeinsam-ammersee.de\/wp-content\/uploads\/2015\/04\/Bild_klein_1255797067.jpg 440w, https:\/\/www.gemeinsam-ammersee.de\/wp-content\/uploads\/2015\/04\/Bild_klein_1255797067-300x225.jpg 300w\" sizes=\"auto, (max-width: 440px) 100vw, 440px\" \/><\/a><br \/>\nPeter Raithel (links) und Reinhard Rohloff<\/p>\n<p style=\"text-align: justify;\"><b>Pressebericht Ammerseekurier 30. April 2010 \u00fcber Mitgliederversammlung<\/b><\/p>\n<p style=\"text-align: justify;\">SCHONDORF.\u2013 Kontinuierlich wird es im Verein Gemeinsam \u2013 Gemeinn\u00fctziger Verein Ammersee West e.V. \u2013 weitergehen, denn an der Spitze hat sich nichts ge\u00e4ndert. Der gesamte Vereinsvorstand hatte sich bei der j\u00fcngsten Mitgliederversammlung wieder zur Wahl gestellt und wurde einstimmig f\u00fcr weitere zwei Jahre im Amt best\u00e4tigt. Alle Vorstandsmitglieder nehmen ihre vertrauten Aufgaben wahr. So leitet Peter Raithel weiterhin als 1. Vorsitzender die Geschicke des Vereins. Seine Stellvertretung \u00fcbernimmt wie bisher Elisabeth Tietjens. Barbara Schubert ist wieder f\u00fcr die Finanzen zust\u00e4ndig und Astrid Wiener bleibt Schriftf\u00fchrerin des Vereins. Irmtraut Gruber betreut die \u00d6ffentlichkeitsarbeit und Verena Rumberg, Andres B\u00f6ttcher und Elisabeth Tietjens k\u00fcmmern sich um die Kinder- und Ferienbetreuung. Da die Sanierungsarbeiten des Schondorfer Rathauses noch andauern, traf sich der Verein zur Jahreshauptversammlung ausnahmsweise in der Sportgastst\u00e4tte.<br \/>\nNachdem die Mitgliederzahlen in den vergangenen drei Jahren stetig gestiegen sind, haben sie sich 2009 im Vergleich zum Vorjahr nur unwesentlich erh\u00f6ht. Neuanmeldungen (31) und K\u00fcndigungen (29) hielten sich in etwa die Waage. W\u00e4hrend die Zahl der Mitglieder zum Jahresende noch 241 betrug, ist sie aktuell bereits auf 254 gestiegen. Insbesondere im Kinderpark nutzen viele Eltern die Geb\u00fchrenvorteil als Mitglied, doch leider werde diese Mitgliedschaft h\u00e4ufig gek\u00fcndigt, sobald die Kinder dann in den Kindergarten gehen, berichtete Raithel. Deshalb werde der Verein in K\u00fcrze \u00fcber ein anderes Geb\u00fchrenmodell nachdenken. Das Spendenaufkommen betrug 7.215 Euro, dem standen Ausgaben f\u00fcr die Einzelfallhilfe in H\u00f6he von 7.600 Euro gegen\u00fcber. Insgesamt schloss das Vereinsjahr mit einem Guthaben von rund 7.000 Euro ab. Peter Raithel dankte ausdr\u00fccklich allen Sponsoren. Als gr\u00f6\u00dfere finanzielle Entscheidung f\u00fcr das Jahr 2010 steht das Sozialmobil auf dem Plan, denn nach drei Jahren l\u00e4uft der Leasingvertrag ab.<br \/>\nHighlight des Jahres 2009 war die Umwandlung eines Ein-Euro-Jobs in eine Festanstellung. Denn mit Hilfe des Arbeitsamtes und der Gemeinden Schondorf, Greifenberg und Eching konnte der Verein den Fahrer des Sozialmobils, Reinhard Rohloff, zum 1. Juli 2009 fest \u00fcbernehmen. Zuvor hatte sich der Verein mit der Bitte um einen Zuschuss von 50 Cent pro Einwohner an verschiedene Gemeinden gewandt. Utting lehnte aufgrund der hohen Investitionen f\u00fcr das B\u00fcrgerhaus als einzige Gemeinde ab. \u201eIch finde es gut, wenn es viele gemeinde\u00fcbergreifende Projekte gibt\u201c, sagte Peter Raithel. Dabei k\u00f6nnte nicht immer jeder Beteiligte entsprechend seinem finanziellen Anteil die dazugeh\u00f6rige Gegenleistung bekommen, wichtig sei, dass die gesamte Region von den Aktivit\u00e4ten profitiere, setzte Raithel fort. Mit etwa 2.000 Fahrten bei 63.000 Kilometern, darunter viele Arztbesuche, war das Sozialmobil 2009 gut ausgebucht. Aber es gab auch weitere Strecken zu \u00fcberwinden wie etwa nach Heidelberg, berichtete Rohloff. In seiner Freizeit gibt Reinhard Rohloff ehrenamtlich Computerkurse f\u00fcr Hartz 4 Empf\u00e4nger. Au\u00dferdem baut er ausrangierte PCs um und r\u00fcstet sie auf, um sie an Arbeitslose zu verteilen. Deshalb ist er auch immer ein dankbarer Abnehmer f\u00fcr Computer und sonstiges Zubeh\u00f6r, Festplatten werden gegebenenfalls sogar vor Ort gel\u00f6scht.<\/p>\n<p style=\"text-align: justify;\">Vermittlung von Babysittern<br \/>\nIm Bereich der Jugendarbeit vermittelt der Verein auch Babysitter (einmalige Geb\u00fchr 15 Euro) und Tagesm\u00fctter (60 Euro einmalig), wobei die Nachfrage h\u00e4ufig das Angebot \u00fcbersteigt. Insgesamt 100 Tagesm\u00fctter konnten im vergangenen Jahr erfolgreich vermittelt werden. Aus dem Kinderpark berichtete Verena Rumberg, dass momentan alle Gruppen voll besetzt sind, obwohl Kinderg\u00e4rten inzwischen auch Kinder unter 3 Jahren aufnehmen. Der Kinderpark in Windach und Greifenberg bietet Kindern unter 3 Jahren an zwei Vormittagen (Montag und Donnerstag) die M\u00f6glichkeit, erste Gruppenerfahrungen zu sammeln. In Utting kann sogar an 4 Vormittagen jeweils von 9 bis 12 Uhr gebastelt, gesungen und gespielt werden. Der Ferientreff wurde vor zwei Jahren aufgel\u00f6st, da nun die Gemeinde Schondorf im Rahmen ihres Schulhortes die Ferienbetreuung von Schulkindern \u00fcbernommen hat, berichtete anschlei\u00dfend Elisabeth Tiejens.<br \/>\nSollte in den Sommerferien 2010 Betreuungsbedarf f\u00fcr Grundschulkinder bestehen, wird der Verein voraussichtlich f\u00fcr einen Teil der Zeit, in der der Schulhort geschlossen ist, ein Programm anbieten. Ansonsten sponsert der Verein die Halbtagsstelle des Jugendleiters Felix Rexer, der im Rahmen der evangelischen Kirche f\u00fcr die Region Ammersee-Westufer im Oktober das Jugendleiterprojekt startete, j\u00e4hrlich mit 1.000 Euro.<br \/>\nIngrid S\u00e4mmer, Leiterin der Die\u00dfener Tafel, ist der Einladung gern gefolgt, um den Vereinsmitgliedern von ihrer dreij\u00e4hrigen Erfahrung aus dem Tafelprojekt zu berichten. In den R\u00e4umlichkeiten der Arbeiterwohlfahrt (AWO) in Die\u00dfen werden jeden Mittwoch ab 14 Uhr Lebensmittel an Bed\u00fcrftige verteilt. Diese sind zuvor von inzwischen 46 ehrenamtlichen Mitarbeitern aus den umliegenden Gemeinden wie etwa Greifenberg, Schondorf, Utting und Riederau mit dem eigenen PKW und auf eigene Kosten abgeholt, sortiert und in die Regale ger\u00e4umt worden. \u201eAlle machen mit\u201c, lobte S\u00e4mmer das Engagement aus der Gesch\u00e4ftswelt. \u201eWir haben immer genug da\u201c, f\u00fcgt sie hinzu.<br \/>\nF\u00fcr den Fall, dass es mal ein \u00dcberangebot eines bestimmten Artikels gibt, stehen die Tafelgruppen in der Umgebung in engem Kontakt und tauschen auch schon mal was aus. Das Warenangebot der Tafel steht dem Angebot im Supermarkt in nichts nach und die Kunden, wie etwa alleinerziehende M\u00fctter oder \u00e4ltere Ehepaare, k\u00f6nnen sich zunehmend \u00fcber Bio-Produkte freuen. In diskreten Einzelgespr\u00e4chen und unter Achtung des Datenschutzes kl\u00e4rt Ingrid S\u00e4mmer beim ersten Besuch den Bedarf ab. W\u00e4hrend in der Anfangszeit etwa 25 Kunden regelm\u00e4\u00dfig kamen, ist die Zahl inzwischen auf 90 angestiegen. Die Zahl der Bed\u00fcrftigen sch\u00e4tzt S\u00e4mmer aber noch h\u00f6her ein, denn immer noch scheuen sich Bed\u00fcrftige aus Scham zur Tafel zu kommen, wei\u00df S\u00e4mmer zu berichten. Bundesweit gibt es inzwischen etwa 850 Tafelprojekte. Peter Raithel \u00fcberreichte Ingrid S\u00e4mmer am Ende ihrer Ausf\u00fchrungen 800 Euro f\u00fcr die Die\u00dfener Tafel.<\/p>\n<p style=\"text-align: justify;\"><a href=\"https:\/\/www.gemeinsam-ammersee.de\/wp-content\/uploads\/2015\/04\/P1030060_1274210748.jpg\"><img loading=\"lazy\" decoding=\"async\" class=\"alignnone wp-image-411 size-full\" src=\"https:\/\/www.gemeinsam-ammersee.de\/wp-content\/uploads\/2015\/04\/P1030060_1274210748.jpg\" alt=\"P1030060_1274210748\" width=\"440\" height=\"330\" srcset=\"https:\/\/www.gemeinsam-ammersee.de\/wp-content\/uploads\/2015\/04\/P1030060_1274210748.jpg 440w, https:\/\/www.gemeinsam-ammersee.de\/wp-content\/uploads\/2015\/04\/P1030060_1274210748-300x225.jpg 300w\" sizes=\"auto, (max-width: 440px) 100vw, 440px\" \/><\/a><\/p>\n<p style=\"text-align: justify;\">Das Sozialmobil ist abrufbar f\u00fcr hilfsbed\u00fcrftige Menschen, die Fahrten zum Arzt, Krankenhaus, Einkaufen und vieles mehr ben\u00f6tigen. Das Sozialmobil ist Montag bis Freitag von 8 bis 17 Uhr unter der Telefonnummer 0170 \u2013 896 13 02 erreichbar.<br \/>\nWer das Projekt insgesamt f\u00f6rdern m\u00f6chte, kann dies auch mit einer Spende auf das Konto 155 598 bei der Sparkasse Schondorf, Bankleitzahl 700 520 60 tun.<br \/>\nEine Spendenquittung wird ausgestellt. Weitere Informationen gibt es auch in Internet unter: www.gemeinsam-ammersee.de dyb.<\/p>\n","protected":false},"excerpt":{"rendered":"<p>Verein GEMEINSAM dankt der Nachbarschaftshilfe Die\u00dfen Im Dezember 2022 bekamen wir von der Nachbarschaftshilfe Die\u00dfen eine zweckgebundene Spende in H\u00f6he von 5.000 \u20ac f\u00fcr \u201eDie\u00dfener B\u00fcrger&#8220; Damit konnten wir in der Weihnachtszeit vielen Menschen eine gro\u00dfe Freude machen. 9 Personen erhielten insgesamt 2.900 \u20ac. Weitere 4 Personen konnten damit ihr Darlehen um 1.150 \u20ac tilgen. &hellip; <a href=\"https:\/\/www.gemeinsam-ammersee.de\/?page_id=25\" class=\"more-link\"><span class=\"screen-reader-text\">Presseberichte<\/span> weiterlesen <span class=\"meta-nav\">&rarr;<\/span><\/a><\/p>\n","protected":false},"author":1,"featured_media":0,"parent":0,"menu_order":0,"comment_status":"closed","ping_status":"closed","template":"","meta":{"footnotes":""},"class_list":["post-25","page","type-page","status-publish","hentry"],"_links":{"self":[{"href":"https:\/\/www.gemeinsam-ammersee.de\/index.php?rest_route=\/wp\/v2\/pages\/25","targetHints":{"allow":["GET"]}}],"collection":[{"href":"https:\/\/www.gemeinsam-ammersee.de\/index.php?rest_route=\/wp\/v2\/pages"}],"about":[{"href":"https:\/\/www.gemeinsam-ammersee.de\/index.php?rest_route=\/wp\/v2\/types\/page"}],"author":[{"embeddable":true,"href":"https:\/\/www.gemeinsam-ammersee.de\/index.php?rest_route=\/wp\/v2\/users\/1"}],"replies":[{"embeddable":true,"href":"https:\/\/www.gemeinsam-ammersee.de\/index.php?rest_route=%2Fwp%2Fv2%2Fcomments&post=25"}],"version-history":[{"count":8,"href":"https:\/\/www.gemeinsam-ammersee.de\/index.php?rest_route=\/wp\/v2\/pages\/25\/revisions"}],"predecessor-version":[{"id":1500,"href":"https:\/\/www.gemeinsam-ammersee.de\/index.php?rest_route=\/wp\/v2\/pages\/25\/revisions\/1500"}],"wp:attachment":[{"href":"https:\/\/www.gemeinsam-ammersee.de\/index.php?rest_route=%2Fwp%2Fv2%2Fmedia&parent=25"}],"curies":[{"name":"wp","href":"https:\/\/api.w.org\/{rel}","templated":true}]}}