{"id":29,"date":"2015-01-26T09:59:10","date_gmt":"2015-01-26T09:59:10","guid":{"rendered":"http:\/\/test.gemeinsam-ammersee.de\/?page_id=29"},"modified":"2025-03-01T19:00:41","modified_gmt":"2025-03-01T18:00:41","slug":"vorstand","status":"publish","type":"page","link":"https:\/\/www.gemeinsam-ammersee.de\/?page_id=29","title":{"rendered":"Vorstand"},"content":{"rendered":"<h1 style=\"text-align: justify;\">Vorstandsmitglieder<\/h1>\n<\/p>\n<p style=\"text-align: justify;\">Peter Raithel &#8211; Schondorf<br \/>1. Vorsitzender<\/p>\n<p style=\"text-align: justify;\">Andreas B\u00f6ttcher &#8211; Schondorf<br \/>2. Vorsitzender<\/p>\n<p style=\"text-align: justify;\">Marianne Zobely &#8211; Schondorf<br \/>Schatzmeisterin\u00a0\u00a0\u00a0\u00a0\u00a0 <strong>Neu seit Juli 2024<\/strong><\/p>\n<p style=\"text-align: justify;\">Dagmar N\u00e4ther &#8211; Diessen<br \/>Schriftf\u00fchrerin<\/p>\n<p>Elisabeth Tietjens &#8211; M\u00fcnchen<\/p>\n<p style=\"text-align: justify;\">Irmtraud Gruber &#8211; Schondorf<\/p>\n<p style=\"text-align: justify;\">Matthias von Linde &#8211; Schondorf<\/p>\n<p style=\"text-align: justify;\">\n\n\n\n\n\n\n\n\n<div class=\"wp-block-media-text is-stacked-on-mobile\"><figure class=\"wp-block-media-text__media\"><\/figure><div class=\"wp-block-media-text__content\">\n<p><\/p>\n<\/div><\/div>\n\n\n\n<div class=\"wp-block-media-text is-stacked-on-mobile\"><figure class=\"wp-block-media-text__media\"><\/figure><div class=\"wp-block-media-text__content\">\n<p><\/p>\n<\/div><\/div>\n","protected":false},"excerpt":{"rendered":"<p>Vorstandsmitglieder Peter Raithel &#8211; Schondorf1. Vorsitzender Andreas B\u00f6ttcher &#8211; Schondorf2. Vorsitzender Marianne Zobely &#8211; SchondorfSchatzmeisterin\u00a0\u00a0\u00a0\u00a0\u00a0 Neu seit Juli 2024 Dagmar N\u00e4ther &#8211; DiessenSchriftf\u00fchrerin Elisabeth Tietjens &#8211; M\u00fcnchen Irmtraud Gruber &#8211; Schondorf Matthias von Linde &#8211; Schondorf<\/p>\n","protected":false},"author":1,"featured_media":0,"parent":0,"menu_order":0,"comment_status":"closed","ping_status":"closed","template":"","meta":{"footnotes":""},"class_list":["post-29","page","type-page","status-publish","hentry"],"_links":{"self":[{"href":"https:\/\/www.gemeinsam-ammersee.de\/index.php?rest_route=\/wp\/v2\/pages\/29","targetHints":{"allow":["GET"]}}],"collection":[{"href":"https:\/\/www.gemeinsam-ammersee.de\/index.php?rest_route=\/wp\/v2\/pages"}],"about":[{"href":"https:\/\/www.gemeinsam-ammersee.de\/index.php?rest_route=\/wp\/v2\/types\/page"}],"author":[{"embeddable":true,"href":"https:\/\/www.gemeinsam-ammersee.de\/index.php?rest_route=\/wp\/v2\/users\/1"}],"replies":[{"embeddable":true,"href":"https:\/\/www.gemeinsam-ammersee.de\/index.php?rest_route=%2Fwp%2Fv2%2Fcomments&post=29"}],"version-history":[{"count":20,"href":"https:\/\/www.gemeinsam-ammersee.de\/index.php?rest_route=\/wp\/v2\/pages\/29\/revisions"}],"predecessor-version":[{"id":1759,"href":"https:\/\/www.gemeinsam-ammersee.de\/index.php?rest_route=\/wp\/v2\/pages\/29\/revisions\/1759"}],"wp:attachment":[{"href":"https:\/\/www.gemeinsam-ammersee.de\/index.php?rest_route=%2Fwp%2Fv2%2Fmedia&parent=29"}],"curies":[{"name":"wp","href":"https:\/\/api.w.org\/{rel}","templated":true}]}}