{"id":35,"date":"2015-01-26T10:00:11","date_gmt":"2015-01-26T10:00:11","guid":{"rendered":"http:\/\/test.gemeinsam-ammersee.de\/?page_id=35"},"modified":"2018-01-24T20:35:48","modified_gmt":"2018-01-24T19:35:48","slug":"aktivitaeten","status":"publish","type":"page","link":"https:\/\/www.gemeinsam-ammersee.de\/?page_id=35","title":{"rendered":"Aktivit\u00e4ten"},"content":{"rendered":"<p>Hier finden Sie einen \u00dcberblick der Aktivit\u00e4ten des Vereins:<\/p>\n<ul>\n<li><a title=\"Sozialmobil 2014\" href=\"https:\/\/www.gemeinsam-ammersee.de\/?page_id=11\">Sozialmobil<\/a><\/li>\n<li><a title=\"Einzelfallhilfe\" href=\"https:\/\/www.gemeinsam-ammersee.de\/?page_id=276\">Einzelfallhilfe<\/a><\/li>\n<li><a title=\"Nachbarschaftshilfe\" href=\"https:\/\/www.gemeinsam-ammersee.de\/?page_id=13\">Nachbarschaftshilfe<\/a><\/li>\n<li><a title=\"Kinderpark\" href=\"https:\/\/www.gemeinsam-ammersee.de\/?page_id=15\">Kinderpark<\/a><\/li>\n<li><a title=\"Kultur \/ Konzerte\" href=\"https:\/\/www.gemeinsam-ammersee.de\/?page_id=17\">Kultur und Konzerte<\/a><\/li>\n<\/ul>\n<p style=\"text-align: justify; height: 100px;\">\n","protected":false},"excerpt":{"rendered":"<p>Hier finden Sie einen \u00dcberblick der Aktivit\u00e4ten des Vereins: Sozialmobil Einzelfallhilfe Nachbarschaftshilfe Kinderpark Kultur und Konzerte<\/p>\n","protected":false},"author":1,"featured_media":0,"parent":0,"menu_order":0,"comment_status":"closed","ping_status":"closed","template":"","meta":{"footnotes":""},"class_list":["post-35","page","type-page","status-publish","hentry"],"_links":{"self":[{"href":"https:\/\/www.gemeinsam-ammersee.de\/index.php?rest_route=\/wp\/v2\/pages\/35","targetHints":{"allow":["GET"]}}],"collection":[{"href":"https:\/\/www.gemeinsam-ammersee.de\/index.php?rest_route=\/wp\/v2\/pages"}],"about":[{"href":"https:\/\/www.gemeinsam-ammersee.de\/index.php?rest_route=\/wp\/v2\/types\/page"}],"author":[{"embeddable":true,"href":"https:\/\/www.gemeinsam-ammersee.de\/index.php?rest_route=\/wp\/v2\/users\/1"}],"replies":[{"embeddable":true,"href":"https:\/\/www.gemeinsam-ammersee.de\/index.php?rest_route=%2Fwp%2Fv2%2Fcomments&post=35"}],"version-history":[{"count":6,"href":"https:\/\/www.gemeinsam-ammersee.de\/index.php?rest_route=\/wp\/v2\/pages\/35\/revisions"}],"predecessor-version":[{"id":821,"href":"https:\/\/www.gemeinsam-ammersee.de\/index.php?rest_route=\/wp\/v2\/pages\/35\/revisions\/821"}],"wp:attachment":[{"href":"https:\/\/www.gemeinsam-ammersee.de\/index.php?rest_route=%2Fwp%2Fv2%2Fmedia&parent=35"}],"curies":[{"name":"wp","href":"https:\/\/api.w.org\/{rel}","templated":true}]}}