{"id":39,"date":"2015-01-26T10:00:38","date_gmt":"2015-01-26T10:00:38","guid":{"rendered":"http:\/\/test.gemeinsam-ammersee.de\/?page_id=39"},"modified":"2018-01-24T20:38:35","modified_gmt":"2018-01-24T19:38:35","slug":"wir","status":"publish","type":"page","link":"https:\/\/www.gemeinsam-ammersee.de\/?page_id=39","title":{"rendered":"Wir"},"content":{"rendered":"<p style=\"text-align: justify;\">Hier finden Sie alle Informationen \u00fcber den Verein <strong>Gemeinsam gemeinn\u00fctziger Verein Ammersee West e.V.<\/strong> in Schondorf:<\/p>\n<ul>\n<li style=\"text-align: justify;\"><a title=\"Satzung\" href=\"https:\/\/www.gemeinsam-ammersee.de\/?page_id=27\">Satzung<\/a><\/li>\n<li style=\"text-align: justify;\"><a title=\"Vorstand\" href=\"https:\/\/www.gemeinsam-ammersee.de\/?page_id=29\">Der Vorstand<\/a><\/li>\n<li style=\"text-align: justify;\"><a title=\"Vereinskonten\" href=\"https:\/\/www.gemeinsam-ammersee.de\/?page_id=31\">Vereinskonten<\/a><\/li>\n<li style=\"text-align: justify;\"><a title=\"Beteiligungen\" href=\"https:\/\/www.gemeinsam-ammersee.de\/?page_id=33\">Beteiligungen<\/a><\/li>\n<li style=\"text-align: justify;\"><a title=\"Sponsoren\" href=\"https:\/\/www.gemeinsam-ammersee.de\/?page_id=201\">Sponsoren<\/a><\/li>\n<\/ul>\n<p>Eine einfache und effiziente M\u00f6glichkeit, in unserer Region an sozialen Aufgaben mitzuwirken und hilfsbed\u00fcrftige Menschen zu unterst\u00fctzen, bietet GEMEINSAM gemeinn\u00fctziger Verein Ammersee West e.V. in Schondorf.<\/p>\n<p>Der im Jahre 1995 gegr\u00fcndete Verein hat einen Jahresetat zwischen 80.000 und 100.000 Euro. Folgende Projekte werden u.a. damit finanziert.<br \/>\n\u00c4lteren oder hilfsbed\u00fcrftigen Menschen werden mit dem vereinseigenen Fahrzeug (Sozialmobil) und einem festangestellten Fahrer kosteng\u00fcnstige Fahrten zum Arzt, zur medizinischen Versorgung in Kliniken, f\u00fcr Eink\u00e4ufe und \u00e4hnliche Anl\u00e4sse erm\u00f6glicht.<\/p>\n<p>In unseren Kinderparks bieten wir eine zuverl\u00e4ssige Kinderbetreuung an.<\/p>\n<p>Bei Notsituationen oder vor\u00fcbergehenden finanziellen Engp\u00e4ssen helfen wir kurzfristig mit einmaligen Geldleistungen oder l\u00e4ngerfristigen, zinslosen Darlehen.<br \/>\nGerade bei den Einzelfallhilfen k\u00f6nnte der Verein noch mehr leisten, wenn die leider zunehmend in Notsituationen geratenen \u00e4lteren Menschen ihre Scheu, Hilfen in Anspruch zu nehmen, \u00fcberwinden k\u00f6nnten.<\/p>\n<p>Der Verein finanziert sich durch die Mitgliedsbeitr\u00e4ge (Jahresbeitrag 75 Euro\/105 Euro f\u00fcr Familien), durch Einnahmen \u00fcber private Spenden und Zusch\u00fcsse von den umliegenden Gemeinden. Auch die Stiftung GEMEINSAM stellt Mittel zur Verf\u00fcgung.<\/p>\n","protected":false},"excerpt":{"rendered":"<p>Hier finden Sie alle Informationen \u00fcber den Verein Gemeinsam gemeinn\u00fctziger Verein Ammersee West e.V. in Schondorf: Satzung Der Vorstand Vereinskonten Beteiligungen Sponsoren Eine einfache und effiziente M\u00f6glichkeit, in unserer Region an sozialen Aufgaben mitzuwirken und hilfsbed\u00fcrftige Menschen zu unterst\u00fctzen, bietet GEMEINSAM gemeinn\u00fctziger Verein Ammersee West e.V. in Schondorf. Der im Jahre 1995 gegr\u00fcndete Verein hat &hellip; <a href=\"https:\/\/www.gemeinsam-ammersee.de\/?page_id=39\" class=\"more-link\"><span class=\"screen-reader-text\">Wir<\/span> weiterlesen <span class=\"meta-nav\">&rarr;<\/span><\/a><\/p>\n","protected":false},"author":1,"featured_media":0,"parent":0,"menu_order":0,"comment_status":"closed","ping_status":"closed","template":"","meta":{"footnotes":""},"class_list":["post-39","page","type-page","status-publish","hentry"],"_links":{"self":[{"href":"https:\/\/www.gemeinsam-ammersee.de\/index.php?rest_route=\/wp\/v2\/pages\/39","targetHints":{"allow":["GET"]}}],"collection":[{"href":"https:\/\/www.gemeinsam-ammersee.de\/index.php?rest_route=\/wp\/v2\/pages"}],"about":[{"href":"https:\/\/www.gemeinsam-ammersee.de\/index.php?rest_route=\/wp\/v2\/types\/page"}],"author":[{"embeddable":true,"href":"https:\/\/www.gemeinsam-ammersee.de\/index.php?rest_route=\/wp\/v2\/users\/1"}],"replies":[{"embeddable":true,"href":"https:\/\/www.gemeinsam-ammersee.de\/index.php?rest_route=%2Fwp%2Fv2%2Fcomments&post=39"}],"version-history":[{"count":6,"href":"https:\/\/www.gemeinsam-ammersee.de\/index.php?rest_route=\/wp\/v2\/pages\/39\/revisions"}],"predecessor-version":[{"id":822,"href":"https:\/\/www.gemeinsam-ammersee.de\/index.php?rest_route=\/wp\/v2\/pages\/39\/revisions\/822"}],"wp:attachment":[{"href":"https:\/\/www.gemeinsam-ammersee.de\/index.php?rest_route=%2Fwp%2Fv2%2Fmedia&parent=39"}],"curies":[{"name":"wp","href":"https:\/\/api.w.org\/{rel}","templated":true}]}}