{"id":468,"date":"2015-04-24T09:15:09","date_gmt":"2015-04-24T08:15:09","guid":{"rendered":"http:\/\/www.gemeinsam-ammersee.de\/?page_id=468"},"modified":"2015-05-10T09:55:50","modified_gmt":"2015-05-10T08:55:50","slug":"jahresbericht-2014","status":"publish","type":"page","link":"https:\/\/www.gemeinsam-ammersee.de\/?page_id=468","title":{"rendered":"Jahresbericht 2014"},"content":{"rendered":"<p style=\"text-align: justify;\"><strong>Jahresbericht 2014 zur Mitgliederversammlung am 11. M\u00e4rz 2015<\/strong><\/p>\n<figure id=\"attachment_495\" aria-describedby=\"caption-attachment-495\" style=\"width: 300px\" class=\"wp-caption alignnone\"><a href=\"https:\/\/www.gemeinsam-ammersee.de\/wp-content\/uploads\/2015\/05\/MV_Leiber_201503-e1431247778842.jpg\"><img loading=\"lazy\" decoding=\"async\" class=\"size-medium wp-image-495\" src=\"https:\/\/www.gemeinsam-ammersee.de\/wp-content\/uploads\/2015\/05\/MV_Leiber_201503-300x225.jpg\" alt=\"Verabschiedung Frau Leiber\" width=\"300\" height=\"225\" \/><\/a><figcaption id=\"caption-attachment-495\" class=\"wp-caption-text\">Verabschiedung Frau Leiber, siehe Bericht<\/figcaption><\/figure>\n<p style=\"text-align: justify;\"><strong>Mitgliederentwicklung:<\/strong><br \/>\n2014 hatten wir 35 Neuanmeldungen und 16 K\u00fcndigungen. Sicherlich hat die Werbeaktion f\u00fcr die neue Nachbarschaftshilfe Schondorf \u2013 Rudolf Schuster verteilte wieder die Flyer im ganzen Ort \u2013 zu dem guten Zuwachs beitragen k\u00f6nnen.<br \/>\nStand 01. 01. 2014 : 225 Stand 31. 12. 2014 : 244<br \/>\nEingeladen waren wir beim Neujahrsempfang der Gemeinde Diessen und beim \u00f6kumenischen Jahresempfang in Schondorf.<br \/>\nUm noch bekannter zu werden haben wir uns bei folgenden Anl\u00e4ssen mit einem Stand vorgestellt. Am Valentinstag verteilten wir im EDEKA Schondorf Rosen, ebenfalls am Muttertag. Am 12. September waren wir noch einmal dort beim Markttag vertreten.<br \/>\nIm Schondorfer \u201eEinhorn\u201c wurde von der neuen Nachbarschaftshilfe und \u00fcber den Freiwilligentag vom 18. Oktober berichtet. Nur in Diessen \u2013 f\u00fcr die dortigen Abonnenten \u2013 haben wir im Ammersee-Kurier 1600 St\u00fcck unseres Werbeblattes einlegen lassen.<br \/>\nAm 30. Dezember gab es im EDEKA Sekt und Blumen. Armin Schmidt hat uns bei allen Veranstaltungen in diesem Jahr die Blumen gespendet, herzlichen Dank! Neuen Ideen, wie wir Mitglieder gewinnen k\u00f6nnen, die uns langfristig unterst\u00fctzen, stehen wir immer offen gegen\u00fcber.<br \/>\nWie in den letzten 4 Jahren haben sich unsere 12 Besch\u00e4ftigten und wir 7 Ehrenamtliche des Vorstands auch heuer wieder am 22. 01. zum Essen getroffen, dieses Mal im Steghaus in Schondorf \u2013 der P\u00e4chter Heiner Otter ist Vereinsmitglied. Es ist Dank und Anerkennung f\u00fcr unsere Mitarbeiter. Die Kosten des Abends beliefen sich auf 380 \u20ac.<br \/>\nHier m\u00f6chte ich gleich noch erw\u00e4hnen, dass unsere Verwaltungskosten 2014 bei rund 2,8 % liegen. Ein weit unter dem Durchschnitt liegender Satz f\u00fcr Vereine.<br \/>\nF\u00fcr alle unsere ehrenamtlichen und bezahlten Mitarbeiterinnen haben wir die inzwischen notwendigen erweiterten F\u00fchrungszeugnisse beantragt und erhalten.<br \/>\nVersicherungen:<br \/>\nBei unserem Versicherungspartner Ecclesia haben wir bisher eine Betriebshaftpflichtversicherung f\u00fcr unsere 3 Kinderparks, die Tagesmuttervermittlung und die Nachbarschaftshilfe.<br \/>\nAu\u00dferdem ist der Schl\u00fcsselverlust f\u00fcr die Schlie\u00dfanlagen der 3 Kinderparks \u2013 wir sind in den R\u00e4umen nur Mieter \u2013 versichert.<br \/>\n2014 haben wir den Versicherungsschutz f\u00fcr alle vorher genannten T\u00e4tigkeitsfelder um eine Dienstreise-Versicherung mit Mindestumfang von 20.000 km Jahres-Leistung erweitert. Die Jahrespr\u00e4mie f\u00fcr 2015 betr\u00e4gt 464,10 \u20ac, was extrem g\u00fcnstig ist. Dazu haben wir die Pflichtmitgliedschaft bei der Berufsgenossenschaft f\u00fcr Gesundheitsdienst und Wohlfahrtspflege.<br \/>\nInsgesamt machen die Versicherungsbeitr\u00e4ge rund \u00bc unserer Betriebskosten aus.<br \/>\nFreiwilligentag:<br \/>\nDer Landkreis Landsberg veranstaltete am Samstag, 18. Oktober, den 1. Freiwilligentag. 17 Projekte wurden durchgef\u00fchrt. Unser Verein hat in Zusammenarbeit mit dem gemeindlichen Bauhof den \u00f6ffentlichen Spielplatz Am Griesfeld 8 in Schondorf auf Hochglanz gebracht. Erfreulicherweise haben sich neue Ehrenamtliche eingefunden um mitzuarbeiten. Die lange Wand des Schuppens wurde bunt gestrichen, ein neues Eingangstor (von unserem Mitglied Rolf Vahle aus Greifenberg spendiert) erstellt, Hecken geschnitten usw. Hohen Besuch bekamen wir von unserem Landrat Thomas Eichinger.<br \/>\nDank gro\u00dfz\u00fcgiger Spenden von beteiligten Vereinsmitgliedern bekamen alle Helfer eine Brotzeit, Kaffee und Kuchen. Wir wollen das Projekt l\u00e4nger begleiten und planen dieses Jahr im Herbst, zu den 2 vorhandenen B\u00e4nken Tische aufzustellen.<br \/>\nSozialmobil:<br \/>\nSeit mehreren Jahren viele Eins\u00e4tze: 2014 35.000 km, nach 40.500 km im Jahr 2013. Der R\u00fcckgang hat verschiedene Ursachen. Unter anderem sind mehrere unserer Kunden ins Altersheim gezogen oder verstorben, der Uttinger evangelische Seniorentreff findet nur noch jeden 2. Mittwoch statt. Krankenkassenfahrten wurden weniger.<br \/>\nSeit 2011 fahren wir jeden Mittwoch auch mehrere Personen aus Eching und Schondorf zur Diessener Tafel, selbstverst\u00e4ndlich kostenlos. Dazu liefern wir Uttinger, Schondorfer und Echinger B\u00fcrgern ihre Lebensmittel von der Tafel ins Haus.<br \/>\nDas Sozialmobil ist von Montag bis Freitag von 8 \u2013 17 Uhr unter 0170-8961302 erreichbar.<br \/>\nNeukauf Sozialmobil:<br \/>\nIm Oktober haben wir unser neues Sozialmobil (Ford Focus Turnier) erhalten. Der gro\u00dfe Kofferraum ist ideal f\u00fcr die Mitnahme des vereinseigenen Rollators und das Liefern der Lebensmittelkartons von der Tafel. Incl. der Anbringung der Werbefolien wendeten wir daf\u00fcr 17.289 \u20ac auf. Unser altes (5 Jahre mit gut 210.000 km) konnten wir mit 4.200 \u20ac in Zahlung geben. Die Stiftung GEMEINSAM gab 5.000 \u20ac dazu, so dass f\u00fcr den Verein 8.100 \u20ac blieben. Das ehemalige Auto ist weiterhin mit allen Werbefolien zum Nutzen der beteiligten Firmen unterwegs und hat uns das aufw\u00e4ndige Entfernen der Folien erspart. Die letzte freie Werbefl\u00e4che \u00fcbernimmt ab 2015 Armin Schmidt vom EDEKA in Schondorf. Auch sonst tr\u00e4gt er bei vielen Gelegenheiten im Jahresverlauf zum guten Gelingen bei.<br \/>\nArbeitsplatz Sozialmobil:<br \/>\nUnser langj\u00e4hriger Fahrer Peter Trikojat hat seine T\u00e4tigkeit zum 30. September beendet.<br \/>\nAus unserer sozialen Verantwortung heraus haben wir im Sommer mit dem Jobcenter Kontakt aufgenommen, und es wurde uns Gunnar Hannich aus Diessen empfohlen. Er ist Mitte vierzig und war l\u00e4ngere Zeit arbeitslos. Er hat uns bei einem Vorstellungsgespr\u00e4ch einen sehr guten Eindruck vermittelt. Ende M\u00e4rz 2015 l\u00e4uft die halbj\u00e4hrige Probezeit aus und wir behalten ihn sehr gerne weiter. Durch intensive Nachverhandlung mit dem Jobcenter konnten wir erreichen, dass uns als Eingliederungsma\u00dfnahme f\u00fcr 6 Monate ein 50 %iger Lohnkostenzuschuss gew\u00e4hrt wurde.<br \/>\nSeine Vertretung ist weiterhin Oskar Bradler aus Diessen, auch Peter Trikojat springt notfalls ein. Neben den Gemeinden Schondorf, Greifenberg, Eching, Utting, Diessen und Windach beteiligen sich Horst Biallo (Biallo &amp; Team), Wilfried Huber (Karwendelwerke Exquisa), die Bert-Fanselau-Stiftung und die Stiftung Gemeinsam mit insgesamt 20.900 \u20ac an den Personalkosten. Die Restbetrag von 10.000 \u20ac tr\u00e4gt bis jetzt unser Verein GEMEINSAM.<br \/>\nFolgende Aussage mache ich schon viele Jahre, wiederhole sie aber immer wieder sehr gerne: Es ist sehr gut, wenn es viele gemeinde\u00fcbergreifende Projekte\/Stellen gibt. Wobei klar ist, dass nicht immer jeder Beteiligte entsprechend seinem finanziellen Anteil die dazugeh\u00f6rige Gegenleistung bekommt. Wichtig ist, dass die gesamte Region von diesen Aktivit\u00e4ten profitiert.<br \/>\nSeniorenarbeit:<br \/>\nUnsere Seniorenarbeit besteht vor allem aus den Fahrten mit dem Sozialmobil und der finanziellen Unterst\u00fctzung in inzwischen vielen Einzelf\u00e4llen. Im November 2013 haben wir mit dem Aufbau der Nachbarschaftshilfe in Schondorf begonnen.<br \/>\nJugendarbeit:<br \/>\nAuf Anfrage leisten wir projektbezogene Zusch\u00fcsse, was 2014 nicht der Fall war. Beim Jugendleiterprojekt der evangelischen Kirche in Utting beteiligen wir uns weiter mit j\u00e4hrlich 1.000 \u20ac.<br \/>\nHilfeleistungen:<br \/>\nMit diesem Schwerpunkt des Vereinszwecks will sich der Vorstand weiterhin intensiv besch\u00e4ftigen.<br \/>\nNach 2013 mit 14.200 \u20ac haben wir in 2014 \u201enur\u201c 6.800 \u20ac aufgewendet. Jedoch hat sich die Darlehensvergabe daf\u00fcr mehr als verdoppelt.<br \/>\nBeim Spendenquittungsversand im Dezember 2014 legten wir ein Blatt mit Zeitungsberichten von unseren Hilfeleistungen bei.<br \/>\nBei gr\u00f6\u00dferen, zum Teil vierstelligen Summen bekommen wir finanzielle Hilfe von der Gemeinde Schondorf aus ihrem Sozialetat, von der Brodmerkel- und der Bert-Fanselau-Stiftung.<br \/>\nEinzelfallhilfe: leisteten wir zum Beispiel:<br \/>\nF\u00fcr 1 Schulkind bezuschussten wir die Klassenfahrt mit 100 \u20ac.<br \/>\nAu\u00dferdem bezahlten wir einer alte Dame 352 \u20ac f\u00fcr die H\u00e4lfte ihrer Nebenkostennachzahlung.<br \/>\nEinem Herrn beglichen wir die offene Stromrechnung in H\u00f6he von 574 \u20ac, der Strom war bereits abgesperrt. 300 \u20ac davon sind ein Darlehen.<br \/>\nF\u00fcr ein Ehepaar haben wir die Reparatur ihres Holzofens mit 193 \u20ac \u00fcbernommen. Einem weiteren Paar einen Zuschuss von 300 \u20ac f\u00fcr den Kauf eines K\u00fchlschranks gew\u00e4hrt.<br \/>\nEiner krebskranken, alleinerziehenden Frau mit 2 Kindern finanzierten wir die H\u00e4lfte ihrer Autoreparatur mit 350 \u20ac.<br \/>\nEiner verwitweten j\u00fcngeren Frau ersetzten wir den kaputten Warmwasser-Speicher incl. der Armatur mit 460 \u20ac.<br \/>\nNachdem sich ein Paar getrennt hat, nahm er die Waschmaschine mit, ein gro\u00dfes Problem f\u00fcr die Mutter mit 2 Kindern. Mit Hilfe der Stiftung GEMEINSAM kauften wir eine Neue. Zugleich gew\u00e4hrten wir ihr ein Darlehen \u00fcber 400 \u20ac um die offene Zahnarzt- und Mietnebenkostenabrechnung zu begleichen.<br \/>\nIn einem anderen Fall haben wir einem k\u00fcnftigen Rentner geholfen, bei der Sparkasse ein Pf\u00e4ndungsschutzkonto einzurichten, was andere Institute abgelehnt hatten. Wie soll er ohne Konto sonst seine Rente erhalten?<br \/>\nF\u00fcr eine Frau in Nepal haben wir einen Wasserb\u00fcffel im Wert von 340 \u20ac angeschafft. F\u00fcr sie bedeutet es das Ende der harten Tagel\u00f6hnerarbeit. Mit dem Verkauf von Milch, Dung und K\u00e4lbern kann sie sich einen bescheidenen Lebensstandard erarbeiten.<br \/>\nIch denke, da\u00df wir jedes Jahr eine Summe f\u00fcr Projekte dieser oder \u00e4hnlicher Art aufwenden sollten.<br \/>\nWichtig ist uns die Hilfe zur Selbsthilfe. Wir haben 2013 f\u00fcnf Darlehen in H\u00f6he vom 3.320 \u20ac und<br \/>\n2014 bereits f\u00fcr 7 Personen 7.100 \u20ac vergeben.<br \/>\nIm gro\u00dfen und ganzen erfolgen die R\u00fcckzahlungen planm\u00e4\u00dfig. Ein Risiko des Ausfalls besteht immer, sicher ist aber jedoch: wir haben einem Menschen in seiner Not geholfen.<br \/>\nSeit M\u00e4rz 2014 berichten wir immer am Ende des Monats im Ammersee-Kurier \u00fcber unsere Hilfeleistungen. In einer Spalte \u2013 \u00e4hnlich wie die \u201eKartei der Not\u201c des Landsberger Tagblatts \u2013 erfahren die Leser von einem gel\u00f6sten Fall incl. des aufgewendeten Betrages. Herrn Kramer vom AK vielen Dank daf\u00fcr.<\/p>\n<p style=\"text-align: justify;\">Das Spendenaufkommen betrug 2014 insgesamt stattliche 16.000 \u20ac. Wie bisher spenden viele Menschen bewusst f\u00fcr Einrichtungen in unserer Region. Wir erhielten Spendenbetr\u00e4ge zwischen 50 und 500 \u20ac. Dazu hatten wir 2014 wie im Vorjahr wieder 4 Gro\u00dfspenden.<br \/>\nIm Juli stiftete uns das Sammersee-Festival in Schondorf bereits zum dritten Mal in Folge aus ihrem \u00dcberschuss, dieses Jahr 1.300 \u20ac. Daf\u00fcr bedanke ich mich beim Leitungsteam des Vereins \u2013 Luise Renner und Markus Schulz \u2013 sehr und habe schon jetzt die Zusage bekommen, auch 2015 wieder einen Anteil zu erhalten.<br \/>\nIm November erhielten wir von der Sparkasse im Rahmen der 1-Euro Aussch\u00fcttung 1.000 \u20ac f\u00fcr unsere Nachbarschaftshilfe. Daf\u00fcr bedanke ich mich bei unserem B\u00fcrgermeister Alexander Herrmann, der das Vorschlagsrecht in der Gemeinde f\u00fcr die Verteilung der Sparkassenaussch\u00fcttung hat.<br \/>\nIm Dezember erhielten wir ebenfalls 1.000 \u20ac von einer M\u00fcnchnerin f\u00fcr die Nachbarschaftshilfe.<br \/>\nEnde Dezember kamen 5.000 \u20ac von der AXIA Bauprojekt GmbH aus Inning auf unser Konto. Dem Gesch\u00e4ftsf\u00fchrer, unserem Vereinsmitglied Georg Bechteler, allerbesten Dank.<br \/>\nAllen Spendern herzlichsten Dank f\u00fcr Ihre Hilfe.<br \/>\nInternetseite: www.gemeinsam-ammersee.de<br \/>\nNach 2013 mit rund 44.000 x wurden die einzelnen Seiten in 2014 bereits 46.000 x angeklickt.<br \/>\nBei Google finden Sie uns bei folgenden 4 Begriffen immer auf der ersten Seite:<br \/>\nSozialmobil (2.Stelle) Verein GEMEINSAM (1-3.Stelle) Ammersee West (5.Stelle) Stiftung GEMEINSAM (2.Stelle).<br \/>\nZur Zeit erarbeitet Markus N\u00e4ther unseren neuen Internetauftritt. Unsere Seite stammt aus dem Jahr 2005 und wird heute auf den modernen Smartphones miserabel dargestellt. Die Seite ist in K\u00fcrze fertiggestellt, lassen sie sich \u00fcberraschen! \u00dcber Lob und Kritik freuen wir uns.<br \/>\nAuf Facebook sind wir seit Dezember 2013 unter Stiftung und Verein GEMEINSAM vertreten.<br \/>\nTagesm\u00fctter- und Babysittervermittlung:<br \/>\nDeutliche Ver\u00e4nderungen in der Nachfrage nach unserem Angebot haben uns in Absprache mit Susanne Leiber veranlasst, dieses Vereinsprojekt einzustellen.<br \/>\nDie Gemeinden haben das Angebot an Kita-Pl\u00e4tzen in den letzten Jahren erheblich ausgebaut.<br \/>\nMit unserem besten Dank f\u00fcr die ausgezeichnete 10-j\u00e4hrige Vermittlungst\u00e4tigkeit und Geschenken haben wir Susanne Leiber verabschiedet.<br \/>\nKinderparks:<br \/>\nbetreiben wir wie bisher in Utting, Windach und Greifenberg. Fl\u00fcchtlingskinder werden bei Bedarf kostenlos aufgenommen.<br \/>\nNachbarschaftshilfe Schondorf:<br \/>\nMitorganisatorin Gerti Huber berichtet \u00fcber das 1. Jahr. Aktuell laufen 9 Besuchsdienste. Wenn Sie Menschen in ihrem Umfeld kennen, die Hilfe brauchen, legen sie ihnen unsere Hilfe nahe.<br \/>\nFinanzielle Situation:<br \/>\nVereinsverm\u00f6gen am 1. Januar 2014: 42.679,51 \u20ac, am 31. Dezember 2014: 43.263,97.<br \/>\nUnser Verein liegt seit langer Zeit j\u00e4hrlich bei Einnahmen und Ausgaben jeweils in der N\u00e4he von 100.000 \u20ac und demzufolge haben wir eine umfangreiche Buchf\u00fchrung. Herzlichen Dank Barbara Schubert f\u00fcr ihre professionelle Arbeit.<br \/>\nFirst Responder Schondorf:<br \/>\nStephanie Blanasch stellt die Arbeit der Ehrenamtlichen dieser Gruppe vor.<\/p>\n<p style=\"text-align: justify;\">Eine Notfallmappe ist im Entstehen, die Fertigstellung ist f\u00fcr das 1. Halbjahr 2015 geplant.<\/p>\n<p style=\"text-align: justify;\">Haushaltsplan 2015: Es stehen keine Anschaffungen an. Ein ausgeglichenes Ergebnis ist wieder zu erwarten, vor allem wenn wir weiter ein so gutes Spendenaufkommen haben.<\/p>\n<p style=\"text-align: justify;\">Ich danke allen unseren Mitarbeitern und meinem Vorstandsteam f\u00fcr die ausgezeichnete gemeinsame Arbeit.<\/p>\n<p style=\"text-align: justify;\">Peter Raithel<br \/>\n1. Vorsitzender<br \/>\n<!--DOCTY--><\/p>\n","protected":false},"excerpt":{"rendered":"<p>Jahresbericht 2014 zur Mitgliederversammlung am 11. M\u00e4rz 2015 Mitgliederentwicklung: 2014 hatten wir 35 Neuanmeldungen und 16 K\u00fcndigungen. Sicherlich hat die Werbeaktion f\u00fcr die neue Nachbarschaftshilfe Schondorf \u2013 Rudolf Schuster verteilte wieder die Flyer im ganzen Ort \u2013 zu dem guten Zuwachs beitragen k\u00f6nnen. Stand 01. 01. 2014 : 225 Stand 31. 12. 2014 : 244 &hellip; <a href=\"https:\/\/www.gemeinsam-ammersee.de\/?page_id=468\" class=\"more-link\"><span class=\"screen-reader-text\">Jahresbericht 2014<\/span> weiterlesen <span class=\"meta-nav\">&rarr;<\/span><\/a><\/p>\n","protected":false},"author":3,"featured_media":0,"parent":0,"menu_order":0,"comment_status":"closed","ping_status":"closed","template":"","meta":{"footnotes":""},"class_list":["post-468","page","type-page","status-publish","hentry"],"_links":{"self":[{"href":"https:\/\/www.gemeinsam-ammersee.de\/index.php?rest_route=\/wp\/v2\/pages\/468","targetHints":{"allow":["GET"]}}],"collection":[{"href":"https:\/\/www.gemeinsam-ammersee.de\/index.php?rest_route=\/wp\/v2\/pages"}],"about":[{"href":"https:\/\/www.gemeinsam-ammersee.de\/index.php?rest_route=\/wp\/v2\/types\/page"}],"author":[{"embeddable":true,"href":"https:\/\/www.gemeinsam-ammersee.de\/index.php?rest_route=\/wp\/v2\/users\/3"}],"replies":[{"embeddable":true,"href":"https:\/\/www.gemeinsam-ammersee.de\/index.php?rest_route=%2Fwp%2Fv2%2Fcomments&post=468"}],"version-history":[{"count":3,"href":"https:\/\/www.gemeinsam-ammersee.de\/index.php?rest_route=\/wp\/v2\/pages\/468\/revisions"}],"predecessor-version":[{"id":496,"href":"https:\/\/www.gemeinsam-ammersee.de\/index.php?rest_route=\/wp\/v2\/pages\/468\/revisions\/496"}],"wp:attachment":[{"href":"https:\/\/www.gemeinsam-ammersee.de\/index.php?rest_route=%2Fwp%2Fv2%2Fmedia&parent=468"}],"curies":[{"name":"wp","href":"https:\/\/api.w.org\/{rel}","templated":true}]}}